{"id":14234,"date":"2016-08-12T13:32:25","date_gmt":"2016-08-12T11:32:25","guid":{"rendered":"http:\/\/www.zpravy.pivovary.info\/?page_id=14234"},"modified":"2018-08-13T13:16:46","modified_gmt":"2018-08-13T11:16:46","slug":"fotoalbum-zameckeho-pivovaru-trebel","status":"publish","type":"page","link":"https:\/\/www.pivovary.info\/?page_id=14234","title":{"rendered":"T\u0159ebel fotoalbum Z\u00e1meck\u00e9ho pivovaru"},"content":{"rendered":"ngg_shortcode_0_placeholder\n<p><script src=\"\/\/pagead2.googlesyndication.com\/pagead\/js\/adsbygoogle.js\" async=\"\"><\/script><br \/>\n <!-- fotoalbum 336x280 --><br \/>\n <ins class=\"adsbygoogle\" style=\"display: inline-block; width: 336px; height: 280px;\" data-ad-client=\"ca-pub-5694300196982120\" data-ad-slot=\"4637278565\"><\/ins><br \/>\n<script>\/\/ <![CDATA[\n(adsbygoogle = window.adsbygoogle || []).push({});\n\/\/ ]]><\/script><\/p>\n","protected":false},"excerpt":{"rendered":"","protected":false},"author":1,"featured_media":47304,"parent":47408,"menu_order":0,"comment_status":"closed","ping_status":"closed","template":"","meta":{"ngg_post_thumbnail":0,"footnotes":""},"class_list":["post-14234","page","type-page","status-publish","has-post-thumbnail","hentry"],"_links":{"self":[{"href":"https:\/\/www.pivovary.info\/index.php?rest_route=\/wp\/v2\/pages\/14234","targetHints":{"allow":["GET"]}}],"collection":[{"href":"https:\/\/www.pivovary.info\/index.php?rest_route=\/wp\/v2\/pages"}],"about":[{"href":"https:\/\/www.pivovary.info\/index.php?rest_route=\/wp\/v2\/types\/page"}],"author":[{"embeddable":true,"href":"https:\/\/www.pivovary.info\/index.php?rest_route=\/wp\/v2\/users\/1"}],"replies":[{"embeddable":true,"href":"https:\/\/www.pivovary.info\/index.php?rest_route=%2Fwp%2Fv2%2Fcomments&post=14234"}],"version-history":[{"count":0,"href":"https:\/\/www.pivovary.info\/index.php?rest_route=\/wp\/v2\/pages\/14234\/revisions"}],"up":[{"embeddable":true,"href":"https:\/\/www.pivovary.info\/index.php?rest_route=\/wp\/v2\/pages\/47408"}],"wp:featuredmedia":[{"embeddable":true,"href":"https:\/\/www.pivovary.info\/index.php?rest_route=\/wp\/v2\/media\/47304"}],"wp:attachment":[{"href":"https:\/\/www.pivovary.info\/index.php?rest_route=%2Fwp%2Fv2%2Fmedia&parent=14234"}],"curies":[{"name":"wp","href":"https:\/\/api.w.org\/{rel}","templated":true}]}}