{"id":29178,"date":"2017-08-08T10:47:23","date_gmt":"2017-08-08T08:47:23","guid":{"rendered":"http:\/\/www.zpravy.pivovary.info\/?page_id=29178"},"modified":"2018-08-13T12:28:44","modified_gmt":"2018-08-13T10:28:44","slug":"fotoalbum-minipivovaru-kynsperk-nad-ohri","status":"publish","type":"page","link":"https:\/\/www.pivovary.info\/?page_id=29178","title":{"rendered":"Kyn\u0161perk nad Oh\u0159\u00ed fotoalbum minipivovaru"},"content":{"rendered":"ngg_shortcode_0_placeholder\n <script async src=\"\/\/pagead2.googlesyndication.com\/pagead\/js\/adsbygoogle.js\"><\/script>\r\n<!-- zpravy -->\r\n<ins class=\"adsbygoogle\"\r\n     style=\"display:block\"\r\n     data-ad-client=\"ca-pub-5694300196982120\"\r\n     data-ad-slot=\"3541247592\"\r\n     data-ad-format=\"auto\"><\/ins>\r\n<script>\r\n(adsbygoogle = window.adsbygoogle || []).push({});\r\n<\/script>\n","protected":false},"excerpt":{"rendered":"","protected":false},"author":1,"featured_media":29179,"parent":47398,"menu_order":0,"comment_status":"closed","ping_status":"closed","template":"","meta":{"ngg_post_thumbnail":0,"footnotes":""},"class_list":["post-29178","page","type-page","status-publish","has-post-thumbnail","hentry"],"_links":{"self":[{"href":"https:\/\/www.pivovary.info\/index.php?rest_route=\/wp\/v2\/pages\/29178","targetHints":{"allow":["GET"]}}],"collection":[{"href":"https:\/\/www.pivovary.info\/index.php?rest_route=\/wp\/v2\/pages"}],"about":[{"href":"https:\/\/www.pivovary.info\/index.php?rest_route=\/wp\/v2\/types\/page"}],"author":[{"embeddable":true,"href":"https:\/\/www.pivovary.info\/index.php?rest_route=\/wp\/v2\/users\/1"}],"replies":[{"embeddable":true,"href":"https:\/\/www.pivovary.info\/index.php?rest_route=%2Fwp%2Fv2%2Fcomments&post=29178"}],"version-history":[{"count":0,"href":"https:\/\/www.pivovary.info\/index.php?rest_route=\/wp\/v2\/pages\/29178\/revisions"}],"up":[{"embeddable":true,"href":"https:\/\/www.pivovary.info\/index.php?rest_route=\/wp\/v2\/pages\/47398"}],"wp:featuredmedia":[{"embeddable":true,"href":"https:\/\/www.pivovary.info\/index.php?rest_route=\/wp\/v2\/media\/29179"}],"wp:attachment":[{"href":"https:\/\/www.pivovary.info\/index.php?rest_route=%2Fwp%2Fv2%2Fmedia&parent=29178"}],"curies":[{"name":"wp","href":"https:\/\/api.w.org\/{rel}","templated":true}]}}