{"id":46345,"date":"2018-07-30T12:50:58","date_gmt":"2018-07-30T10:50:58","guid":{"rendered":"http:\/\/www.zpravy.pivovary.info\/?page_id=46345"},"modified":"2026-01-27T12:23:11","modified_gmt":"2026-01-27T11:23:11","slug":"fotoalbum-pivovaru-2-2","status":"publish","type":"page","link":"https:\/\/www.pivovary.info\/?page_id=46345","title":{"rendered":"C fotoalbum pivovar\u016f"},"content":{"rendered":"<p><a href=\"https:\/\/www.pivovary.info\/?page_id=49424\">Cerhenice pivovar<\/a><br \/>\n<a href=\"https:\/\/www.pivovary.info\/?page_id=80531\">Cerhovice Mayer\u016fv pivovar <\/a><br \/>\n<a href=\"https:\/\/www.pivovary.info\/?page_id=80539\">Cerhovice \u0160illinger\u016fv pivovar <\/a><br \/>\n<a href=\"https:\/\/www.pivovary.info\/?page_id=46345\">Cetviny pivovar<\/a><br \/>\n<a href=\"https:\/\/www.pivovary.info\/?page_id=84963\">C\u00edrkvice pivovar<\/a><br \/>\n<a href=\"https:\/\/www.pivovary.info\/?page_id=49451\">C\u00edtoliby pivovar<\/a><br \/>\n<a href=\"https:\/\/www.pivovary.info\/?page_id=37215\">Ctin\u011bves Pod\u0159ipsk\u00fd minipivovar<\/a><br \/>\n<a href=\"https:\/\/www.pivovary.info\/?page_id=20700\">Cvikov minipivovar<\/a><\/p>\n","protected":false},"excerpt":{"rendered":"<p>Cerhenice pivovar Cerhovice Mayer\u016fv pivovar Cerhovice \u0160illinger\u016fv pivovar Cetviny pivovar C\u00edrkvice pivovar C\u00edtoliby pivovar Ctin\u011bves Pod\u0159ipsk\u00fd minipivovar Cvikov minipivovar<\/p>\n","protected":false},"author":1,"featured_media":46347,"parent":6458,"menu_order":0,"comment_status":"open","ping_status":"closed","template":"","meta":{"ngg_post_thumbnail":0,"footnotes":""},"class_list":["post-46345","page","type-page","status-publish","has-post-thumbnail","hentry"],"_links":{"self":[{"href":"https:\/\/www.pivovary.info\/index.php?rest_route=\/wp\/v2\/pages\/46345","targetHints":{"allow":["GET"]}}],"collection":[{"href":"https:\/\/www.pivovary.info\/index.php?rest_route=\/wp\/v2\/pages"}],"about":[{"href":"https:\/\/www.pivovary.info\/index.php?rest_route=\/wp\/v2\/types\/page"}],"author":[{"embeddable":true,"href":"https:\/\/www.pivovary.info\/index.php?rest_route=\/wp\/v2\/users\/1"}],"replies":[{"embeddable":true,"href":"https:\/\/www.pivovary.info\/index.php?rest_route=%2Fwp%2Fv2%2Fcomments&post=46345"}],"version-history":[{"count":0,"href":"https:\/\/www.pivovary.info\/index.php?rest_route=\/wp\/v2\/pages\/46345\/revisions"}],"up":[{"embeddable":true,"href":"https:\/\/www.pivovary.info\/index.php?rest_route=\/wp\/v2\/pages\/6458"}],"wp:featuredmedia":[{"embeddable":true,"href":"https:\/\/www.pivovary.info\/index.php?rest_route=\/wp\/v2\/media\/46347"}],"wp:attachment":[{"href":"https:\/\/www.pivovary.info\/index.php?rest_route=%2Fwp%2Fv2%2Fmedia&parent=46345"}],"curies":[{"name":"wp","href":"https:\/\/api.w.org\/{rel}","templated":true}]}}