{"id":46496,"date":"2018-08-02T10:38:50","date_gmt":"2018-08-02T08:38:50","guid":{"rendered":"http:\/\/www.zpravy.pivovary.info\/?page_id=46496"},"modified":"2026-04-13T08:26:38","modified_gmt":"2026-04-13T06:26:38","slug":"fotoalbum-pivovaru-2-3","status":"publish","type":"page","link":"https:\/\/www.pivovary.info\/?page_id=46496","title":{"rendered":"O fotoalbum pivovar\u016f"},"content":{"rendered":"<p><a href=\"https:\/\/www.pivovary.info\/?page_id=21042\">Obora minipivovar<\/a><br \/>\n<a href=\"https:\/\/www.pivovary.info\/?page_id=121954\">Obora u Ostrom\u011b\u0159e pivovar<\/a><br \/>\n<a href=\"https:\/\/www.pivovary.info\/?page_id=84986\">Ob\u0159\u00edstv\u00ed pivovar<\/a><br \/>\n<a href=\"https:\/\/www.pivovary.info\/?page_id=67236\">Odolena Voda pivovar<\/a><br \/>\n<a href=\"https:\/\/www.pivovary.info\/?page_id=67250\">Odry M\u011b\u0161\u0165ansk\u00fd pivovar <\/a><br \/>\n<a href=\"https:\/\/www.pivovary.info\/?page_id=14169\">Odry Pansk\u00fd pivovar<\/a><br \/>\n<a href=\"https:\/\/www.pivovary.info\/?page_id=196915\">Odry-Poho\u0159 minipivovar Ko\u0159en\u00e1\u010d<\/a><br \/>\n<a href=\"https:\/\/www.pivovary.info\/?page_id=135268\">Ohrazenice minipivovar Fenik<\/a><br \/>\n<a href=\"https:\/\/www.pivovary.info\/?page_id=59016\">Ole\u0161n\u00e1 minipivovar<\/a><br \/>\n<a href=\"https:\/\/www.pivovary.info\/?page_id=154062\">Ole\u0161nice minipivovar Bejval<\/a><br \/>\n<a href=\"https:\/\/www.pivovary.info\/?page_id=78837\">Ole\u0161nice u Byst\u0159ice nad Pern\u0161tejnem pivovar<\/a><br \/>\n<a href=\"https:\/\/www.pivovary.info\/?page_id=70161\">Ole\u0161nice v Orlick\u00fdch hor\u00e1ch minipivovar Agent<\/a><br \/>\n<a href=\"https:\/\/www.pivovary.info\/?page_id=78852\">Ole\u0161nice v Orlick\u00fdch hor\u00e1ch pivovar<\/a><br \/>\n<a href=\"https:\/\/www.pivovary.info\/?page_id=33465\">Olomouc Han\u00e1ck\u00fd minipivovar<\/a><br \/>\n<a href=\"https:\/\/www.pivovary.info\/?page_id=85219\">Olomouc minipivovar Buch\u0165\u00e1k<\/a><br \/>\n<a href=\"https:\/\/www.pivovary.info\/?page_id=22176\">Olomouc minipivovar Chomout<\/a><br \/>\n<a href=\"https:\/\/www.pivovary.info\/?page_id=30154\">Olomouc minipivovar Moritz<\/a><br \/>\n<a href=\"https:\/\/www.pivovary.info\/?page_id=26638\">Olomouc minipivovar Riegrovka<\/a><br \/>\n<a href=\"https:\/\/www.pivovary.info\/?page_id=35432\">Olomouc minipivovar Svatov\u00e1clavsk\u00fd Origin\u00e1l<\/a><br \/>\n<a href=\"https:\/\/www.pivovary.info\/?page_id=140355\">Olomouc minipivovar Twinberg<\/a><br \/>\n<a href=\"https:\/\/www.pivovary.info\/?page_id=63048\">Olomouc M\u011b\u0161\u0165ansk\u00fd pivovar star\u00fd<\/a><br \/>\n<a href=\"https:\/\/www.pivovary.info\/?page_id=39336\">Olomouc Svatokopeck\u00fd minipivovar<\/a><br \/>\n<a href=\"https:\/\/www.pivovary.info\/?page_id=63767\">Olomouc-Hodolany M\u011b\u0161\u0165ansk\u00fd pivovar nov\u00fd<\/a><br \/>\n<a href=\"https:\/\/www.pivovary.info\/?page_id=63887\">Olomouc-Holice pivovar<\/a><br \/>\n<a href=\"https:\/\/www.pivovary.info\/?page_id=80994\">Olovnice pivovar<\/a><br \/>\n<a href=\"https:\/\/www.pivovary.info\/?page_id=10223\">Opava minipivovar Nov\u00e1 sladovna<\/a><br \/>\n<a href=\"https:\/\/www.pivovary.info\/?page_id=6867\">Opava minipivovar Pansk\u00fd ml\u00fdn<\/a><br \/>\n<a href=\"https:\/\/www.pivovary.info\/?page_id=68488\">Opava pivovar<\/a><br \/>\n<a href=\"https:\/\/www.pivovary.info\/?page_id=62498\">Opo\u010dno minipivovar Baron<\/a><br \/>\n<a href=\"https:\/\/www.pivovary.info\/?page_id=62089\">Opo\u010dno pivovar<\/a><br \/>\n<a href=\"https:\/\/www.pivovary.info\/?page_id=23521\">Osek nad Be\u010dvou minipivovar Helf<\/a><br \/>\n<a href=\"https:\/\/www.pivovary.info\/?page_id=29387\">Osek u Duchcova minipivovar Orlovsk\u00fd<\/a><br \/>\n<a href=\"https:\/\/www.pivovary.info\/?page_id=29365\">Osek u Duchcova minipivovar Ossegg<\/a><br \/>\n<a href=\"https:\/\/www.pivovary.info\/?page_id=99272\">Osek u Rokycan pivovar<\/a><br \/>\n<a href=\"https:\/\/www.pivovary.info\/?page_id=144558\">Oselce pivovar<\/a><br \/>\n<a href=\"https:\/\/www.pivovary.info\/?page_id=81024\">O\u0161el\u00edn pivovar<\/a><br \/>\n<a href=\"https:\/\/www.pivovary.info\/?page_id=31955\">Oslavany Z\u00e1meck\u00fd minipivovar<\/a><br \/>\n<a href=\"https:\/\/www.pivovary.info\/?page_id=54794\">Ostrava Biskupsk\u00fd a M\u011b\u0161\u0165ansk\u00fd pivovar<\/a><br \/>\n<a href=\"https:\/\/www.pivovary.info\/?page_id=28265\">Ostrava He\u0159manick\u00fd minipivovar<\/a><br \/>\n<a href=\"https:\/\/www.pivovary.info\/?page_id=42636\">Ostrava minipivovar Aero<\/a><br \/>\n<a href=\"https:\/\/www.pivovary.info\/?page_id=25828\">Ostrava minipivovar Garage<\/a><br \/>\n<a href=\"https:\/\/www.pivovary.info\/?page_id=18598\">Ostrava minipivovar Hoppy dog<\/a><br \/>\n<a href=\"https:\/\/www.pivovary.info\/?page_id=58556\">Ostrava minipivovar Medojed<\/a><br \/>\n<a href=\"https:\/\/www.pivovary.info\/?page_id=9002\">Ostrava minipivovar Pivovarsk\u00fd d\u016fm<\/a><br \/>\n<a href=\"https:\/\/www.pivovary.info\/?page_id=63261\">Ostrava minipivovar Troll<\/a><br \/>\n<a href=\"https:\/\/www.pivovary.info\/?page_id=56253\">Ostrava minipivovar \u017d\u00edzniv\u00fd dromed\u00e1r<\/a><br \/>\n<a href=\"https:\/\/www.pivovary.info\/?page_id=43256\">Ostrava pivovar Ostravar<\/a><br \/>\n<a href=\"https:\/\/www.pivovary.info\/?page_id=56317\">Ostrava pivovar Pet\u0159kovice<\/a><br \/>\n<a href=\"https:\/\/www.pivovary.info\/?page_id=14220\">Ostrava pivovar Radvanice<\/a><br \/>\n<a href=\"https:\/\/www.pivovary.info\/?page_id=35567\">Ostrava Starob\u011blsk\u00fd minipivovar<\/a><br \/>\n<a href=\"https:\/\/www.pivovary.info\/?page_id=14201\">Ostrava Strassmann\u016fv pivovar<\/a><br \/>\n<a href=\"https:\/\/www.pivovary.info\/?page_id=26394\">Ostrava Z\u00e1meck\u00fd minipivovar Z\u00e1b\u0159eh<\/a><br \/>\n<a href=\"https:\/\/www.pivovary.info\/?page_id=105879\">Ostrava-Kun\u010dice pivovar<\/a><br \/>\n<a href=\"https:\/\/www.pivovary.info\/?page_id=66753\">Ostrava-Slezsk\u00e1 pivovar<\/a><br \/>\n<a href=\"https:\/\/www.pivovary.info\/?page_id=85008\">Ostrava-Z\u00e1b\u0159eh Pansk\u00fd pivovar<\/a><br \/>\n<a href=\"https:\/\/www.pivovary.info\/?page_id=9610\">Ostravice Beskydsk\u00fd minipivovar<\/a><br \/>\n<a href=\"https:\/\/www.pivovary.info\/?page_id=81003\">Ostrov nad Oh\u0159\u00ed Akciov\u00fd pivovar <\/a><br \/>\n<a href=\"https:\/\/www.pivovary.info\/?page_id=81016\">Ostrov nad Oh\u0159\u00ed Z\u00e1meck\u00fd pivovar <\/a><br \/>\n<a href=\"https:\/\/www.pivovary.info\/?page_id=84994\">Ostrov u Kutn\u00e9 Hory pivovar<\/a><br \/>\n<a href=\"https:\/\/www.pivovary.info\/?page_id=14633\">Ostru\u017en\u00e1 minipivovar Cest\u00e1\u0159<\/a><br \/>\n<a href=\"https:\/\/www.pivovary.info\/?page_id=60146\">Osvra\u010d\u00edn pivovar<\/a><br \/>\n<a href=\"https:\/\/www.pivovary.info\/?page_id=32676\">Otrokovice minipivovar Harley Pub<\/a><br \/>\n<a href=\"https:\/\/www.pivovary.info\/?page_id=64432\">Ov\u010d\u00e1ry pivovar<\/a><\/p>\n","protected":false},"excerpt":{"rendered":"<p>Obora minipivovar Obora u Ostrom\u011b\u0159e pivovar Ob\u0159\u00edstv\u00ed pivovar Odolena Voda pivovar Odry M\u011b\u0161\u0165ansk\u00fd pivovar Odry Pansk\u00fd pivovar Odry-Poho\u0159 minipivovar Ko\u0159en\u00e1\u010d Ohrazenice minipivovar Fenik Ole\u0161n\u00e1 minipivovar Ole\u0161nice minipivovar Bejval Ole\u0161nice u Byst\u0159ice nad Pern\u0161tejnem pivovar&#46;&#46;&#46;<\/p>\n","protected":false},"author":1,"featured_media":42838,"parent":6458,"menu_order":0,"comment_status":"open","ping_status":"closed","template":"","meta":{"ngg_post_thumbnail":0,"footnotes":""},"class_list":["post-46496","page","type-page","status-publish","has-post-thumbnail","hentry"],"_links":{"self":[{"href":"https:\/\/www.pivovary.info\/index.php?rest_route=\/wp\/v2\/pages\/46496","targetHints":{"allow":["GET"]}}],"collection":[{"href":"https:\/\/www.pivovary.info\/index.php?rest_route=\/wp\/v2\/pages"}],"about":[{"href":"https:\/\/www.pivovary.info\/index.php?rest_route=\/wp\/v2\/types\/page"}],"author":[{"embeddable":true,"href":"https:\/\/www.pivovary.info\/index.php?rest_route=\/wp\/v2\/users\/1"}],"replies":[{"embeddable":true,"href":"https:\/\/www.pivovary.info\/index.php?rest_route=%2Fwp%2Fv2%2Fcomments&post=46496"}],"version-history":[{"count":0,"href":"https:\/\/www.pivovary.info\/index.php?rest_route=\/wp\/v2\/pages\/46496\/revisions"}],"up":[{"embeddable":true,"href":"https:\/\/www.pivovary.info\/index.php?rest_route=\/wp\/v2\/pages\/6458"}],"wp:featuredmedia":[{"embeddable":true,"href":"https:\/\/www.pivovary.info\/index.php?rest_route=\/wp\/v2\/media\/42838"}],"wp:attachment":[{"href":"https:\/\/www.pivovary.info\/index.php?rest_route=%2Fwp%2Fv2%2Fmedia&parent=46496"}],"curies":[{"name":"wp","href":"https:\/\/api.w.org\/{rel}","templated":true}]}}