{"id":46500,"date":"2018-08-02T10:55:00","date_gmt":"2018-08-02T08:55:00","guid":{"rendered":"http:\/\/www.zpravy.pivovary.info\/?page_id=46500"},"modified":"2024-07-18T12:19:46","modified_gmt":"2024-07-18T10:19:46","slug":"fotoalbum-pivovaru-3","status":"publish","type":"page","link":"https:\/\/www.pivovary.info\/?page_id=46500","title":{"rendered":"S fotoalbum pivovar\u016f"},"content":{"rendered":"<p><a href=\"https:\/\/www.pivovary.info\/?page_id=82559\">Sadov\u00e1 fotoalbum pivovaru<\/a><br \/>\n<a href=\"https:\/\/www.pivovary.info\/?page_id=57689\">S\u00e1zava fotoalbum Kl\u00e1\u0161tern\u00edho pivovaru<\/a><br \/>\n<a href=\"https:\/\/www.pivovary.info\/?page_id=109350\">Se\u010d fotoalbum minipivovaru Mike\u0161<\/a><br \/>\n<a href=\"https:\/\/www.pivovary.info\/?page_id=10933\">Sedl\u010dany fotoalbum minipivovaru Kr\u010d\u00edn<\/a><br \/>\n<a href=\"https:\/\/www.pivovary.info\/?page_id=28759\">Sedlec fotoalbum minipivovaru V\u00edtek z Pr\u010dice<\/a><br \/>\n<a href=\"https:\/\/www.pivovary.info\/?page_id=52481\">Sedle\u0161ovice fotoalbum minipivovaru U Dyje<\/a><br \/>\n<a href=\"https:\/\/www.pivovary.info\/?page_id=82238\">Sedlnice fotoalbum minipivovaru Olbrew<\/a><br \/>\n<a href=\"https:\/\/www.pivovary.info\/?page_id=82564\">Sedlnice fotoalbum pivovaru<\/a><br \/>\n<a href=\"https:\/\/www.pivovary.info\/?page_id=82571\">Sedmp\u00e1ny fotoalbum pivovaru<\/a><br \/>\n<a href=\"https:\/\/www.pivovary.info\/?page_id=51633\">Semily fotoalbum M\u011b\u0161\u0165ansk\u00e9ho pivovaru<\/a><br \/>\n<a href=\"https:\/\/www.pivovary.info\/?page_id=72465\">Sem\u00edn fotoalbum pivovaru<\/a><br \/>\n<a href=\"https:\/\/www.pivovary.info\/?page_id=51642\">Senomaty fotoalbum pivovaru<\/a><br \/>\n<a href=\"https:\/\/www.pivovary.info\/?page_id=13398\">Sentice fotoalbum minipivovaru Kvasar<\/a><br \/>\n<a href=\"https:\/\/www.pivovary.info\/?page_id=82619\">Sezemice fotoalbum pivovaru<\/a><br \/>\n<a href=\"https:\/\/www.pivovary.info\/?page_id=65395\">Si\u0159em fotoalbum minipivovaru<\/a><br \/>\n<a href=\"https:\/\/www.pivovary.info\/?page_id=87101\">Sivice fotoalbum minipivovaru Beer Daddy<\/a><br \/>\n<a href=\"https:\/\/www.pivovary.info\/?page_id=11732\">Skalice fotoalbum minipivovaru Skalick\u00fd Budul\u00ednek<\/a><br \/>\n<a href=\"https:\/\/www.pivovary.info\/?page_id=133782\">Skaln\u00e1 fotoalbum Pansk\u00e9ho pivovaru<\/a><br \/>\n<a href=\"https:\/\/www.pivovary.info\/?page_id=50017\">Skalsko fotoalbum pivovaru<\/a><br \/>\n<a href=\"https:\/\/www.pivovary.info\/?page_id=89717\">Skrbe\u0148 fotoalbum pivovaru<\/a><br \/>\n<a href=\"https:\/\/www.pivovary.info\/?page_id=80073\">Skupe\u010d fotoalbum pivovaru<\/a><br \/>\n<a href=\"https:\/\/www.pivovary.info\/?page_id=25921\">Slan\u00fd fotoalbum minipivovaru Anto\u0161<\/a><br \/>\n<a href=\"https:\/\/www.pivovary.info\/?page_id=14020\">Slan\u00fd fotoalbum minipivovaru Tov\u00e1rna<\/a><br \/>\n<a href=\"https:\/\/www.pivovary.info\/?page_id=77277\">Slati\u0148any fotoalbum pivovaru<\/a><br \/>\n<a href=\"https:\/\/www.pivovary.info\/?page_id=32318\">Slavi\u010d\u00edn fotoalbum minipivovar Hr\u00e1dek<\/a><br \/>\n<a href=\"https:\/\/www.pivovary.info\/?page_id=82628\">Slavi\u010d\u00edn fotoalbum pivovaru<\/a><br \/>\n<a href=\"https:\/\/www.pivovary.info\/?page_id=85123\">Slavkov fotoalbum Obecn\u00edho pivovaru<\/a><br \/>\n<a href=\"https:\/\/www.pivovary.info\/?page_id=141149\">Slavkov fotoalbum Pansk\u00e9ho pivovaru<\/a><br \/>\n<a href=\"https:\/\/www.pivovary.info\/?page_id=7607\">Slavkov u Brna fotoalbum minipivovaru<\/a><br \/>\n<a href=\"https:\/\/www.pivovary.info\/?page_id=79417\">Slavonice fotoalbum pivovaru Lichwitz\u016fv<\/a><br \/>\n<a href=\"https:\/\/www.pivovary.info\/?page_id=79425\">Slavonice fotoalbum pivovaru Obecn\u00ed<\/a><br \/>\n<a href=\"https:\/\/www.pivovary.info\/?page_id=73275\">Slavo\u0148ov fotoalbum pivovaru<\/a><br \/>\n<a href=\"https:\/\/www.pivovary.info\/?page_id=82633\">Sloupno fotoalbum pivovaru<\/a><br \/>\n<a href=\"https:\/\/www.pivovary.info\/?page_id=71645\">Slu\u0161ovice fotoalbum minipivovar\u016f Bavor a Salvet<\/a><br \/>\n<a href=\"https:\/\/www.pivovary.info\/?page_id=48063\">Sme\u010dno fotoalbum Pansk\u00e9ho pivovaru<\/a><br \/>\n<a href=\"https:\/\/www.pivovary.info\/?page_id=66515\">Smidary fotoalbum pivovaru<\/a><br \/>\n<a href=\"https:\/\/www.pivovary.info\/?page_id=62355\">Smi\u0159ice fotoalbum pivovaru<\/a><br \/>\n<a href=\"https:\/\/www.pivovary.info\/?page_id=82640\">Smolotely fotoalbum pivovaru<\/a><br \/>\n<a href=\"https:\/\/www.pivovary.info\/?page_id=82648\">Sob\u011bchleby fotoalbum pivovaru<\/a><br \/>\n<a href=\"https:\/\/www.pivovary.info\/?page_id=100701\">Sob\u011bslav fotoalbum M\u011b\u0161\u0165ansk\u00e9ho minipivovaru<\/a><br \/>\n<a href=\"https:\/\/www.pivovary.info\/?page_id=70561\">Sob\u011bslav fotoalbum pivovaru<\/a><br \/>\n<a href=\"https:\/\/www.pivovary.info\/?page_id=71192\">Sob\u00ed\u0148ov fotoalbum minipivovaru<\/a><br \/>\n<a href=\"https:\/\/www.pivovary.info\/?page_id=21198\">Sobot\u00edn fotoalbum minipivovaru Albert<\/a><br \/>\n<a href=\"https:\/\/www.pivovary.info\/?page_id=14187\">Sokolnice fotoalbum Pansk\u00e9ho minipivovaru<\/a><br \/>\n<a href=\"https:\/\/www.pivovary.info\/?page_id=26487\">Sokolov fotoalbum minipivovaru Permon<\/a><br \/>\n<a href=\"https:\/\/www.pivovary.info\/?page_id=86391\">Sokolov fotoalbum pivovaru M\u011b\u0161\u0165ansk\u00fd<\/a><br \/>\n<a href=\"https:\/\/www.pivovary.info\/?page_id=86399\">Sokolov fotoalbum pivovaru Pansk\u00fd<\/a><br \/>\n<a href=\"https:\/\/www.pivovary.info\/?page_id=86993\">Solnice fotoalbum pivovaru<\/a><br \/>\n<a href=\"https:\/\/www.pivovary.info\/?page_id=165605\">Sosnov\u00e1 fotoalbum minipivovaru 66<\/a><br \/>\n<a href=\"https:\/\/www.pivovary.info\/?page_id=105765\">Soutice fotoalbum pivovaru<\/a><br \/>\n<a href=\"https:\/\/www.pivovary.info\/?page_id=82647\">Sp\u00e1len\u00e9 Po\u0159\u00ed\u010d\u00ed fotoalbum pivovaru<\/a><br \/>\n<a href=\"https:\/\/www.pivovary.info\/?page_id=76148\">Srbe\u010d fotoalbum pivovaru<\/a><br \/>\n<a href=\"https:\/\/www.pivovary.info\/?page_id=45401\">Srbsko fotoalbum minipivovaru Srbeck\u00fd lok<\/a><br \/>\n<a href=\"https:\/\/www.pivovary.info\/?page_id=14226\">Srl\u00edn fotoalbum Z\u00e1meck\u00e9ho pivovaru<\/a><br \/>\n<a href=\"https:\/\/www.pivovary.info\/?page_id=29999\">Srn\u00ed fotoalbum minipivovaru<\/a><br \/>\n<a href=\"https:\/\/www.pivovary.info\/?page_id=53831\">Sta\u0148kov fotoalbum M\u011b\u0161\u0165ansk\u00e9ho a Pansk\u00e9ho pivovaru<\/a><br \/>\n<a href=\"https:\/\/www.pivovary.info\/?page_id=131776\">Star\u00e1 Boleslav fotoalbum pivovaru<\/a><br \/>\n<a href=\"https:\/\/www.pivovary.info\/?page_id=101147\">Star\u00e1 Paka fotoalbum minipivovaru Anton\u00edn<\/a><br \/>\n<a href=\"https:\/\/www.pivovary.info\/?page_id=78975\">Star\u00e9 Hobz\u00ed fotoalbum pivovaru<\/a><br \/>\n<a href=\"https:\/\/www.pivovary.info\/?page_id=66523\">Star\u00e9 M\u011bsto pod Land\u0161tejnem fotoalbum pivovaru<\/a><br \/>\n<a href=\"https:\/\/www.pivovary.info\/?page_id=73915\">Star\u00e9 Mitrovice fotoalbum pivovaru<\/a><br \/>\n<a href=\"https:\/\/www.pivovary.info\/?page_id=56079\">Star\u00e9 Sedli\u0161t\u011b fotoalbum M\u011bstsk\u00e9ho pivovaru<\/a><br \/>\n<a href=\"https:\/\/www.pivovary.info\/?page_id=56086\">Star\u00e9 Sedli\u0161t\u011b fotoalbum Pansk\u00e9ho pivovaru<\/a><br \/>\n<a href=\"https:\/\/www.pivovary.info\/?page_id=126109\">Starosedlsk\u00fd Hr\u00e1dek fotoalbum pivovaru<\/a><br \/>\n<a href=\"https:\/\/www.pivovary.info\/?page_id=62879\">Star\u00fd Ji\u010d\u00edn fotoalbum pivovaru<\/a><br \/>\n<a href=\"https:\/\/www.pivovary.info\/?page_id=39268\">Star\u00fd Kol\u00edn fotoalbum minipivovaru<\/a><br \/>\n<a href=\"https:\/\/www.pivovary.info\/?page_id=52825\">Star\u00fd Plzenec fotoalbum pivovaru<\/a><br \/>\n<a href=\"https:\/\/www.pivovary.info\/?page_id=80065\">Statenice fotoalbum Z\u00e1meck\u00e9ho pivovaru<\/a><br \/>\n<a href=\"https:\/\/www.pivovary.info\/?page_id=62577\">St\u011bbo\u0159ice fotoalbum pivovaru<\/a><br \/>\n<a href=\"https:\/\/www.pivovary.info\/?page_id=49849\">Stehel\u010deves fotoalbum pivovaru<\/a><br \/>\n<a href=\"https:\/\/www.pivovary.info\/?page_id=56293\">St\u011b\u017eery fotoalbum minipivovaru Ber\u00e1nek<\/a><br \/>\n<a href=\"https:\/\/www.pivovary.info\/?page_id=73409\">Stod fotoalbum pivovaru Akciov\u00fd<\/a><br \/>\n<a href=\"https:\/\/www.pivovary.info\/?page_id=73420\">Stod fotoalbum pivovaru M\u011b\u0161\u0165ansk\u00fd<\/a><br \/>\n<a href=\"https:\/\/www.pivovary.info\/?page_id=122934\">Strakonice fotoalbum Minipivovaru Ha\u010f\u00e1k<\/a><br \/>\n<a href=\"https:\/\/www.pivovary.info\/?page_id=2959\">Strakonice fotoalbum pivovaru Dud\u00e1k<\/a><br \/>\n<a href=\"https:\/\/www.pivovary.info\/?page_id=78610\">Strakonice fotoalbum pivovaru Pansk\u00fd<\/a><br \/>\n<a href=\"https:\/\/www.pivovary.info\/?page_id=67226\">Stran\u010dice fotoalbum pivovaru<\/a><br \/>\n<a href=\"https:\/\/www.pivovary.info\/?page_id=115594\">Str\u00e1\u017e nad Ne\u017e\u00e1rkou fotoalbum minipivovaru<\/a><br \/>\n<a href=\"https:\/\/www.pivovary.info\/?page_id=124098\">Str\u00e1\u017e nad Ne\u017e\u00e1rkou fotoalbum pivovaru<\/a><br \/>\n<a href=\"https:\/\/www.pivovary.info\/?page_id=32799\">Str\u00e1\u017en\u00e9 fotoalbum minipivovaru Friesovy Boudy<\/a><br \/>\n<a href=\"https:\/\/www.pivovary.info\/?page_id=101376\">Str\u00e1\u017enice fotoalbum minipivovaru Slavjan<\/a><br \/>\n<a href=\"https:\/\/www.pivovary.info\/?page_id=74634\">Str\u00e1\u017enice fotoalbum pivovaru<\/a><br \/>\n<a href=\"https:\/\/www.pivovary.info\/?page_id=120466\">St\u0159elsk\u00e9 Ho\u0161tice fotoalbum pivovaru<\/a><br \/>\n<a href=\"https:\/\/www.pivovary.info\/?page_id=95484\">St\u0159\u00edbro fotoalbum minipivovaru U Rybi\u010dek<\/a><br \/>\n<a href=\"https:\/\/www.pivovary.info\/?page_id=62928\">St\u0159\u00edbro fotoalbum pivovaru M\u011b\u0161\u0165ansk\u00fd<\/a><br \/>\n<a href=\"https:\/\/www.pivovary.info\/?page_id=22345\">St\u0159\u00edte\u017e fotoalbum minipivovaru Radas<\/a><br \/>\n<a href=\"https:\/\/www.pivovary.info\/?page_id=82825\">St\u0159\u00edte\u017e u Jihlavy fotoalbum pivovaru<\/a><br \/>\n<a href=\"https:\/\/www.pivovary.info\/?page_id=85871\">St\u0159\u00ed\u017ekov fotoalbum pivovaru<\/a><br \/>\n<a href=\"https:\/\/www.pivovary.info\/?page_id=29806\">St\u0159\u00ed\u017eovice fotoalbum minipivovaru Ml\u00fdn<\/a><br \/>\n<a href=\"https:\/\/www.pivovary.info\/?page_id=66658\">Strmilov fotoalbum pivovaru<\/a><br \/>\n<a href=\"https:\/\/www.pivovary.info\/?page_id=60915\">Studen\u00e1 fotoalbum pivovaru<\/a><br \/>\n<a href=\"https:\/\/www.pivovary.info\/?page_id=28191\">Stud\u00e9nka fotoalbum minipivovaru Dejf<\/a><br \/>\n<a href=\"https:\/\/www.pivovary.info\/?page_id=51605\">Suchomasty fotoalbum pivovaru<\/a><br \/>\n<a href=\"https:\/\/www.pivovary.info\/?page_id=45984\">Su\u0161ice fotoalbum M\u011b\u0161\u0165ansk\u00e9ho pivovaru<\/a><br \/>\n<a href=\"https:\/\/www.pivovary.info\/?page_id=31491\">Su\u0161ice fotoalbum minipivovaru U \u0160velch\u016f<\/a><br \/>\n<a href=\"https:\/\/www.pivovary.info\/?page_id=13492\">Svachova Lhotka fotoalbum minipivovaru Glokner<\/a><br \/>\n<a href=\"https:\/\/www.pivovary.info\/?page_id=126117\">Svat\u00fd Jan pod Skalou fotoalbum pivovaru<\/a><br \/>\n<a href=\"https:\/\/www.pivovary.info\/?page_id=75326\">Svijany fotoalbum pivovaru<\/a><br \/>\n<a href=\"https:\/\/www.pivovary.info\/?page_id=99496\">Svinn\u00e1 fotoalbum pivovaru<\/a><br \/>\n<a href=\"https:\/\/www.pivovary.info\/?page_id=29075\">Svitavy fotoalbum minipivovaru Na kope\u010dku<\/a><br \/>\n<a href=\"https:\/\/www.pivovary.info\/?page_id=62643\">Svitavy fotoalbum pivovaru<\/a><br \/>\n<a href=\"https:\/\/www.pivovary.info\/?page_id=67076\">Svitavy-L\u00e1ny fotoalbum pivovaru<\/a><br \/>\n<a href=\"https:\/\/www.pivovary.info\/?page_id=85289\">Svojanov fotoalbum pivovaru<\/a><br \/>\n<a href=\"https:\/\/www.pivovary.info\/?page_id=82841\">Svoj\u0161ice fotoalbum pivovaru<\/a><br \/>\n<a href=\"https:\/\/www.pivovary.info\/?page_id=33034\">Syrov\u00edn fotoalbum minipivovaru Syrovar<\/a><\/p>\n","protected":false},"excerpt":{"rendered":"<p>Sadov\u00e1 fotoalbum pivovaru S\u00e1zava fotoalbum Kl\u00e1\u0161tern\u00edho pivovaru Se\u010d fotoalbum minipivovaru Mike\u0161 Sedl\u010dany fotoalbum minipivovaru Kr\u010d\u00edn Sedlec fotoalbum minipivovaru V\u00edtek z Pr\u010dice Sedle\u0161ovice fotoalbum minipivovaru U Dyje Sedlnice fotoalbum minipivovaru Olbrew Sedlnice fotoalbum pivovaru Sedmp\u00e1ny&#46;&#46;&#46;<\/p>\n","protected":false},"author":1,"featured_media":45986,"parent":6458,"menu_order":0,"comment_status":"open","ping_status":"closed","template":"","meta":{"ngg_post_thumbnail":0,"footnotes":""},"class_list":["post-46500","page","type-page","status-publish","has-post-thumbnail","hentry"],"_links":{"self":[{"href":"https:\/\/www.pivovary.info\/index.php?rest_route=\/wp\/v2\/pages\/46500","targetHints":{"allow":["GET"]}}],"collection":[{"href":"https:\/\/www.pivovary.info\/index.php?rest_route=\/wp\/v2\/pages"}],"about":[{"href":"https:\/\/www.pivovary.info\/index.php?rest_route=\/wp\/v2\/types\/page"}],"author":[{"embeddable":true,"href":"https:\/\/www.pivovary.info\/index.php?rest_route=\/wp\/v2\/users\/1"}],"replies":[{"embeddable":true,"href":"https:\/\/www.pivovary.info\/index.php?rest_route=%2Fwp%2Fv2%2Fcomments&post=46500"}],"version-history":[{"count":0,"href":"https:\/\/www.pivovary.info\/index.php?rest_route=\/wp\/v2\/pages\/46500\/revisions"}],"up":[{"embeddable":true,"href":"https:\/\/www.pivovary.info\/index.php?rest_route=\/wp\/v2\/pages\/6458"}],"wp:featuredmedia":[{"embeddable":true,"href":"https:\/\/www.pivovary.info\/index.php?rest_route=\/wp\/v2\/media\/45986"}],"wp:attachment":[{"href":"https:\/\/www.pivovary.info\/index.php?rest_route=%2Fwp%2Fv2%2Fmedia&parent=46500"}],"curies":[{"name":"wp","href":"https:\/\/api.w.org\/{rel}","templated":true}]}}