{"id":46505,"date":"2018-08-02T11:11:30","date_gmt":"2018-08-02T09:11:30","guid":{"rendered":"http:\/\/www.zpravy.pivovary.info\/?page_id=46505"},"modified":"2025-12-18T08:19:26","modified_gmt":"2025-12-18T07:19:26","slug":"fotoalbum-pivovaru-5","status":"publish","type":"page","link":"https:\/\/www.pivovary.info\/?page_id=46505","title":{"rendered":"N fotoalbum pivovar\u016f"},"content":{"rendered":"<p><a href=\"https:\/\/www.pivovary.info\/?page_id=70005\">Na\u010deradec pivovar<\/a><br \/>\n<a href=\"https:\/\/www.pivovary.info\/?page_id=71376\">N\u00e1chod pivovar<\/a><br \/>\n<a href=\"https:\/\/www.pivovary.info\/?page_id=120539\">Nal\u017eovsk\u00e9 Hory pivovar<\/a><br \/>\n<a href=\"https:\/\/www.pivovary.info\/?page_id=16410\">N\u00e1m\u011b\u0161\u0165 na Han\u00e9 minipivovar Jadrn\u00ed\u010dek<\/a><br \/>\n<a href=\"https:\/\/www.pivovary.info\/?page_id=84725\">N\u00e1m\u011b\u0161\u0165 na Han\u00e9 N\u00e1m\u011b\u0161\u0165sk\u00fd minipivovar<\/a><br \/>\n<a href=\"https:\/\/www.pivovary.info\/?page_id=69287\">N\u00e1m\u011b\u0161\u0165 na Han\u00e9 Pansk\u00fd pivovar<\/a><br \/>\n<a href=\"https:\/\/www.pivovary.info\/?page_id=69295\">N\u00e1m\u011b\u0161\u0165 na Han\u00e9 Z\u00e1meck\u00fd pivovar<\/a><br \/>\n<a href=\"https:\/\/www.pivovary.info\/?page_id=52717\">N\u00e1m\u011b\u0161\u0165 nad Oslavou pivovar<\/a><br \/>\n<a href=\"https:\/\/www.pivovary.info\/?page_id=37677\">Napajedla minipivovar Chmelnice<\/a><br \/>\n<a href=\"https:\/\/www.pivovary.info\/?page_id=82796\">Napajedla pivovar<\/a><br \/>\n<a href=\"https:\/\/www.pivovary.info\/?page_id=52442\">Nasavrky pivovar<\/a><br \/>\n<a href=\"https:\/\/www.pivovary.info\/?page_id=134770\">N\u00e1varov pivovar<\/a><br \/>\n<a href=\"https:\/\/www.pivovary.info\/?page_id=76513\">Ne\u010dtiny M\u011b\u0161\u0165ansk\u00fd pivovar <\/a><br \/>\n<a href=\"https:\/\/www.pivovary.info\/?page_id=69530\">Nekm\u00ed\u0159 pivovar<\/a><br \/>\n<a href=\"https:\/\/www.pivovary.info\/?page_id=86771\">N\u011bm\u010dice minipivovar \u0160vihov<\/a><br \/>\n<a href=\"https:\/\/www.pivovary.info\/?page_id=76337\">N\u011bm\u010dice nad Hanou minipivovar<\/a><br \/>\n<a href=\"https:\/\/www.pivovary.info\/?page_id=49977\">Nepomuk Daner\u016fv pivovar<\/a><br \/>\n<a href=\"https:\/\/www.pivovary.info\/?page_id=56743\">Nepomuk minipivovar Zlat\u00e1 kr\u00e1va<\/a><br \/>\n<a href=\"https:\/\/www.pivovary.info\/?page_id=87330\">Nepomuk Turk\u016fv pivovar<\/a><br \/>\n<a href=\"https:\/\/www.pivovary.info\/?page_id=37022\">Neratov fotoalbum minipivovaru<\/a><br \/>\n<a href=\"https:\/\/www.pivovary.info\/?page_id=12917\">Neratovice-Ml\u00e9kojedy minipivovar Kaberna<\/a><br \/>\n<a href=\"https:\/\/www.pivovary.info\/?page_id=79409\">Netolice pivovar<\/a><br \/>\n<a href=\"https:\/\/www.pivovary.info\/?page_id=77116\">Neuberk pivovar<\/a><br \/>\n<a href=\"https:\/\/www.pivovary.info\/?page_id=82804\">Neustupov fotoalbum pivovaru<\/a><br \/>\n<a href=\"https:\/\/www.pivovary.info\/?page_id=15240\">Nivy minipivovar Star\u00fd hrad<\/a><br \/>\n<a href=\"https:\/\/www.pivovary.info\/?page_id=71927\">Ni\u017ebor pivovar<\/a><br \/>\n<a href=\"https:\/\/www.pivovary.info\/?page_id=46052\">No\u0161ovice pivovar Radegast<\/a><br \/>\n<a href=\"https:\/\/www.pivovary.info\/?page_id=45072\">Nov\u00e1 Byst\u0159ice minipivovar<\/a><br \/>\n<a href=\"https:\/\/www.pivovary.info\/?page_id=73198\">Nov\u00e1 Byst\u0159ice pivovar<\/a><br \/>\n<a href=\"https:\/\/www.pivovary.info\/?page_id=30630\">Nov\u00e1 Paka pivovar<\/a><br \/>\n<a href=\"https:\/\/www.pivovary.info\/?page_id=88106\">Nov\u00e1 \u0158\u00ed\u0161e Kl\u00e1\u0161tern\u00ed pivovar<\/a><br \/>\n<a href=\"https:\/\/www.pivovary.info\/?page_id=88099\">Nov\u00e1 \u0158\u00ed\u0161e Obecn\u00ed pivovar<\/a><br \/>\n<a href=\"https:\/\/www.pivovary.info\/?page_id=47837\">Nov\u00e1 V\u010delnice pivovar<\/a><br \/>\n<a href=\"https:\/\/www.pivovary.info\/?page_id=88112\">Nov\u00e1 Ves u Liberce pivovar<\/a><br \/>\n<a href=\"https:\/\/www.pivovary.info\/?page_id=143233\">Nov\u00e9 Hrady Hradn\u00ed pivovar<\/a><br \/>\n<a href=\"https:\/\/www.pivovary.info\/?page_id=143612\">Nov\u00e9 Hrady M\u011b\u0161\u0165ansk\u00fd pivovar<\/a><br \/>\n<a href=\"https:\/\/www.pivovary.info\/?page_id=45727\">Nov\u00e9 Hrady minipivovar Zevl\u016fv ml\u00fdn<\/a><br \/>\n<a href=\"https:\/\/www.pivovary.info\/?page_id=14135\">Nov\u00e9 Hrady pivovar<\/a><br \/>\n<a href=\"https:\/\/www.pivovary.info\/?page_id=80201\">Nov\u00e9 M\u011bsto na Morav\u011b Obecn\u00ed pivovar <\/a><br \/>\n<a href=\"https:\/\/www.pivovary.info\/?page_id=76809\">Nov\u00e9 M\u011bsto na Morav\u011b Pansk\u00fd pivovar<\/a><br \/>\n<a href=\"https:\/\/www.pivovary.info\/?page_id=59702\">Nov\u00e9 M\u011bsto na Morav\u011b minipivovar Hejkal<\/a><br \/>\n<a href=\"https:\/\/www.pivovary.info\/?page_id=74392\">Nov\u00e9 M\u011bsto nad Metuj\u00ed Z\u00e1meck\u00fd pivovar<\/a><br \/>\n<a href=\"https:\/\/www.pivovary.info\/?page_id=124994\">Nov\u00e9 Sedli\u0161t\u011b pivovar<\/a><br \/>\n<a href=\"https:\/\/www.pivovary.info\/?page_id=88127\">Nov\u00e9 Sedlo nad B\u00edlinou pivovar<\/a><br \/>\n<a href=\"https:\/\/www.pivovary.info\/?page_id=78666\">Nov\u00e9 Stra\u0161ec\u00ed pivovar<\/a><br \/>\n<a href=\"https:\/\/www.pivovary.info\/?page_id=88120\">Nov\u00e9 Syrovice pivovar<\/a><br \/>\n<a href=\"https:\/\/www.pivovary.info\/?page_id=124903\">Nov\u00fd Ber\u0161tejn pivovar<\/a><br \/>\n<a href=\"https:\/\/www.pivovary.info\/?page_id=70456\">Nov\u00fd Bor minipivovar Born<\/a><br \/>\n<a href=\"https:\/\/www.pivovary.info\/?page_id=124891\">Nov\u00fd Byd\u017eov M\u011b\u0161\u0165ansk\u00fd pivovar<\/a><br \/>\n<a href=\"https:\/\/www.pivovary.info\/?page_id=62321\">Nov\u00fd Byd\u017eov pivovar<\/a><br \/>\n<a href=\"https:\/\/www.pivovary.info\/?page_id=125007\">Nov\u00fd Dv\u016fr (Pavlov) pivovar<\/a><br \/>\n<a href=\"https:\/\/www.pivovary.info\/?page_id=104736\">Nov\u00fd Ji\u010d\u00edn M\u011b\u0161\u0165ansk\u00fd pivovar<\/a><br \/>\n<a href=\"https:\/\/www.pivovary.info\/?page_id=68785\">Nov\u00fd Kn\u00edn M\u011b\u0161\u0165ansk\u00fd pivovar<\/a><br \/>\n<a href=\"https:\/\/www.pivovary.info\/?page_id=36377\">Nov\u00fd Rybn\u00edk minipivovar Ba\u0161t\u00fd\u0159<\/a><br \/>\n<a href=\"https:\/\/www.pivovary.info\/?page_id=6720\">Nupaky minipivovar Gwern<\/a><br \/>\n<a href=\"https:\/\/www.pivovary.info\/?page_id=62525\">Nymburk minipivovar IndustryBeer<\/a><br \/>\n<a href=\"https:\/\/www.pivovary.info\/?page_id=127652\">Nymburk minipivovar BiyrLab<\/a><br \/>\n<a href=\"https:\/\/www.pivovary.info\/?page_id=75176\">Nymburk pivovar<\/a><\/p>\n","protected":false},"excerpt":{"rendered":"<p>Na\u010deradec pivovar N\u00e1chod pivovar Nal\u017eovsk\u00e9 Hory pivovar N\u00e1m\u011b\u0161\u0165 na Han\u00e9 minipivovar Jadrn\u00ed\u010dek N\u00e1m\u011b\u0161\u0165 na Han\u00e9 N\u00e1m\u011b\u0161\u0165sk\u00fd minipivovar N\u00e1m\u011b\u0161\u0165 na Han\u00e9 Pansk\u00fd pivovar N\u00e1m\u011b\u0161\u0165 na Han\u00e9 Z\u00e1meck\u00fd pivovar N\u00e1m\u011b\u0161\u0165 nad Oslavou pivovar Napajedla minipivovar Chmelnice&#46;&#46;&#46;<\/p>\n","protected":false},"author":1,"featured_media":0,"parent":6458,"menu_order":0,"comment_status":"open","ping_status":"closed","template":"","meta":{"ngg_post_thumbnail":0,"footnotes":""},"class_list":["post-46505","page","type-page","status-publish","hentry"],"_links":{"self":[{"href":"https:\/\/www.pivovary.info\/index.php?rest_route=\/wp\/v2\/pages\/46505","targetHints":{"allow":["GET"]}}],"collection":[{"href":"https:\/\/www.pivovary.info\/index.php?rest_route=\/wp\/v2\/pages"}],"about":[{"href":"https:\/\/www.pivovary.info\/index.php?rest_route=\/wp\/v2\/types\/page"}],"author":[{"embeddable":true,"href":"https:\/\/www.pivovary.info\/index.php?rest_route=\/wp\/v2\/users\/1"}],"replies":[{"embeddable":true,"href":"https:\/\/www.pivovary.info\/index.php?rest_route=%2Fwp%2Fv2%2Fcomments&post=46505"}],"version-history":[{"count":0,"href":"https:\/\/www.pivovary.info\/index.php?rest_route=\/wp\/v2\/pages\/46505\/revisions"}],"up":[{"embeddable":true,"href":"https:\/\/www.pivovary.info\/index.php?rest_route=\/wp\/v2\/pages\/6458"}],"wp:attachment":[{"href":"https:\/\/www.pivovary.info\/index.php?rest_route=%2Fwp%2Fv2%2Fmedia&parent=46505"}],"curies":[{"name":"wp","href":"https:\/\/api.w.org\/{rel}","templated":true}]}}