{"id":46507,"date":"2018-08-02T11:13:14","date_gmt":"2018-08-02T09:13:14","guid":{"rendered":"http:\/\/www.zpravy.pivovary.info\/?page_id=46507"},"modified":"2025-10-24T12:47:58","modified_gmt":"2025-10-24T10:47:58","slug":"fotoalbum-pivovaru-6","status":"publish","type":"page","link":"https:\/\/www.pivovary.info\/?page_id=46507","title":{"rendered":"CH fotoalbum pivovar\u016f"},"content":{"rendered":"<p><a href=\"https:\/\/www.pivovary.info\/?page_id=85700\">Cheb Adler\u016fv pivovar<\/a><br \/>\n<a href=\"https:\/\/www.pivovary.info\/?page_id=63542\">Cheb Akciov\u00fd pivovar<\/a><br \/>\n<a href=\"https:\/\/www.pivovary.info\/?page_id=85709\">Cheb Bartel\u016fv pivovar<\/a><br \/>\n<a href=\"https:\/\/www.pivovary.info\/?page_id=85716\">Cheb Dominik\u00e1nsk\u00fd pivovar<\/a><br \/>\n<a href=\"https:\/\/www.pivovary.info\/?page_id=85722\">Cheb Karg\u016fv pivovar<\/a><br \/>\n<a href=\"https:\/\/www.pivovary.info\/?page_id=85731\">Cheb Kramling\u016fv pivovar<\/a><br \/>\n<a href=\"https:\/\/www.pivovary.info\/?page_id=85738\">Cheb K\u0159\u00ed\u017eovnick\u00fd pivovar<\/a><br \/>\n<a href=\"https:\/\/www.pivovary.info\/?page_id=15158\">Cheb minipivovar<\/a><br \/>\n<a href=\"https:\/\/www.pivovary.info\/?page_id=101272\">Cheb minipivovar Pivn\u00ed skaut<\/a><br \/>\n<a href=\"https:\/\/www.pivovary.info\/?page_id=86016\">Cheb pivovar Grillmayer<\/a><br \/>\n<a href=\"https:\/\/www.pivovary.info\/?page_id=86028\">Cheb pivovar Mayer<\/a><br \/>\n<a href=\"https:\/\/www.pivovary.info\/?page_id=63598\">Cheb M\u011b\u0161\u0165ansk\u00fd pivovar<\/a><br \/>\n<a href=\"https:\/\/www.pivovary.info\/?page_id=64500\">Cheb pivovar Spr\u00f6ten<\/a><br \/>\n<a href=\"https:\/\/www.pivovary.info\/?page_id=85745\">Cheb pivovar Sv.Kl\u00e1ry<\/a><br \/>\n<a href=\"https:\/\/www.pivovary.info\/?page_id=86022\">Cheb pivovar Wildner<\/a><br \/>\n<a href=\"https:\/\/www.pivovary.info\/?page_id=80153\">Chlum u Hlinska pivovar<\/a><br \/>\n<a href=\"https:\/\/www.pivovary.info\/?page_id=131052\">Chlum u T\u0159ebon\u011b pivovar<\/a><br \/>\n<a href=\"https:\/\/www.pivovary.info\/?page_id=16819\">Chlumec nad Cidlinou minipivovar U Vack\u016f<\/a><br \/>\n<a href=\"https:\/\/www.pivovary.info\/?page_id=73049\">Chlumec nad Cidlinou pivovar<\/a><br \/>\n<a href=\"https:\/\/www.pivovary.info\/?page_id=72171\">Chlumec u \u00dast\u00ed nad Labem pivovar<\/a><br \/>\n<a href=\"https:\/\/www.pivovary.info\/?page_id=99726\">Choce\u0148 minipivovar Spl\u00e1vek<\/a><br \/>\n<a href=\"https:\/\/www.pivovary.info\/?page_id=62075\">Choce\u0148 pivovar<\/a><br \/>\n<a href=\"https:\/\/www.pivovary.info\/?page_id=48848\">Chodov\u00e1 Plan\u00e1 pivovar Chodovar<\/a><br \/>\n<a href=\"https:\/\/www.pivovary.info\/?page_id=64384\">Choltice pivovar<\/a><br \/>\n<a href=\"https:\/\/www.pivovary.info\/?page_id=84971\">Chomutov Filip\u016fv pivovar<\/a><br \/>\n<a href=\"https:\/\/www.pivovary.info\/?page_id=39806\">Chomutov minipivovar Kar\u00e1sek a St\u00fclpner<\/a><br \/>\n<a href=\"https:\/\/www.pivovary.info\/?page_id=76924\">Chomutov M\u011b\u0161\u0165ansk\u00fd pivovar<\/a><br \/>\n<a href=\"https:\/\/www.pivovary.info\/?page_id=31576\">Chot\u011bbo\u0159 minipivovar<\/a><br \/>\n<a href=\"https:\/\/www.pivovary.info\/?page_id=64394\">Chot\u011bbo\u0159 Pansk\u00fd pivovar<\/a><br \/>\n<a href=\"https:\/\/www.pivovary.info\/?page_id=80167\">Chote\u010d pivovar<\/a><br \/>\n<a href=\"https:\/\/www.pivovary.info\/?page_id=53173\">Chot\u011b\u0161ov minipivovar<\/a><br \/>\n<a href=\"https:\/\/www.pivovary.info\/?page_id=130487\">Chot\u011b\u0161ov pivovar<\/a><br \/>\n<a href=\"https:\/\/www.pivovary.info\/?page_id=60123\">Chotim\u011b\u0159 pivovar<\/a><br \/>\n<a href=\"https:\/\/www.pivovary.info\/?page_id=39883\">Chotoviny minipivovar<\/a><br \/>\n<a href=\"https:\/\/www.pivovary.info\/?page_id=119475\">Chotoviny Pansk\u00fd pivovar<\/a><br \/>\n<a href=\"https:\/\/www.pivovary.info\/?page_id=74543\">Chot\u00fd\u0161any pivovar<\/a><br \/>\n<a href=\"https:\/\/www.pivovary.info\/?page_id=72191\">Choustn\u00edkovo Hradi\u0161t\u011b pivovar<\/a><br \/>\n<a href=\"https:\/\/www.pivovary.info\/?page_id=99322\">Chran\u010dovice pivovar<\/a><br \/>\n<a href=\"https:\/\/www.pivovary.info\/?page_id=82783\">Ch\u0159ibsk\u00e1 pivovar<\/a><br \/>\n<a href=\"https:\/\/www.pivovary.info\/?page_id=3395\">Ch\u0159\u00ed\u010d minipivovar<\/a><br \/>\n<a href=\"https:\/\/www.pivovary.info\/?page_id=85649\">Chrome\u010d pivovar<\/a><br \/>\n<a href=\"https:\/\/www.pivovary.info\/?page_id=85655\">Chropyn\u011b pivovar<\/a><br \/>\n<a href=\"https:\/\/www.pivovary.info\/?page_id=88171\">Chrudim minipivovar Loutk\u00e1\u0159<\/a><br \/>\n<a href=\"https:\/\/www.pivovary.info\/?page_id=76311\">Chrudim pivovar<\/a><br \/>\n<a href=\"https:\/\/www.pivovary.info\/?page_id=33787\">Chrudim minipivovar Fili\u0161t\u00edn<\/a><br \/>\n<a href=\"https:\/\/www.pivovary.info\/?page_id=129468\">Chuchel pivovar<\/a><br \/>\n<a href=\"https:\/\/www.pivovary.info\/?page_id=30918\">Chudenice minipivovar Star\u00e1 \u0161kola<\/a><br \/>\n<a href=\"https:\/\/www.pivovary.info\/?page_id=63032\">Chudenice Pansk\u00fd pivovar<\/a><br \/>\n<a href=\"https:\/\/www.pivovary.info\/?page_id=82789\">Chvalkovice pivovar<\/a><br \/>\n<a href=\"https:\/\/www.pivovary.info\/?page_id=30860\">Ch\u00fdn\u011b minipivovar<\/a><br \/>\n<a href=\"https:\/\/www.pivovary.info\/?page_id=74561\">Ch\u00fdnov pivovar<\/a><br \/>\n<a href=\"https:\/\/www.pivovary.info\/?page_id=29277\">Chy\u0161e Z\u00e1meck\u00fd minipivovar<\/a><\/p>\n","protected":false},"excerpt":{"rendered":"<p>Cheb Adler\u016fv pivovar Cheb Akciov\u00fd pivovar Cheb Bartel\u016fv pivovar Cheb Dominik\u00e1nsk\u00fd pivovar Cheb Karg\u016fv pivovar Cheb Kramling\u016fv pivovar Cheb K\u0159\u00ed\u017eovnick\u00fd pivovar Cheb minipivovar Cheb minipivovar Pivn\u00ed skaut Cheb pivovar Grillmayer Cheb pivovar Mayer Cheb&#46;&#46;&#46;<\/p>\n","protected":false},"author":1,"featured_media":46509,"parent":6458,"menu_order":0,"comment_status":"open","ping_status":"closed","template":"","meta":{"ngg_post_thumbnail":0,"footnotes":""},"class_list":["post-46507","page","type-page","status-publish","has-post-thumbnail","hentry"],"_links":{"self":[{"href":"https:\/\/www.pivovary.info\/index.php?rest_route=\/wp\/v2\/pages\/46507","targetHints":{"allow":["GET"]}}],"collection":[{"href":"https:\/\/www.pivovary.info\/index.php?rest_route=\/wp\/v2\/pages"}],"about":[{"href":"https:\/\/www.pivovary.info\/index.php?rest_route=\/wp\/v2\/types\/page"}],"author":[{"embeddable":true,"href":"https:\/\/www.pivovary.info\/index.php?rest_route=\/wp\/v2\/users\/1"}],"replies":[{"embeddable":true,"href":"https:\/\/www.pivovary.info\/index.php?rest_route=%2Fwp%2Fv2%2Fcomments&post=46507"}],"version-history":[{"count":0,"href":"https:\/\/www.pivovary.info\/index.php?rest_route=\/wp\/v2\/pages\/46507\/revisions"}],"up":[{"embeddable":true,"href":"https:\/\/www.pivovary.info\/index.php?rest_route=\/wp\/v2\/pages\/6458"}],"wp:featuredmedia":[{"embeddable":true,"href":"https:\/\/www.pivovary.info\/index.php?rest_route=\/wp\/v2\/media\/46509"}],"wp:attachment":[{"href":"https:\/\/www.pivovary.info\/index.php?rest_route=%2Fwp%2Fv2%2Fmedia&parent=46507"}],"curies":[{"name":"wp","href":"https:\/\/api.w.org\/{rel}","templated":true}]}}