{"id":46823,"date":"2018-08-06T12:39:20","date_gmt":"2018-08-06T10:39:20","guid":{"rendered":"http:\/\/www.zpravy.pivovary.info\/?page_id=46823"},"modified":"2025-10-24T11:09:23","modified_gmt":"2025-10-24T09:09:23","slug":"fotoalbum-pivovaru-6-2","status":"publish","type":"page","link":"https:\/\/www.pivovary.info\/?page_id=46823","title":{"rendered":"D fotoalbum pivovar\u016f"},"content":{"rendered":"<p><a href=\"https:\/\/www.pivovary.info\/?page_id=65186\">Da\u010dice M\u011b\u0161\u0165ansk\u00fd pivovar <\/a><br \/>\n<a href=\"https:\/\/www.pivovary.info\/?page_id=65209\">Da\u010dice Pansk\u00fd pivovar <\/a><br \/>\n<a href=\"https:\/\/www.pivovary.info\/?page_id=26281\">Dale\u0161ice Akciov\u00fd pivovar<\/a><br \/>\n<a href=\"https:\/\/www.pivovary.info\/?page_id=99286\">Darov\u00e1 pivovar<\/a><br \/>\n<a href=\"https:\/\/www.pivovary.info\/?page_id=25219\">Da\u0161ice minipivovar<\/a><br \/>\n<a href=\"https:\/\/www.pivovary.info\/?page_id=65042\">Da\u0161ice pivovar<\/a><br \/>\n<a href=\"https:\/\/www.pivovary.info\/?page_id=49822\">Davle pivovar<\/a><br \/>\n<a href=\"https:\/\/www.pivovary.info\/?page_id=35631\">D\u011b\u010d\u00edn minipivovar Kapit\u00e1n<\/a><br \/>\n<a href=\"https:\/\/www.pivovary.info\/?page_id=42472\">D\u011b\u010d\u00edn minipivovar Sever<\/a><br \/>\n<a href=\"https:\/\/www.pivovary.info\/?page_id=73395\">D\u011b\u010d\u00edn pivovar<\/a><br \/>\n<a href=\"https:\/\/www.pivovary.info\/?page_id=64443\">Deht\u00e1ry pivovar<\/a><br \/>\n<a href=\"https:\/\/www.pivovary.info\/?page_id=85021\">D\u011bpoltovice pivovar<\/a><br \/>\n<a href=\"https:\/\/www.pivovary.info\/?page_id=79375\">De\u0161enice pivovar<\/a><br \/>\n<a href=\"https:\/\/www.pivovary.info\/?page_id=40112\">D\u011btenice Z\u00e1meck\u00fd pivovar<\/a><br \/>\n<a href=\"https:\/\/www.pivovary.info\/?page_id=51365\">D\u00edrn\u00e1 pivovar<\/a><br \/>\n<a href=\"https:\/\/www.pivovary.info\/?page_id=82279\">Dlouh\u00e1 T\u0159ebov\u00e1 minipivovar Faltus<\/a><br \/>\n<a href=\"https:\/\/www.pivovary.info\/?page_id=61600\">Dob\u0159any M\u011b\u0161\u0165ansk\u00fd pivovar<\/a><br \/>\n<a href=\"https:\/\/www.pivovary.info\/?page_id=37395\">Dob\u0159any minipivovar Modr\u00e1 hv\u011bzda<\/a><br \/>\n<a href=\"https:\/\/www.pivovary.info\/?page_id=74400\">Dob\u0159ejovice pivovar<\/a><br \/>\n<a href=\"https:\/\/www.pivovary.info\/?page_id=63155\">Dob\u0159ichovice pivovar<\/a><br \/>\n<a href=\"https:\/\/www.pivovary.info\/?page_id=56211\">Dob\u0159\u00ed\u0161 pivovar<\/a><br \/>\n<a href=\"https:\/\/www.pivovary.info\/?page_id=51582\">Dobrovice pivovar<\/a><br \/>\n<a href=\"https:\/\/www.pivovary.info\/?page_id=26963\">Dobru\u0161ka pivovar<\/a><br \/>\n<a href=\"https:\/\/www.pivovary.info\/?page_id=58864\">Doksany pivovar<\/a><br \/>\n<a href=\"https:\/\/www.pivovary.info\/?page_id=84796\">Doksy pivovar<\/a><br \/>\n<a href=\"https:\/\/www.pivovary.info\/?page_id=79382\">Dolany pivovar<\/a><br \/>\n<a href=\"https:\/\/www.pivovary.info\/?page_id=82139\">Dolej\u0161\u00ed Kru\u0161ec pivovar<\/a><br \/>\n<a href=\"https:\/\/www.pivovary.info\/?page_id=74354\">Dolej\u0161\u00ed Kun\u010dice pivovar<\/a><br \/>\n<a href=\"https:\/\/www.pivovary.info\/?page_id=61052\">Doln\u00ed B\u011bl\u00e1 pivovar<\/a><br \/>\n<a href=\"https:\/\/www.pivovary.info\/?page_id=81514\">Doln\u00ed Be\u0159kovice pivovar<\/a><br \/>\n<a href=\"https:\/\/www.pivovary.info\/?page_id=6477\">Doln\u00ed Bojanovice minipivovar Maz\u00e1k<\/a><br \/>\n<a href=\"https:\/\/www.pivovary.info\/?page_id=26305\">Doln\u00ed B\u0159e\u017eany Oliv\u016fv minipivovar<\/a><br \/>\n<a href=\"https:\/\/www.pivovary.info\/?page_id=23657\">Doln\u00ed Bukovsko minipivovar Bukovar<\/a><br \/>\n<a href=\"https:\/\/www.pivovary.info\/?page_id=125440\">Doln\u00ed Dunajovice minipivovar Wild Creatures<\/a><br \/>\n<a href=\"https:\/\/www.pivovary.info\/?page_id=81621\">Doln\u00ed Dvo\u0159i\u0161t\u011b pivovar<\/a><br \/>\n<a href=\"https:\/\/www.pivovary.info\/?page_id=74365\">Doln\u00ed Kounice pivovar<\/a><br \/>\n<a href=\"https:\/\/www.pivovary.info\/?page_id=65131\">Doln\u00ed Kralovice pivovar<\/a><br \/>\n<a href=\"https:\/\/www.pivovary.info\/?page_id=52899\">Doln\u00ed Lukavice pivovar<\/a><br \/>\n<a href=\"https:\/\/www.pivovary.info\/?page_id=129385\">Doln\u00ed P\u0159\u00edm pivovar<\/a><br \/>\n<a href=\"https:\/\/www.pivovary.info\/?page_id=15276\">Doln\u00ed \u0158edice minipivovar Mord\u00fd\u0159<\/a><br \/>\n<a href=\"https:\/\/www.pivovary.info\/?page_id=81632\">Doln\u00ed Ro\u010dov Kl\u00e1\u0161tern\u00ed pivovar <\/a><br \/>\n<a href=\"https:\/\/www.pivovary.info\/?page_id=53061\">Doln\u00ed Ro\u017e\u00ednka pivovar<\/a><br \/>\n<a href=\"https:\/\/www.pivovary.info\/?page_id=30087\">Doln\u00ed Sklenov minipivovar Hukvaldy<\/a><br \/>\n<a href=\"https:\/\/www.pivovary.info\/?page_id=72933\">Doln\u00ed V\u011bstonice pivovar<\/a><br \/>\n<a href=\"https:\/\/www.pivovary.info\/?page_id=55462\">Doln\u00ed \u017d\u010f\u00e1r minipivovar Rudohor<\/a><br \/>\n<a href=\"https:\/\/www.pivovary.info\/?page_id=50731\">Domamil pivovar<\/a><br \/>\n<a href=\"https:\/\/www.pivovary.info\/?page_id=87045\">Doma\u017elice M\u011bstsk\u00fd minipivovar<\/a><br \/>\n<a href=\"https:\/\/www.pivovary.info\/?page_id=14181\">Doma\u017elice pivovar<\/a><br \/>\n<a href=\"https:\/\/www.pivovary.info\/?page_id=156737\">Doma\u017elice pivovar Svat\u00e1 studna<\/a><br \/>\n<a href=\"https:\/\/www.pivovary.info\/?page_id=83002\">Domoradice pivovar<\/a><br \/>\n<a href=\"https:\/\/www.pivovary.info\/?page_id=76174\">Domousnice pivovar<\/a><br \/>\n<a href=\"https:\/\/www.pivovary.info\/?page_id=82145\">Doub\u00ed pivovar<\/a><br \/>\n<a href=\"https:\/\/www.pivovary.info\/?page_id=84978\">Doubravice u Mohelnice pivovar<\/a><br \/>\n<a href=\"https:\/\/www.pivovary.info\/?page_id=31011\">Doubravn\u00edk minipivovar<\/a><br \/>\n<a href=\"https:\/\/www.pivovary.info\/?page_id=131351\">Doudleby minipivovar Doudle Beer<\/a><br \/>\n<a href=\"https:\/\/www.pivovary.info\/?page_id=82153\">Drahenice pivovar<\/a><br \/>\n<a href=\"https:\/\/www.pivovary.info\/?page_id=99538\">Draho\u0148\u016fv \u00dajezd pivovar<\/a><br \/>\n<a href=\"https:\/\/www.pivovary.info\/?page_id=53084\">Drahotu\u0161e M\u011b\u0161\u0165ansk\u00fd pivovar<\/a><br \/>\n<a href=\"https:\/\/www.pivovary.info\/?page_id=12529\">Drahou\u0161 minipivovar Koke\u0161<\/a><br \/>\n<a href=\"https:\/\/www.pivovary.info\/?page_id=31116\">Dra\u017ei\u010d minipivovar Lipan<\/a><br \/>\n<a href=\"https:\/\/www.pivovary.info\/?page_id=53075\">D\u0159ev\u011bnice pivovar<\/a><br \/>\n<a href=\"https:\/\/www.pivovary.info\/?page_id=78934\">Drhovle pivovar<\/a><br \/>\n<a href=\"https:\/\/www.pivovary.info\/?page_id=85242\">Drnovice u Lysic pivovar<\/a><br \/>\n<a href=\"https:\/\/www.pivovary.info\/?page_id=28588\">Dr\u017eovice minipivovar U c\u00edsa\u0159sk\u00e9 cesty<\/a><br \/>\n<a href=\"https:\/\/www.pivovary.info\/?page_id=70711\">Dub\u0148any minipivovar Dub\u0148\u00e1k<\/a><br \/>\n<a href=\"https:\/\/www.pivovary.info\/?page_id=81511\">Duchcov pivovar<\/a><br \/>\n<a href=\"https:\/\/www.pivovary.info\/?page_id=50740\">Dukovany pivovar<\/a><br \/>\n<a href=\"https:\/\/www.pivovary.info\/?page_id=20694\">Dv\u016fr Kr\u00e1lov\u00e9 minipivovaru Tambor<\/a><br \/>\n<a href=\"https:\/\/www.pivovary.info\/?page_id=73867\">Dv\u016fr Kr\u00e1lov\u00e9 nad Labem Klazar\u016fv pivovar <\/a><br \/>\n<a href=\"https:\/\/www.pivovary.info\/?page_id=45382\">Dv\u016fr Kr\u00e1lov\u00e9 nad Labem minipivovar Safari<\/a><br \/>\n<a href=\"https:\/\/www.pivovary.info\/?page_id=57736\">Dymokury pivovar<\/a><\/p>\n","protected":false},"excerpt":{"rendered":"<p>Da\u010dice M\u011b\u0161\u0165ansk\u00fd pivovar Da\u010dice Pansk\u00fd pivovar Dale\u0161ice Akciov\u00fd pivovar Darov\u00e1 pivovar Da\u0161ice minipivovar Da\u0161ice pivovar Davle pivovar D\u011b\u010d\u00edn minipivovar Kapit\u00e1n D\u011b\u010d\u00edn minipivovar Sever D\u011b\u010d\u00edn pivovar Deht\u00e1ry pivovar D\u011bpoltovice pivovar De\u0161enice pivovar D\u011btenice Z\u00e1meck\u00fd pivovar&#46;&#46;&#46;<\/p>\n","protected":false},"author":1,"featured_media":40117,"parent":6458,"menu_order":0,"comment_status":"open","ping_status":"closed","template":"","meta":{"ngg_post_thumbnail":0,"footnotes":""},"class_list":["post-46823","page","type-page","status-publish","has-post-thumbnail","hentry"],"_links":{"self":[{"href":"https:\/\/www.pivovary.info\/index.php?rest_route=\/wp\/v2\/pages\/46823","targetHints":{"allow":["GET"]}}],"collection":[{"href":"https:\/\/www.pivovary.info\/index.php?rest_route=\/wp\/v2\/pages"}],"about":[{"href":"https:\/\/www.pivovary.info\/index.php?rest_route=\/wp\/v2\/types\/page"}],"author":[{"embeddable":true,"href":"https:\/\/www.pivovary.info\/index.php?rest_route=\/wp\/v2\/users\/1"}],"replies":[{"embeddable":true,"href":"https:\/\/www.pivovary.info\/index.php?rest_route=%2Fwp%2Fv2%2Fcomments&post=46823"}],"version-history":[{"count":0,"href":"https:\/\/www.pivovary.info\/index.php?rest_route=\/wp\/v2\/pages\/46823\/revisions"}],"up":[{"embeddable":true,"href":"https:\/\/www.pivovary.info\/index.php?rest_route=\/wp\/v2\/pages\/6458"}],"wp:featuredmedia":[{"embeddable":true,"href":"https:\/\/www.pivovary.info\/index.php?rest_route=\/wp\/v2\/media\/40117"}],"wp:attachment":[{"href":"https:\/\/www.pivovary.info\/index.php?rest_route=%2Fwp%2Fv2%2Fmedia&parent=46823"}],"curies":[{"name":"wp","href":"https:\/\/api.w.org\/{rel}","templated":true}]}}