{"id":47121,"date":"2018-08-09T14:28:35","date_gmt":"2018-08-09T12:28:35","guid":{"rendered":"http:\/\/www.zpravy.pivovary.info\/?page_id=47121"},"modified":"2025-10-24T12:38:59","modified_gmt":"2025-10-24T10:38:59","slug":"fotoalbum-pivovaru-7","status":"publish","type":"page","link":"https:\/\/www.pivovary.info\/?page_id=47121","title":{"rendered":"H fotoalbum pivovar\u016f"},"content":{"rendered":"<p><a href=\"https:\/\/www.pivovary.info\/?page_id=156758\">Habartov pivovar<\/a><br \/>\n<a href=\"https:\/\/www.pivovary.info\/?page_id=50479\">Habrovany pivovar<\/a><br \/>\n<a href=\"https:\/\/www.pivovary.info\/?page_id=178612\">Habry pivovar<\/a><br \/>\n<a href=\"https:\/\/www.pivovary.info\/?page_id=130633\">Hab\u0159\u00ed pivovar<\/a><br \/>\n<a href=\"https:\/\/www.pivovary.info\/?page_id=105388\">Ha\u0148ovice pivovar<\/a><br \/>\n<a href=\"https:\/\/www.pivovary.info\/?page_id=74767\">Hanu\u0161ovice pivovar Holba<\/a><br \/>\n<a href=\"https:\/\/www.pivovary.info\/?page_id=30988\">Harrachov minipivovar<\/a><br \/>\n<a href=\"https:\/\/www.pivovary.info\/?page_id=17838\">Hartenberg Z\u00e1meck\u00fd pivovar<\/a><br \/>\n<a href=\"https:\/\/www.pivovary.info\/?page_id=8500\">Hav\u00ed\u0159ov minipivovar PHM<\/a><br \/>\n<a href=\"https:\/\/www.pivovary.info\/?page_id=8498\">Hav\u00ed\u0159ov minipivovar Venu\u0161e<\/a><br \/>\n<a href=\"https:\/\/www.pivovary.info\/?page_id=8496\">Hav\u00ed\u0159ov Slezsk\u00fd minipivovar<\/a><br \/>\n<a href=\"https:\/\/www.pivovary.info\/?page_id=80718\">Havl\u00ed\u010dkova Borov\u00e1 pivovar<\/a><br \/>\n<a href=\"https:\/\/www.pivovary.info\/?page_id=19852\">Havl\u00ed\u010dk\u016fv Brod minipivovar \u010cechovka<\/a><br \/>\n<a href=\"https:\/\/www.pivovary.info\/?page_id=75374\">Havl\u00ed\u010dk\u016fv Brod pivovar M\u011b\u0161\u0165ansk\u00fd<\/a><br \/>\n<a href=\"https:\/\/www.pivovary.info\/?page_id=36360\">Hladov minipivovar<\/a><br \/>\n<a href=\"https:\/\/www.pivovary.info\/?page_id=17659\">Hlavatce minipivovar Transform\u00e1tor<\/a><br \/>\n<a href=\"https:\/\/www.pivovary.info\/?page_id=43607\">Hlinsko pivovar<\/a><br \/>\n<a href=\"https:\/\/www.pivovary.info\/?page_id=130641\">Hl\u00edzov minipivovar Holan\u010fan<\/a><br \/>\n<a href=\"https:\/\/www.pivovary.info\/?page_id=28110\">Hlubok\u00e1 nad Vltavou minipivovar<\/a><br \/>\n<a href=\"https:\/\/www.pivovary.info\/?page_id=72978\">Hlubok\u00e1 nad Vltavou pivovar<\/a><br \/>\n<a href=\"https:\/\/www.pivovary.info\/?page_id=14490\">Hlubok\u00e9 Svatojakubsk\u00fd minipivovar<\/a><br \/>\n<a href=\"https:\/\/www.pivovary.info\/?page_id=80435\">Hlu\u010d\u00edn M\u011bstsk\u00fd pivovar<\/a><br \/>\n<a href=\"https:\/\/www.pivovary.info\/?page_id=8012\">Hlu\u010d\u00edn minipivovar Avar<\/a><br \/>\n<a href=\"https:\/\/www.pivovary.info\/?page_id=144447\">Hlu\u010dov mikropivovar<\/a><br \/>\n<a href=\"https:\/\/www.pivovary.info\/?page_id=29785\">Hnanice minipivovar<\/a><br \/>\n<a href=\"https:\/\/www.pivovary.info\/?page_id=79391\">Hodkovice nad Mohelkou Svobod\u016fv pivovar <\/a><br \/>\n<a href=\"https:\/\/www.pivovary.info\/?page_id=79398\">Hodkovice nad Mohelkou Pansk\u00fd pivovar<\/a><br \/>\n<a href=\"https:\/\/www.pivovary.info\/?page_id=89350\">Hodonice Kl\u00e1\u0161tern\u00ed pivovar<\/a><br \/>\n<a href=\"https:\/\/www.pivovary.info\/?page_id=89343\">Hodonice Pansk\u00fd pivovar<\/a><br \/>\n<a href=\"https:\/\/www.pivovary.info\/?page_id=73520\">Hodon\u00edn M\u011b\u0161\u0165ansk\u00fd pivovar<\/a><br \/>\n<a href=\"https:\/\/www.pivovary.info\/?page_id=73816\">Hodon\u00edn Pansk\u00fd pivovar<\/a><br \/>\n<a href=\"https:\/\/www.pivovary.info\/?page_id=23080\">Hodon\u00edn minipivovar K\u0159ikloun<\/a><br \/>\n<a href=\"https:\/\/www.pivovary.info\/?page_id=29252\">Hodon\u00edn minipivovar Kunc<\/a><br \/>\n<a href=\"https:\/\/www.pivovary.info\/?page_id=127924\">Hodon\u00edn minipivovar Voj\u00e1\u010dek<\/a><br \/>\n<a href=\"https:\/\/www.pivovary.info\/?page_id=69132\">Hojsova Str\u00e1\u017e pivovar<\/a><br \/>\n<a href=\"https:\/\/www.pivovary.info\/?page_id=49717\">Hole\u0161ov pivovar<\/a><br \/>\n<a href=\"https:\/\/www.pivovary.info\/?page_id=130648\">Hora Svat\u00e9ho \u0160ebesti\u00e1na pivovar<\/a><br \/>\n<a href=\"https:\/\/www.pivovary.info\/?page_id=126209\">Hora\u017e\u010fovice minipivovar Vl\u010dek<\/a><br \/>\n<a href=\"https:\/\/www.pivovary.info\/?page_id=72994\">Hora\u017e\u010fovice fotoalbum pivovaru Z\u00e1meck\u00fd<\/a><br \/>\n<a href=\"https:\/\/www.pivovary.info\/?page_id=75650\">Ho\u0159ice fotoalbum pivovaru<\/a><br \/>\n<a href=\"https:\/\/www.pivovary.info\/?page_id=24569\">Ho\u0159ice fotolabum minipivovaru JungBerg<\/a><br \/>\n<a href=\"https:\/\/www.pivovary.info\/?page_id=10129\">Horka nad Moravou minipivovar Melich\u00e1rek<\/a><br \/>\n<a href=\"https:\/\/www.pivovary.info\/?page_id=84802\">Horka u KH pivovar<\/a><br \/>\n<a href=\"https:\/\/www.pivovary.info\/?page_id=52706\">Horky nad Jizerou pivovar<\/a><br \/>\n<a href=\"https:\/\/www.pivovary.info\/?page_id=66818\">Horn\u00ed Bene\u0161ov pivovar<\/a><br \/>\n<a href=\"https:\/\/www.pivovary.info\/?page_id=66893\">Horn\u00ed Be\u0159kovice pivovar<\/a><br \/>\n<a href=\"https:\/\/www.pivovary.info\/?page_id=80235\">Horn\u00ed Cerekev pivovar<\/a><br \/>\n<a href=\"https:\/\/www.pivovary.info\/?page_id=24709\">Horn\u00ed Chr\u00e1\u0161\u0165any minipivovar<\/a><br \/>\n<a href=\"https:\/\/www.pivovary.info\/?page_id=56237\">Horn\u00ed Dlouh\u00e1 Lou\u010dka Pansk\u00fd pivovar<\/a><br \/>\n<a href=\"https:\/\/www.pivovary.info\/?page_id=39653\">Horn\u00ed Dubenky minipivovar Kozl\u00ed\u010dek<\/a><br \/>\n<a href=\"https:\/\/www.pivovary.info\/?page_id=80677\">Horn\u00ed Jelen\u00ed pivovar<\/a><br \/>\n<a href=\"https:\/\/www.pivovary.info\/?page_id=33601\">Horn\u00ed Lomn\u00e1 minipivovar<\/a><br \/>\n<a href=\"https:\/\/www.pivovary.info\/?page_id=71740\">Horn\u00ed Mar\u0161ov pivovar<\/a><br \/>\n<a href=\"https:\/\/www.pivovary.info\/?page_id=69475\">Horn\u00ed Police pivovar<\/a><br \/>\n<a href=\"https:\/\/www.pivovary.info\/?page_id=130662\">Horn\u00ed Slavkov pivovar<\/a><br \/>\n<a href=\"https:\/\/www.pivovary.info\/?page_id=85249\">Horn\u00ed Stropnice pivovar<\/a><br \/>\n<a href=\"https:\/\/www.pivovary.info\/?page_id=79310\">Ho\u0159ovice Pansk\u00fd pivovar<\/a><br \/>\n<a href=\"https:\/\/www.pivovary.info\/?page_id=39774\">Hor\u0161ovsk\u00fd T\u00fdn minipivovar Gurm\u00e1n<\/a><br \/>\n<a href=\"https:\/\/www.pivovary.info\/?page_id=59841\">Hor\u0161ovsk\u00fd T\u00fdn M\u011b\u0161\u0165ansk\u00fd pivovar nov\u00fd<\/a><br \/>\n<a href=\"https:\/\/www.pivovary.info\/?page_id=59857\">Hor\u0161ovsk\u00fd T\u00fdn M\u011b\u0161\u0165ansk\u00fd pivovar star\u00fd<\/a><br \/>\n<a href=\"https:\/\/www.pivovary.info\/?page_id=131817\">Ho\u0161tice pivovar<\/a><br \/>\n<a href=\"https:\/\/www.pivovary.info\/?page_id=79270\">Hostinn\u00e9 M\u011b\u0161\u0165ansk\u00fd pivovar <\/a><br \/>\n<a href=\"https:\/\/www.pivovary.info\/?page_id=79278\">Hostinn\u00e9 Pansk\u00fd pivovar <\/a><br \/>\n<a href=\"https:\/\/www.pivovary.info\/?page_id=28631\">Hostomice minipivovar<\/a><br \/>\n<a href=\"https:\/\/www.pivovary.info\/?page_id=66309\">Hostou\u0148 M\u011b\u0161\u0165ansk\u00fd pivovar <\/a><br \/>\n<a href=\"https:\/\/www.pivovary.info\/?page_id=66237\">Hostou\u0148 Pansk\u00fd pivovar <\/a><br \/>\n<a href=\"https:\/\/www.pivovary.info\/?page_id=54909\">Hradec Kr\u00e1lov\u00e9 M\u011b\u0161\u0165ansk\u00fd pivovar <\/a><br \/>\n<a href=\"https:\/\/www.pivovary.info\/?page_id=31111\">Hradec Kr\u00e1lov\u00e9 minipivovar Hradeck\u00fd Klenot<\/a><br \/>\n<a href=\"https:\/\/www.pivovary.info\/?page_id=43409\">Hradec Kr\u00e1lov\u00e9 minipivovar Kub\u00edk<\/a><br \/>\n<a href=\"https:\/\/www.pivovary.info\/?page_id=127905\">Hradec Kr\u00e1lov\u00e9 minipivovar Rambousek<\/a><br \/>\n<a href=\"https:\/\/www.pivovary.info\/?page_id=10032\">Hradec Kr\u00e1lov\u00e9 minipivovar 713<\/a><br \/>\n<a href=\"https:\/\/www.pivovary.info\/?page_id=48592\">Hradec nad Moravic\u00ed pivovar kn\u00ed\u017eete Lichnovsk\u00e9ho<\/a><br \/>\n<a href=\"https:\/\/www.pivovary.info\/?page_id=110925\">Hranice na Morav\u011b M\u011b\u0161\u0165ansk\u00fd pivovar<\/a><br \/>\n<a href=\"https:\/\/www.pivovary.info\/?page_id=110942\">Hranice na Morav\u011b Pansk\u00fd pivovar<\/a><br \/>\n<a href=\"https:\/\/www.pivovary.info\/?page_id=80143\">H\u0159e\u0161ihlavy pivovar<\/a><br \/>\n<a href=\"https:\/\/www.pivovary.info\/?page_id=70860\">Hroch\u016fv T\u00fdnec pivovar<\/a><br \/>\n<a href=\"https:\/\/www.pivovary.info\/?page_id=79322\">Hronov pivovar<\/a><br \/>\n<a href=\"https:\/\/www.pivovary.info\/?page_id=73877\">Hrotovice pivovar<\/a><br \/>\n<a href=\"https:\/\/www.pivovary.info\/?page_id=49745\">Hrub\u00e1 Sk\u00e1la pivovar<\/a><br \/>\n<a href=\"https:\/\/www.pivovary.info\/?page_id=61619\">Hrub\u00fd Rohozec Z\u00e1meck\u00fd pivovar<\/a><br \/>\n<a href=\"https:\/\/www.pivovary.info\/?page_id=50749\">Hru\u0161ky pivovar<\/a><br \/>\n<a href=\"https:\/\/www.pivovary.info\/?page_id=63862\">Hukvaldy pivovar<\/a><br \/>\n<a href=\"https:\/\/www.pivovary.info\/?page_id=84760\">Hul\u00edn pivovar<\/a><br \/>\n<a href=\"https:\/\/www.pivovary.info\/?page_id=75508\">Humpolec pivovar<\/a><br \/>\n<a href=\"https:\/\/www.pivovary.info\/?page_id=28086\">Hustope\u010de minipivovar Rustikal<\/a><\/p>\n","protected":false},"excerpt":{"rendered":"<p>Habartov pivovar Habrovany pivovar Habry pivovar Hab\u0159\u00ed pivovar Ha\u0148ovice pivovar Hanu\u0161ovice pivovar Holba Harrachov minipivovar Hartenberg Z\u00e1meck\u00fd pivovar Hav\u00ed\u0159ov minipivovar PHM Hav\u00ed\u0159ov minipivovar Venu\u0161e Hav\u00ed\u0159ov Slezsk\u00fd minipivovar Havl\u00ed\u010dkova Borov\u00e1 pivovar Havl\u00ed\u010dk\u016fv Brod minipivovar \u010cechovka&#46;&#46;&#46;<\/p>\n","protected":false},"author":1,"featured_media":43630,"parent":6458,"menu_order":0,"comment_status":"open","ping_status":"closed","template":"","meta":{"ngg_post_thumbnail":0,"footnotes":""},"class_list":["post-47121","page","type-page","status-publish","has-post-thumbnail","hentry"],"_links":{"self":[{"href":"https:\/\/www.pivovary.info\/index.php?rest_route=\/wp\/v2\/pages\/47121","targetHints":{"allow":["GET"]}}],"collection":[{"href":"https:\/\/www.pivovary.info\/index.php?rest_route=\/wp\/v2\/pages"}],"about":[{"href":"https:\/\/www.pivovary.info\/index.php?rest_route=\/wp\/v2\/types\/page"}],"author":[{"embeddable":true,"href":"https:\/\/www.pivovary.info\/index.php?rest_route=\/wp\/v2\/users\/1"}],"replies":[{"embeddable":true,"href":"https:\/\/www.pivovary.info\/index.php?rest_route=%2Fwp%2Fv2%2Fcomments&post=47121"}],"version-history":[{"count":0,"href":"https:\/\/www.pivovary.info\/index.php?rest_route=\/wp\/v2\/pages\/47121\/revisions"}],"up":[{"embeddable":true,"href":"https:\/\/www.pivovary.info\/index.php?rest_route=\/wp\/v2\/pages\/6458"}],"wp:featuredmedia":[{"embeddable":true,"href":"https:\/\/www.pivovary.info\/index.php?rest_route=\/wp\/v2\/media\/43630"}],"wp:attachment":[{"href":"https:\/\/www.pivovary.info\/index.php?rest_route=%2Fwp%2Fv2%2Fmedia&parent=47121"}],"curies":[{"name":"wp","href":"https:\/\/api.w.org\/{rel}","templated":true}]}}