{"id":47190,"date":"2018-08-10T10:12:42","date_gmt":"2018-08-10T08:12:42","guid":{"rendered":"http:\/\/www.zpravy.pivovary.info\/?page_id=47190"},"modified":"2026-03-26T09:41:44","modified_gmt":"2026-03-26T08:41:44","slug":"fotoalbum-pivovaru-8","status":"publish","type":"page","link":"https:\/\/www.pivovary.info\/?page_id=47190","title":{"rendered":"P fotoalbum pivovar\u016f"},"content":{"rendered":"<p><a href=\"https:\/\/www.pivovary.info\/?page_id=27455\">Pacov minipivovar<\/a><br \/>\n<a href=\"https:\/\/www.pivovary.info\/?page_id=50602\">Pacov pivovar<\/a><br \/>\n<a href=\"https:\/\/www.pivovary.info\/?page_id=15340\">Padochov minipivovar<\/a><br \/>\n<a href=\"https:\/\/www.pivovary.info\/?page_id=81186\">Pakom\u011b\u0159ice pivovar<\/a><br \/>\n<a href=\"https:\/\/www.pivovary.info\/?page_id=20538\">Pala\u010dov minipivovar Pali\u010d\u00e1k<\/a><br \/>\n<a href=\"https:\/\/www.pivovary.info\/?page_id=121351\">Panensk\u00fd T\u00fdnec pivovar<\/a><br \/>\n<a href=\"https:\/\/www.pivovary.info\/?page_id=19676\">Parbubice minipivovar Arno\u0161t<\/a><br \/>\n<a href=\"https:\/\/www.pivovary.info\/?page_id=8739\">Pardubice Mal\u00fd pivovar<\/a><br \/>\n<a href=\"https:\/\/www.pivovary.info\/?page_id=185172\">Pardubice minipivovar H\u0159ebec<\/a><br \/>\n<a href=\"https:\/\/www.pivovary.info\/?page_id=91891\">Pardubice minipivovar U Vojt\u011bch\u016f<\/a><br \/>\n<a href=\"https:\/\/www.pivovary.info\/?page_id=64269\">Pardubice Akciov\u00fd pivovar <\/a><br \/>\n<a href=\"https:\/\/www.pivovary.info\/?page_id=120996\">Pardubice Z\u00e1meck\u00fd pivovar<\/a><br \/>\n<a href=\"https:\/\/www.pivovary.info\/?page_id=40455\">Paseky nad Jizerou minipivovar Prdek<\/a><br \/>\n<a href=\"https:\/\/www.pivovary.info\/?page_id=69035\">Paskov minipivovar<\/a><br \/>\n<a href=\"https:\/\/www.pivovary.info\/?page_id=47748\">Paskov Pansk\u00fd pivovar<\/a><br \/>\n<a href=\"https:\/\/www.pivovary.info\/?page_id=34595\">Pec pod Sn\u011b\u017ekou Peck\u00fd minipivovar<\/a><br \/>\n<a href=\"https:\/\/www.pivovary.info\/?page_id=87159\">Pecka pivovar<\/a><br \/>\n<a href=\"https:\/\/www.pivovary.info\/?page_id=13715\">Pelh\u0159imov minipivovar Na \u010ctyrce<\/a><br \/>\n<a href=\"https:\/\/www.pivovary.info\/?page_id=48123\">Pelh\u0159imov pivovar<\/a><br \/>\n<a href=\"https:\/\/www.pivovary.info\/?page_id=20335\">Per\u0161tejn minipivovar Chalupn\u00edk<\/a><br \/>\n<a href=\"https:\/\/www.pivovary.info\/?page_id=80465\">Peruc pivovar<\/a><br \/>\n<a href=\"https:\/\/www.pivovary.info\/?page_id=53567\">Petrohrad pivovar<\/a><br \/>\n<a href=\"https:\/\/www.pivovary.info\/?page_id=106758\">Petrovice minipivovar Kili\u00e1n<\/a><br \/>\n<a href=\"https:\/\/www.pivovary.info\/?page_id=196033\">Petrovice u Rakovn\u00edka minipivovar Petrovick\u00e9 zlato<\/a><br \/>\n<a href=\"https:\/\/www.pivovary.info\/?page_id=124162\">Petrovice pivovar<\/a><br \/>\n<a href=\"https:\/\/www.pivovary.info\/?page_id=70805\">Petr\u016fv Dv\u016fr pivovar<\/a><br \/>\n<a href=\"https:\/\/www.pivovary.info\/?page_id=131544\">Pet\u0159vald pivovar<\/a><br \/>\n<a href=\"https:\/\/www.pivovary.info\/?page_id=80472\">Pihel pivovar<\/a><br \/>\n<a href=\"https:\/\/www.pivovary.info\/?page_id=124920\">Pikovice minipivovar Pikovar<\/a><br \/>\n<a href=\"https:\/\/www.pivovary.info\/?page_id=34127\">P\u00edsek Hradebn\u00ed minipivovar<\/a><br \/>\n<a href=\"https:\/\/www.pivovary.info\/?page_id=80883\">P\u00edsek M\u011b\u0161\u0165ansk\u00fd pivovar <\/a><br \/>\n<a href=\"https:\/\/www.pivovary.info\/?page_id=80894\">P\u00edsek Rolnick\u00fd pivovar <\/a><br \/>\n<a href=\"https:\/\/www.pivovary.info\/?page_id=67986\">Pivo\u0148 pivovar<\/a><br \/>\n<a href=\"https:\/\/www.pivovary.info\/?page_id=61496\">Plan\u00e1 u Plzn\u011b pivovar<\/a><br \/>\n<a href=\"https:\/\/www.pivovary.info\/?page_id=27632\">Plasy Z\u00e1meck\u00fd minipivovar<\/a><br \/>\n<a href=\"https:\/\/www.pivovary.info\/?page_id=61036\">Plasy Z\u00e1meck\u00fd pivovar<\/a><br \/>\n<a href=\"https:\/\/www.pivovary.info\/?page_id=78708\">Plavnice pivovar<\/a><br \/>\n<a href=\"https:\/\/www.pivovary.info\/?page_id=75182\">Plumlov pivovar<\/a><br \/>\n<a href=\"https:\/\/www.pivovary.info\/?page_id=18449\">Plze\u0148 minipivovar Beer Factory<\/a><br \/>\n<a href=\"https:\/\/www.pivovary.info\/?page_id=39358\">Plze\u0148 minipivovar Groll<\/a><br \/>\n<a href=\"https:\/\/www.pivovary.info\/?page_id=59454\">Plze\u0148 minipivovar Joe\u00b4s Garage Brewery<\/a><br \/>\n<a href=\"https:\/\/www.pivovary.info\/?page_id=27408\">Plze\u0148 minipivovar Kalikovar<\/a><br \/>\n<a href=\"https:\/\/www.pivovary.info\/?page_id=44211\">Plze\u0148 minipivovar Plze\u0148sk\u00fd bandita<\/a><br \/>\n<a href=\"https:\/\/www.pivovary.info\/?page_id=92510\">Plze\u0148 minipivovar Elektr\u00e1rna<\/a><br \/>\n<a href=\"https:\/\/www.pivovary.info\/?page_id=10801\">Plze\u0148 minipivovar Purkmistr<\/a><br \/>\n<a href=\"https:\/\/www.pivovary.info\/?page_id=20894\">Plze\u0148 minipivovar Raven<\/a><br \/>\n<a href=\"https:\/\/www.pivovary.info\/?page_id=36391\">Plze\u0148 minipivovar U Lenocha<\/a><br \/>\n<a href=\"https:\/\/www.pivovary.info\/?page_id=28329\">Plze\u0148 minipivovar U Pa\u0161\u00e1ka<\/a><br \/>\n<a href=\"https:\/\/www.pivovary.info\/?page_id=94341\">Plze\u0148 minipivovar U ryt\u00ed\u0159e Lochoty<\/a><br \/>\n<a href=\"https:\/\/www.pivovary.info\/?page_id=75593\">Plze\u0148 pivovar Gambrinus<\/a><br \/>\n<a href=\"https:\/\/www.pivovary.info\/?page_id=75607\">Plze\u0148 pivovar Prazdroj<\/a><br \/>\n<a href=\"https:\/\/www.pivovary.info\/?page_id=50004\">Plze\u0148 pivovar Prior<\/a><br \/>\n<a href=\"https:\/\/www.pivovary.info\/?page_id=74515\">Plze\u0148 pivovar Sv\u011btovar<\/a><br \/>\n<a href=\"https:\/\/www.pivovary.info\/?page_id=15759\">Plze\u0148 minipivovar Radoby\u010dice<\/a><br \/>\n<a href=\"https:\/\/www.pivovary.info\/?page_id=42763\">Plze\u0148 Roudensk\u00fd minipivovar<\/a><br \/>\n<a href=\"https:\/\/www.pivovary.info\/?page_id=59173\">Plze\u0148-K\u0159imice pivovar nov\u00fd<\/a><br \/>\n<a href=\"https:\/\/www.pivovary.info\/?page_id=59185\">Plze\u0148-K\u0159imice pivovar star\u00fd<\/a><br \/>\n<a href=\"https:\/\/www.pivovary.info\/?page_id=59132\">Plze\u0148-Malesice pivovar<\/a><br \/>\n<a href=\"https:\/\/www.pivovary.info\/?page_id=66332\">Pob\u011b\u017eovice pivovar<\/a><br \/>\n<a href=\"https:\/\/www.pivovary.info\/?page_id=132461\">Po\u010d\u00e1tky pivovar<\/a><br \/>\n<a href=\"https:\/\/www.pivovary.info\/?page_id=89320\">Podbo\u0159any pivovar<\/a><br \/>\n<a href=\"https:\/\/www.pivovary.info\/?page_id=63365\">Pod\u011bbrady Akciov\u00fd pivovar<\/a><br \/>\n<a href=\"https:\/\/www.pivovary.info\/?page_id=23674\">Pod\u011bbrady minipivovar<\/a><br \/>\n<a href=\"https:\/\/www.pivovary.info\/?page_id=85276\">Pod\u011bbrady Z\u00e1meck\u00fd pivovar<\/a><br \/>\n<a href=\"https:\/\/www.pivovary.info\/?page_id=132470\">Podho\u0159any u Ronova pivovar<\/a><br \/>\n<a href=\"https:\/\/www.pivovary.info\/?page_id=105918\">Podhorjany-Muka\u010devo fotoalbum pivovaru<\/a><br \/>\n<a href=\"https:\/\/www.pivovary.info\/?page_id=80903\">Podhrad pivovar<\/a><br \/>\n<a href=\"https:\/\/www.pivovary.info\/?page_id=75530\">Podkov\u00e1\u0148 pivovar<\/a><br \/>\n<a href=\"https:\/\/www.pivovary.info\/?page_id=15162\">Podles\u00ed minipivovar<\/a><br \/>\n<a href=\"https:\/\/www.pivovary.info\/?page_id=87177\">Podmokly u Rokycan pivovar<\/a><br \/>\n<a href=\"https:\/\/www.pivovary.info\/?page_id=93186\">Podmoky minipivovar Sm\u00ed\u0161ek<\/a><br \/>\n<a href=\"https:\/\/www.pivovary.info\/?page_id=105557\">Podol\u00ed u Brna pivovar<\/a><br \/>\n<a href=\"https:\/\/www.pivovary.info\/?page_id=15234\">Polepy u Kol\u00edna minipivovar Svat\u00fd J\u00e1n<\/a><br \/>\n<a href=\"https:\/\/www.pivovary.info\/?page_id=131313\">Poli\u010dka minipivovar Na Pol\u00ed\u010dk\u00e1ch<\/a><br \/>\n<a href=\"https:\/\/www.pivovary.info\/?page_id=43640\">Poli\u010dka pivovar<\/a><br \/>\n<a href=\"https:\/\/www.pivovary.info\/?page_id=75995\">Poln\u00e1 M\u011b\u0161\u0165ansk\u00fd pivovar <\/a><br \/>\n<a href=\"https:\/\/www.pivovary.info\/?page_id=74383\">Poln\u00e1 Pansk\u00fd pivovar <\/a><br \/>\n<a href=\"https:\/\/www.pivovary.info\/?page_id=13050\">Popel\u00edn minipivovar<\/a><br \/>\n<a href=\"https:\/\/www.pivovary.info\/?page_id=124337\">Popovice u Ji\u010d\u00edna pivovar<\/a><br \/>\n<a href=\"https:\/\/www.pivovary.info\/?page_id=63619\">Postoloprty pivovar<\/a><br \/>\n<a href=\"https:\/\/www.pivovary.info\/?page_id=85883\">Postupice pivovar<\/a><br \/>\n<a href=\"https:\/\/www.pivovary.info\/?page_id=27616\">Pot\u0161tejn minipivovar Clock<\/a><br \/>\n<a href=\"https:\/\/www.pivovary.info\/?page_id=105038\">Pot\u0161tejn minipivovar Fenetra<\/a><br \/>\n<a href=\"https:\/\/www.pivovary.info\/?page_id=73209\">Pot\u0161tejn pivovar<\/a><br \/>\n<a href=\"https:\/\/www.pivovary.info\/?page_id=129143\">Pou\u010dn\u00edk (Karl\u0161tejn) pivovar<\/a><br \/>\n<a href=\"https:\/\/www.pivovary.info\/?page_id=186054\">Pozlovice minipivovar Komonec<\/a><br \/>\n<a href=\"https:\/\/www.pivovary.info\/?page_id=105280\">Pozo\u0159ice pivovar<\/a><br \/>\n<a href=\"https:\/\/www.pivovary.info\/?page_id=87710\">Prachatice Kn\u00ed\u017eec\u00ed pivovar<\/a><br \/>\n<a href=\"https:\/\/www.pivovary.info\/?page_id=28404\">Prachatice minipivovar<\/a><br \/>\n<a href=\"https:\/\/www.pivovary.info\/?page_id=87700\">Prachatice M\u011b\u0161\u0165ansk\u00fd pivovar nov\u00fd<\/a><br \/>\n<a href=\"https:\/\/www.pivovary.info\/?page_id=87691\">Prachatice M\u011b\u0161\u0165ansk\u00fd pivovar star\u00fd<\/a><br \/>\n<a href=\"https:\/\/www.pivovary.info\/?page_id=95580\">Praska\u010dka minipivovar Propper<\/a><br \/>\n<a href=\"https:\/\/www.pivovary.info\/?page_id=51795\">Pr\u00e1\u0161ily pivovar<\/a><br \/>\n<a href=\"https:\/\/www.pivovary.info\/?page_id=87187\">Pra\u0161n\u00fd \u00dajezd pivovar<\/a><br \/>\n<a href=\"https:\/\/www.pivovary.info\/?page_id=65325\">P\u0159edhrad\u00ed (Rychmburk) pivovar<\/a><br \/>\n<a href=\"https:\/\/www.pivovary.info\/?page_id=67764\">P\u0159edkl\u00e1\u0161te\u0159\u00ed minipivovar Vorkloster<\/a><br \/>\n<a href=\"https:\/\/www.pivovary.info\/?page_id=76831\">P\u0159eho\u0159ov pivovar<\/a><br \/>\n<a href=\"https:\/\/www.pivovary.info\/?page_id=71488\">P\u0159elou\u010d M\u011b\u0161\u0165ansk\u00fd (Emler\u016fv) pivovar <\/a><br \/>\n<a href=\"https:\/\/www.pivovary.info\/?page_id=71481\">P\u0159elou\u010d Sekerk\u016fv pivovar <\/a><br \/>\n<a href=\"https:\/\/www.pivovary.info\/?page_id=183551\">P\u0159epychy P\u0159epy\u0161sk\u00fd minipivovar<\/a><br \/>\n<a href=\"https:\/\/www.pivovary.info\/?page_id=9162\">P\u0159erov minipivovar Ji\u017ean<\/a><br \/>\n<a href=\"https:\/\/www.pivovary.info\/?page_id=11267\">P\u0159erov minipivovar Parn\u00edk<\/a><br \/>\n<a href=\"https:\/\/www.pivovary.info\/?page_id=76621\">P\u0159erov M\u011b\u0161\u0165ansk\u00fd pivovar <\/a><br \/>\n<a href=\"https:\/\/www.pivovary.info\/?page_id=73552\">P\u0159erov pivovar \u0160ilhav\u00fdch<\/a><br \/>\n<a href=\"https:\/\/www.pivovary.info\/?page_id=48532\">P\u0159erov pivovar Zubr<\/a><br \/>\n<a href=\"https:\/\/www.pivovary.info\/?page_id=72238\">P\u0159erov nad Labem pivovar<\/a><br \/>\n<a href=\"https:\/\/www.pivovary.info\/?page_id=30062\">P\u0159e\u0161tice minipivovar P\u0159e\u0161ek<\/a><br \/>\n<a href=\"https:\/\/www.pivovary.info\/?page_id=71256\">P\u0159\u00edbor minipivovar Freud<\/a><br \/>\n<a href=\"https:\/\/www.pivovary.info\/?page_id=144394\">P\u0159\u00edbor minipivovar Pivojem<\/a><br \/>\n<a href=\"https:\/\/www.pivovary.info\/?page_id=124075\">P\u0159\u00edbor pivovar<\/a><br \/>\n<a href=\"https:\/\/www.pivovary.info\/?page_id=50158\">P\u0159\u00edbram pivovar<\/a><br \/>\n<a href=\"https:\/\/www.pivovary.info\/?page_id=73544\">P\u0159ibyslav pivovar<\/a><br \/>\n<a href=\"https:\/\/www.pivovary.info\/?page_id=27482\">P\u0159\u00edchovice minipivovar U \u010d\u00e1pa<\/a><br \/>\n<a href=\"https:\/\/www.pivovary.info\/?page_id=134660\">P\u0159\u00edse\u010dnice Pansk\u00fd pivovar<\/a><br \/>\n<a href=\"https:\/\/www.pivovary.info\/?page_id=32626\">P\u0159\u00ed\u0161ov minipivovar<\/a><br \/>\n<a href=\"https:\/\/www.pivovary.info\/?page_id=60108\">P\u0159\u00edvozec u Bl\u00ed\u017eejova pivovar<\/a><br \/>\n<a href=\"https:\/\/www.pivovary.info\/?page_id=69334\">Prost\u011bjov minipivovar Axiom<\/a><br \/>\n<a href=\"https:\/\/www.pivovary.info\/?page_id=127609\">Prost\u011bjov minipivovar Mazal<\/a><br \/>\n<a href=\"https:\/\/www.pivovary.info\/?page_id=31882\">Prost\u011bjov minipivovar U kr\u00e1le Je\u010dm\u00ednka<\/a><br \/>\n<a href=\"https:\/\/www.pivovary.info\/?page_id=31921\">Prost\u011bjov minipivovar U T\u0159\u00ed kr\u00e1l\u016f<\/a><br \/>\n<a href=\"https:\/\/www.pivovary.info\/?page_id=71853\">Prost\u011bjov Akciov\u00fd pivovar<\/a><br \/>\n<a href=\"https:\/\/www.pivovary.info\/?page_id=62866\">Prost\u011bjov pivovar brat\u0159\u00ed Winter\u016f<\/a><br \/>\n<a href=\"https:\/\/www.pivovary.info\/?page_id=71776\">Prost\u011bjov pivovar Dvo\u0159\u00e1k-Binko<\/a><br \/>\n<a href=\"https:\/\/www.pivovary.info\/?page_id=29769\">Prost\u011bjov Velkorakovsk\u00fd minipivovar<\/a><br \/>\n<a href=\"https:\/\/www.pivovary.info\/?page_id=44278\">Protiv\u00edn pivovar<\/a><br \/>\n<a href=\"https:\/\/www.pivovary.info\/?page_id=106777\">Pr\u016fhonice minipivovar U Bezou\u0161k\u016f<\/a><br \/>\n<a href=\"https:\/\/www.pivovary.info\/?page_id=87339\">Prun\u00e9\u0159ov pivovar<\/a><br \/>\n<a href=\"https:\/\/www.pivovary.info\/?page_id=70141\">Pru\u0161\u00e1nky minipivovar Star\u00fd dv\u016fr<\/a><br \/>\n<a href=\"https:\/\/www.pivovary.info\/?page_id=53782\">Puclice pivovar<\/a><br \/>\n<a href=\"https:\/\/www.pivovary.info\/?page_id=156684\">Pten\u00ed minipivovar \u0160arovec<\/a><br \/>\n<a href=\"https:\/\/www.pivovary.info\/?page_id=86986\">Putim pivovar<\/a><\/p>\n","protected":false},"excerpt":{"rendered":"<p>Pacov minipivovar Pacov pivovar Padochov minipivovar Pakom\u011b\u0159ice pivovar Pala\u010dov minipivovar Pali\u010d\u00e1k Panensk\u00fd T\u00fdnec pivovar Parbubice minipivovar Arno\u0161t Pardubice Mal\u00fd pivovar Pardubice minipivovar H\u0159ebec Pardubice minipivovar U Vojt\u011bch\u016f Pardubice Akciov\u00fd pivovar Pardubice Z\u00e1meck\u00fd pivovar Paseky&#46;&#46;&#46;<\/p>\n","protected":false},"author":1,"featured_media":46256,"parent":6458,"menu_order":0,"comment_status":"open","ping_status":"closed","template":"","meta":{"ngg_post_thumbnail":0,"footnotes":""},"class_list":["post-47190","page","type-page","status-publish","has-post-thumbnail","hentry"],"_links":{"self":[{"href":"https:\/\/www.pivovary.info\/index.php?rest_route=\/wp\/v2\/pages\/47190","targetHints":{"allow":["GET"]}}],"collection":[{"href":"https:\/\/www.pivovary.info\/index.php?rest_route=\/wp\/v2\/pages"}],"about":[{"href":"https:\/\/www.pivovary.info\/index.php?rest_route=\/wp\/v2\/types\/page"}],"author":[{"embeddable":true,"href":"https:\/\/www.pivovary.info\/index.php?rest_route=\/wp\/v2\/users\/1"}],"replies":[{"embeddable":true,"href":"https:\/\/www.pivovary.info\/index.php?rest_route=%2Fwp%2Fv2%2Fcomments&post=47190"}],"version-history":[{"count":0,"href":"https:\/\/www.pivovary.info\/index.php?rest_route=\/wp\/v2\/pages\/47190\/revisions"}],"up":[{"embeddable":true,"href":"https:\/\/www.pivovary.info\/index.php?rest_route=\/wp\/v2\/pages\/6458"}],"wp:featuredmedia":[{"embeddable":true,"href":"https:\/\/www.pivovary.info\/index.php?rest_route=\/wp\/v2\/media\/46256"}],"wp:attachment":[{"href":"https:\/\/www.pivovary.info\/index.php?rest_route=%2Fwp%2Fv2%2Fmedia&parent=47190"}],"curies":[{"name":"wp","href":"https:\/\/api.w.org\/{rel}","templated":true}]}}