{"id":47192,"date":"2018-08-10T10:14:07","date_gmt":"2018-08-10T08:14:07","guid":{"rendered":"http:\/\/www.zpravy.pivovary.info\/?page_id=47192"},"modified":"2025-12-10T11:10:13","modified_gmt":"2025-12-10T10:10:13","slug":"fotoalbum-pivovaru-9","status":"publish","type":"page","link":"https:\/\/www.pivovary.info\/?page_id=47192","title":{"rendered":"Praha fotoalbum pivovar\u016f"},"content":{"rendered":"<p><a href=\"https:\/\/www.pivovary.info\/?page_id=78791\">Praha \u2013 Bran\u00edk fotoalbum pivovaru Dominik\u00e1nsk\u00fd<\/a><br \/>\n<a href=\"https:\/\/www.pivovary.info\/?page_id=69182\">Praha \u2013 Dejvice fotoalbum pivovaru<\/a><br \/>\n<a href=\"https:\/\/www.pivovary.info\/?page_id=82340\">Praha \u2013 Kunratice fotoalbum pivovaru Z\u00e1meck\u00fd<\/a><br \/>\n<a href=\"https:\/\/www.pivovary.info\/?page_id=76700\">Praha \u2013 Libe\u0148 fotoalbum pivovaru Parostrojn\u00ed<\/a><br \/>\n<a href=\"https:\/\/www.pivovary.info\/?page_id=76699\">Praha \u2013 Libe\u0148 fotoalbum pivovaru Z\u00e1meck\u00fd<\/a><br \/>\n<a href=\"https:\/\/www.pivovary.info\/?page_id=76686\">Praha \u2013 Michle fotoalbum pivovaru<\/a><br \/>\n<a href=\"https:\/\/www.pivovary.info\/?page_id=63556\">Praha \u2013 Motol fotoalbum pivovaru<\/a><br \/>\n<a href=\"https:\/\/www.pivovary.info\/?page_id=76720\">Praha \u2013 Petrovice fotoalbum pivovaru<\/a><br \/>\n<a href=\"https:\/\/www.pivovary.info\/?page_id=76540\">Praha \u2013 Sm\u00edchov fotoalbum pivovaru Akciov\u00fd<\/a><br \/>\n<a href=\"https:\/\/www.pivovary.info\/?page_id=74898\">Praha \u2013 Hole\u0161ovice fotoalbum pivovaru<\/a><br \/>\n<a href=\"https:\/\/www.pivovary.info\/?page_id=63330\">Praha \u2013 Jinonice fotoalbum pivovaru<\/a><br \/>\n<a href=\"https:\/\/www.pivovary.info\/?page_id=69545\">Praha \u2013 Lochkov fotoalbum pivovaru<\/a><br \/>\n<a href=\"https:\/\/www.pivovary.info\/?page_id=76600\">Praha \u2013 Tr\u00f3ja fotoalbum pivovaru<\/a><br \/>\n<a href=\"https:\/\/www.pivovary.info\/?page_id=58618\">Praha fotoalbum And\u011blsk\u00e9ho pivovaru<\/a><br \/>\n<a href=\"https:\/\/www.pivovary.info\/?page_id=76932\">Praha fotoalbum \u010cern\u00fd pivovar<\/a><br \/>\n<a href=\"https:\/\/www.pivovary.info\/?page_id=10053\">Praha fotoalbum Jihom\u011bstsk\u00e9ho minipivovaru<\/a><br \/>\n<a href=\"https:\/\/www.pivovary.info\/?page_id=58798\">Praha fotoalbum Kbelsk\u00e9ho pivovaru<\/a><br \/>\n<a href=\"https:\/\/www.pivovary.info\/?page_id=25010\">Praha fotoalbum Strahovsk\u00e9ho pivovaru<\/a><br \/>\n<a href=\"https:\/\/www.pivovary.info\/?page_id=127040\">Praha fotoalbum K\u0159\u00ed\u017eovnick\u00e9ho pivovaru<\/a><br \/>\n<a href=\"https:\/\/www.pivovary.info\/?page_id=27329\">Praha fotoalbum Libock\u00e9ho pivovaru<\/a><br \/>\n<a href=\"https:\/\/www.pivovary.info\/?page_id=106553\">Praha fotoalbum minipivovaru Bad Flash<\/a><br \/>\n<a href=\"https:\/\/www.pivovary.info\/?page_id=26337\">Praha fotoalbum minipivovaru Ba\u0161ta<\/a><br \/>\n<a href=\"https:\/\/www.pivovary.info\/?page_id=13264\">Praha fotoalbum minipivovaru Beznoska<\/a><br \/>\n<a href=\"https:\/\/www.pivovary.info\/?page_id=140565\">Praha fotoalbum minipivovaru \u0160ohajka<\/a><br \/>\n<a href=\"https:\/\/www.pivovary.info\/?page_id=24994\">Praha fotoalbum minipivovaru Bor\u0161ov<\/a><br \/>\n<a href=\"https:\/\/www.pivovary.info\/?page_id=58750\">Praha fotoalbum minipivovaru Bubene\u010d<\/a><br \/>\n<a href=\"https:\/\/www.pivovary.info\/?page_id=42093\">Praha fotoalbum minipivovaru Cobolis<\/a><br \/>\n<a href=\"https:\/\/www.pivovary.info\/?page_id=57277\">Praha fotoalbum minipivovaru Dva kohouti<\/a><br \/>\n<a href=\"https:\/\/www.pivovary.info\/?page_id=89544\">Praha fotoalbum minipivovaru Horym\u00edr<\/a><br \/>\n<a href=\"https:\/\/www.pivovary.info\/?page_id=20443\">Praha fotoalbum minipivovaru Hostivar<\/a><br \/>\n<a href=\"https:\/\/www.pivovary.info\/?page_id=23479\">Praha fotoalbum minipivovaru Hostivar II.<\/a><br \/>\n<a href=\"https:\/\/www.pivovary.info\/?page_id=38594\">Praha fotoalbum minipivovaru Kail<\/a><br \/>\n<a href=\"https:\/\/www.pivovary.info\/?page_id=3786\">Praha fotoalbum minipivovaru Kol\u010davka<\/a><br \/>\n<a href=\"https:\/\/www.pivovary.info\/?page_id=170395\">Praha fotoalbum minipivovaru Kolkovna<\/a><br \/>\n<a href=\"https:\/\/www.pivovary.info\/?page_id=6187\">Praha fotoalbum minipivovaru Kunratice<\/a><br \/>\n<a href=\"https:\/\/www.pivovary.info\/?page_id=42922\">Praha fotoalbum minipivovaru Ladronka<\/a><br \/>\n<a href=\"https:\/\/www.pivovary.info\/?page_id=61302\">Praha fotoalbum minipivovaru Lajka<\/a><br \/>\n<a href=\"https:\/\/www.pivovary.info\/?page_id=20806\">Praha fotoalbum minipivovaru Lo\u010f<\/a><br \/>\n<a href=\"https:\/\/www.pivovary.info\/?page_id=11238\">Praha fotoalbum minipivovaru Lu\u017einy<\/a><br \/>\n<a href=\"https:\/\/www.pivovary.info\/?page_id=159328\">Praha fotoalbum minipivovaru Contract Brewing<\/a><br \/>\n<a href=\"https:\/\/www.pivovary.info\/?page_id=32184\">Praha fotoalbum minipivovaru Marina<\/a><br \/>\n<a href=\"https:\/\/www.pivovary.info\/?page_id=142538\">Praha fotoalbum minipivovaru Mikul\u00e1\u0161<\/a><br \/>\n<a href=\"https:\/\/www.pivovary.info\/?page_id=16761\">Praha fotoalbum minipivovaru Moucha<\/a><br \/>\n<a href=\"https:\/\/www.pivovary.info\/?page_id=13322\">Praha fotoalbum minipivovaru Na Lochkov\u011b<\/a><br \/>\n<a href=\"https:\/\/www.pivovary.info\/?page_id=3346\">Praha fotoalbum minipivovaru N\u00e1rodn\u00ed<\/a><br \/>\n<a href=\"https:\/\/www.pivovary.info\/?page_id=46121\">Praha fotoalbum minipivovaru \u0158\u00edmsk\u00e1<\/a><br \/>\n<a href=\"https:\/\/www.pivovary.info\/?page_id=82262\">Praha fotoalbum minipivovaru Panaczech<\/a><br \/>\n<a href=\"https:\/\/www.pivovary.info\/?page_id=56041\">Praha fotoalbum minipivovaru Pivo Karl\u00edn<\/a><br \/>\n<a href=\"https:\/\/www.pivovary.info\/?page_id=73338\">Praha fotoalbum minipivovaru Po\u010der\u0148\u00e1k<\/a><br \/>\n<a href=\"https:\/\/www.pivovary.info\/?page_id=81834\">Praha fotoalbum minipivovaru Prokop\u00e1k<\/a><br \/>\n<a href=\"https:\/\/www.pivovary.info\/?page_id=42880\">Praha fotoalbum minipivovaru \u0158eporyje<\/a><br \/>\n<a href=\"https:\/\/www.pivovary.info\/?page_id=3159\">Praha fotoalbum minipivovaru \u0160ediv\u00e1k<\/a><br \/>\n<a href=\"https:\/\/www.pivovary.info\/?page_id=42735\">Praha fotoalbum minipivovaru Spojovna<\/a><br \/>\n<a href=\"https:\/\/www.pivovary.info\/?page_id=37960\">Praha fotoalbum minipivovaru Trilobit<\/a><br \/>\n<a href=\"https:\/\/www.pivovary.info\/?page_id=22655\">Praha fotoalbum minipivovaru U Bulovky<\/a><br \/>\n<a href=\"https:\/\/www.pivovary.info\/?page_id=15964\">Praha fotoalbum minipivovaru U Dob\u0159ensk\u00fdch<\/a><br \/>\n<a href=\"https:\/\/www.pivovary.info\/?page_id=16748\">Praha fotoalbum minipivovaru U dvou ko\u010dek<\/a><br \/>\n<a href=\"https:\/\/www.pivovary.info\/?page_id=31838\">Praha fotoalbum minipivovaru U Flek\u016f<\/a><br \/>\n<a href=\"https:\/\/www.pivovary.info\/?page_id=16750\">Praha fotoalbum minipivovaru U Medv\u00eddk\u016f<\/a><br \/>\n<a href=\"https:\/\/www.pivovary.info\/?page_id=25575\">Praha fotoalbum minipivovaru U t\u0159\u00ed r\u016f\u017e\u00ed<\/a><br \/>\n<a href=\"https:\/\/www.pivovary.info\/?page_id=8661\">Praha fotoalbum minipivovaru Uh\u0159\u00edn\u011bves<\/a><br \/>\n<a href=\"https:\/\/www.pivovary.info\/?page_id=36266\">Praha fotoalbum minipivovaru Victor<\/a><br \/>\n<a href=\"https:\/\/www.pivovary.info\/?page_id=90153\">Praha fotoalbum minipivovaru Vik<\/a><br \/>\n<a href=\"https:\/\/www.pivovary.info\/?page_id=45496\">Praha fotoalbum minipivovaru Vojan\u016fv dv\u016fr<\/a><br \/>\n<a href=\"https:\/\/www.pivovary.info\/?page_id=142431\">Praha fotoalbum nanopivovaru Automat Matu\u0161ka<\/a><br \/>\n<a href=\"https:\/\/www.pivovary.info\/?page_id=26818\">Praha fotoalbum Novom\u011bstsk\u00e9ho pivovaru<\/a><br \/>\n<a href=\"https:\/\/www.pivovary.info\/?page_id=36410\">Praha fotoalbum Pivovarsk\u00e9ho domu<\/a><br \/>\n<a href=\"https:\/\/www.pivovary.info\/?page_id=76557\">Praha fotoalbum pivovaru Svat\u00fd Tom\u00e1\u0161<\/a><br \/>\n<a href=\"https:\/\/www.pivovary.info\/?page_id=77142\">Praha fotoalbum pivovaru U Mysl\u00edk\u016f<\/a><br \/>\n<a href=\"https:\/\/www.pivovary.info\/?page_id=130971\">Praha fotoalbum pivovaru U Bachor\u016f<\/a><br \/>\n<a href=\"https:\/\/www.pivovary.info\/?page_id=77149\">Praha fotoalbum pivovaru U Buck\u016f<\/a><br \/>\n<a href=\"https:\/\/www.pivovary.info\/?page_id=131031\">Praha fotoalbum pivovaru U C\u00edsa\u0159sk\u00fdch<\/a><br \/>\n<a href=\"https:\/\/www.pivovary.info\/?page_id=82413\">Praha fotoalbum pivovaru U \u010d\u00edsla 1<\/a><br \/>\n<a href=\"https:\/\/www.pivovary.info\/?page_id=119516\">Praha fotoalbum pivovaru U dvou zlat\u00fdch medv\u011bd\u016f<\/a><br \/>\n<a href=\"https:\/\/www.pivovary.info\/?page_id=109844\">Praha fotoalbum pivovaru U Glaubic\u016f<\/a><br \/>\n<a href=\"https:\/\/www.pivovary.info\/?page_id=76945\">Praha fotoalbum pivovaru U Hal\u00e1nk\u016f<\/a><br \/>\n<a href=\"https:\/\/www.pivovary.info\/?page_id=127151\">Praha fotoalbum pivovaru U Karabinsk\u00fdch<\/a><br \/>\n<a href=\"https:\/\/www.pivovary.info\/?page_id=127084\">Praha fotoalbum pivovaru U Kleeblat\u016f<\/a><br \/>\n<a href=\"https:\/\/www.pivovary.info\/?page_id=127033\">Praha fotoalbum pivovaru U Klouzar\u016f<\/a><br \/>\n<a href=\"https:\/\/www.pivovary.info\/?page_id=82420\">Praha fotoalbum pivovaru U modr\u00e9 \u0161tiky<\/a><br \/>\n<a href=\"https:\/\/www.pivovary.info\/?page_id=77158\">Praha fotoalbum pivovaru U Primas\u016f<\/a><br \/>\n<a href=\"https:\/\/www.pivovary.info\/?page_id=77363\">Praha fotoalbum pivovaru U Rozva\u0159il\u016f<\/a><br \/>\n<a href=\"https:\/\/www.pivovary.info\/?page_id=127026\">Praha fotoalbum pivovaru U \u0160\u00e1lk\u016f<\/a><br \/>\n<a href=\"https:\/\/www.pivovary.info\/?page_id=119506\">Praha fotoalbum pivovaru U Sladk\u00fdch<\/a><br \/>\n<a href=\"https:\/\/www.pivovary.info\/?page_id=119483\">Praha fotoalbum pivovaru U Splav\u00edn\u016f<\/a><br \/>\n<a href=\"https:\/\/www.pivovary.info\/?page_id=130965\">Praha fotoalbum pivovaru U \u0160tajgr\u016f<\/a><br \/>\n<a href=\"https:\/\/www.pivovary.info\/?page_id=119530\">Praha fotoalbum pivovaru U st\u0159\u00edbrn\u00e9 hv\u011bzdy<\/a><br \/>\n<a href=\"https:\/\/www.pivovary.info\/?page_id=119547\">Praha fotoalbum pivovaru U t\u0159\u00ed \u010d\u00e1p\u016f<\/a><br \/>\n<a href=\"https:\/\/www.pivovary.info\/?page_id=119537\">Praha fotoalbum pivovaru U t\u0159\u00ed per<\/a><br \/>\n<a href=\"https:\/\/www.pivovary.info\/?page_id=119459\">Praha fotoalbum pivovaru U Vejvod\u016f<\/a><br \/>\n<a href=\"https:\/\/www.pivovary.info\/?page_id=82427\">Praha fotoalbum pivovaru U Virl\u016f<\/a><br \/>\n<a href=\"https:\/\/www.pivovary.info\/?page_id=119523\">Praha fotoalbum pivovaru U Z\u00e1zvork\u016f<\/a><br \/>\n<a href=\"https:\/\/www.pivovary.info\/?page_id=119497\">Praha fotoalbum pivovaru U zelen\u00e9ho stromu<\/a><br \/>\n<a href=\"https:\/\/www.pivovary.info\/?page_id=136299\">Praha fotoalbum pivovaru U zlat\u00e9 \u0161tiky<\/a><br \/>\n<a href=\"https:\/\/www.pivovary.info\/?page_id=82408\">Praha fotoalbum pivovaru U zlat\u00e9ho and\u011bla<\/a><br \/>\n<a href=\"https:\/\/www.pivovary.info\/?page_id=50324\">Praha fotoalbum pivovaru Vinohrady<\/a><br \/>\n<a href=\"https:\/\/www.pivovary.info\/?page_id=64202\">Praha fotoalbum pivovaru Vyso\u010dany<\/a><br \/>\n<a href=\"https:\/\/www.pivovary.info\/?page_id=11306\">Praha fotoalbum Po\u010dernick\u00e9ho pivovaru<\/a><br \/>\n<a href=\"https:\/\/www.pivovary.info\/?page_id=22774\">Praha fotoalbum Rukod\u011bln\u00e9ho pivov\u00e1rku T\u0159ebonice<\/a><br \/>\n<a href=\"https:\/\/www.pivovary.info\/?page_id=107141\">Praha fotoalbum \u0160koln\u00edho pivovaru \u010cZU<\/a><br \/>\n<a href=\"https:\/\/www.pivovary.info\/?page_id=106983\">Praha fotoalbum \u0161koln\u00edho pivovaru SP\u0160 Podskalsk\u00e1<\/a><br \/>\n<a href=\"https:\/\/www.pivovary.info\/?page_id=50510\">Praha fotoalbum \u0160koln\u00edho pivovaru V\u0160CHT<\/a><br \/>\n<a href=\"https:\/\/www.pivovary.info\/?page_id=22158\">Praha fotoalbum Starom\u011bstsk\u00e9ho minipivovaru U Supa<\/a><br \/>\n<a href=\"https:\/\/www.pivovary.info\/?page_id=14574\">Praha fotoalbum Vinohradsk\u00e9ho minipivovaru<\/a><br \/>\n<a href=\"https:\/\/www.pivovary.info\/?page_id=53160\">Praha-Bran\u00edk fotoalbum pivovaru<\/a><br \/>\n<a href=\"https:\/\/www.pivovary.info\/?page_id=26709\">Praha-B\u0159evnov fotoalbum Kl\u00e1\u0161tern\u00edho minipivovaru<\/a><br \/>\n<a href=\"https:\/\/www.pivovary.info\/?page_id=126915\">Praha-B\u0159evnov fotoalbum Kl\u00e1\u0161tern\u00edho pivovaru<\/a><br \/>\n<a href=\"https:\/\/www.pivovary.info\/?page_id=82506\">Praha-Bubny fotoalbum pivovaru<\/a><br \/>\n<a href=\"https:\/\/www.pivovary.info\/?page_id=65635\">Praha-Chvaly fotoalbum pivovaru<\/a><br \/>\n<a href=\"https:\/\/www.pivovary.info\/?page_id=136251\">Praha-Doln\u00ed Po\u010dernice fotoalbum pivovaru<\/a><br \/>\n<a href=\"https:\/\/www.pivovary.info\/?page_id=63118\">Praha-Horn\u00ed Kr\u010d fotoalbum pivovaru<\/a><br \/>\n<a href=\"https:\/\/www.pivovary.info\/?page_id=82334\">Praha-Kbely fotoalbum pivovaru<\/a><br \/>\n<a href=\"https:\/\/www.pivovary.info\/?page_id=109828\">Praha-Ko\u0161\u00ed\u0159e fotoalbum pivovaru<\/a><br \/>\n<a href=\"https:\/\/www.pivovary.info\/?page_id=82360\">Praha-Mal\u00e1 Strana fotoalbum pivovaru U Schnell\u016f<\/a><br \/>\n<a href=\"https:\/\/www.pivovary.info\/?page_id=82351\">Praha-Nov\u00e9 M\u011bsto fotoalbum pivovaru U \u0160enflok\u016f<\/a><br \/>\n<a href=\"https:\/\/www.pivovary.info\/?page_id=71403\">Praha-Nusle fotoalbum pivovaru<\/a><br \/>\n<a href=\"https:\/\/www.pivovary.info\/?page_id=65624\">Praha-Pr\u00e1\u010de fotoalbum pivovaru<\/a><br \/>\n<a href=\"https:\/\/www.pivovary.info\/?page_id=127162\">Praha-Suchdol fotoalbum pivovaru Brandejs\u016fv statek<\/a><br \/>\n<a href=\"https:\/\/www.pivovary.info\/?page_id=82370\">Praha-Vr\u0161ovice fotoalbum pivovaru<\/a><br \/>\n<a href=\"https:\/\/www.pivovary.info\/?page_id=80245\">Praha-Vyso\u010dany fotoalbum minipivovaru PowerBrew (Sibeeria)<\/a><br \/>\n<a href=\"https:\/\/www.pivovary.info\/?page_id=178494\">Praha-Vy\u0161ehrad fotoalbum pivovaru Libu\u0161inka<\/a><br \/>\n<a href=\"https:\/\/www.pivovary.info\/?page_id=56644\">Praha-Zbraslav fotoalbum pivovaru<\/a><br \/>\n<a href=\"https:\/\/www.pivovary.info\/?page_id=64111\">Praha-\u017di\u017ekov fotoalbum mikropivovaru Nedomlel<\/a><\/p>\n <script async src=\"\/\/pagead2.googlesyndication.com\/pagead\/js\/adsbygoogle.js\"><\/script>\r\n<!-- zpravy -->\r\n<ins class=\"adsbygoogle\"\r\n     style=\"display:block\"\r\n     data-ad-client=\"ca-pub-5694300196982120\"\r\n     data-ad-slot=\"3541247592\"\r\n     data-ad-format=\"auto\"><\/ins>\r\n<script>\r\n(adsbygoogle = window.adsbygoogle || []).push({});\r\n<\/script>\n","protected":false},"excerpt":{"rendered":"<p>Praha \u2013 Bran\u00edk fotoalbum pivovaru Dominik\u00e1nsk\u00fd Praha \u2013 Dejvice fotoalbum pivovaru Praha \u2013 Kunratice fotoalbum pivovaru Z\u00e1meck\u00fd Praha \u2013 Libe\u0148 fotoalbum pivovaru Parostrojn\u00ed Praha \u2013 Libe\u0148 fotoalbum pivovaru Z\u00e1meck\u00fd Praha \u2013 Michle fotoalbum pivovaru&#46;&#46;&#46;<\/p>\n","protected":false},"author":1,"featured_media":25133,"parent":6458,"menu_order":0,"comment_status":"open","ping_status":"closed","template":"","meta":{"ngg_post_thumbnail":0,"footnotes":""},"class_list":["post-47192","page","type-page","status-publish","has-post-thumbnail","hentry"],"_links":{"self":[{"href":"https:\/\/www.pivovary.info\/index.php?rest_route=\/wp\/v2\/pages\/47192","targetHints":{"allow":["GET"]}}],"collection":[{"href":"https:\/\/www.pivovary.info\/index.php?rest_route=\/wp\/v2\/pages"}],"about":[{"href":"https:\/\/www.pivovary.info\/index.php?rest_route=\/wp\/v2\/types\/page"}],"author":[{"embeddable":true,"href":"https:\/\/www.pivovary.info\/index.php?rest_route=\/wp\/v2\/users\/1"}],"replies":[{"embeddable":true,"href":"https:\/\/www.pivovary.info\/index.php?rest_route=%2Fwp%2Fv2%2Fcomments&post=47192"}],"version-history":[{"count":0,"href":"https:\/\/www.pivovary.info\/index.php?rest_route=\/wp\/v2\/pages\/47192\/revisions"}],"up":[{"embeddable":true,"href":"https:\/\/www.pivovary.info\/index.php?rest_route=\/wp\/v2\/pages\/6458"}],"wp:featuredmedia":[{"embeddable":true,"href":"https:\/\/www.pivovary.info\/index.php?rest_route=\/wp\/v2\/media\/25133"}],"wp:attachment":[{"href":"https:\/\/www.pivovary.info\/index.php?rest_route=%2Fwp%2Fv2%2Fmedia&parent=47192"}],"curies":[{"name":"wp","href":"https:\/\/api.w.org\/{rel}","templated":true}]}}