{"id":47351,"date":"2018-08-13T08:55:25","date_gmt":"2018-08-13T06:55:25","guid":{"rendered":"http:\/\/www.zpravy.pivovary.info\/?page_id=47351"},"modified":"2025-10-24T11:15:33","modified_gmt":"2025-10-24T09:15:33","slug":"fotoalbum-pivovaru-7-3","status":"publish","type":"page","link":"https:\/\/www.pivovary.info\/?page_id=47351","title":{"rendered":"G fotoalbum pivovar\u016f"},"content":{"rendered":"<p><a href=\"https:\/\/www.pivovary.info\/?page_id=11101\">Gol\u010d\u016fv Jen\u00edkov pivovar<\/a><br \/>\n<a href=\"https:\/\/www.pivovary.info\/?page_id=82160\">Grab\u0161tejn pivovar<\/a><br \/>\n<a href=\"https:\/\/www.pivovary.info\/?page_id=67969\">Grafenried-Lu\u010dina pivovar<\/a><\/p>\n","protected":false},"excerpt":{"rendered":"<p>Gol\u010d\u016fv Jen\u00edkov pivovar Grab\u0161tejn pivovar Grafenried-Lu\u010dina pivovar<\/p>\n","protected":false},"author":1,"featured_media":46969,"parent":6458,"menu_order":0,"comment_status":"open","ping_status":"closed","template":"","meta":{"ngg_post_thumbnail":0,"footnotes":""},"class_list":["post-47351","page","type-page","status-publish","has-post-thumbnail","hentry"],"_links":{"self":[{"href":"https:\/\/www.pivovary.info\/index.php?rest_route=\/wp\/v2\/pages\/47351","targetHints":{"allow":["GET"]}}],"collection":[{"href":"https:\/\/www.pivovary.info\/index.php?rest_route=\/wp\/v2\/pages"}],"about":[{"href":"https:\/\/www.pivovary.info\/index.php?rest_route=\/wp\/v2\/types\/page"}],"author":[{"embeddable":true,"href":"https:\/\/www.pivovary.info\/index.php?rest_route=\/wp\/v2\/users\/1"}],"replies":[{"embeddable":true,"href":"https:\/\/www.pivovary.info\/index.php?rest_route=%2Fwp%2Fv2%2Fcomments&post=47351"}],"version-history":[{"count":0,"href":"https:\/\/www.pivovary.info\/index.php?rest_route=\/wp\/v2\/pages\/47351\/revisions"}],"up":[{"embeddable":true,"href":"https:\/\/www.pivovary.info\/index.php?rest_route=\/wp\/v2\/pages\/6458"}],"wp:featuredmedia":[{"embeddable":true,"href":"https:\/\/www.pivovary.info\/index.php?rest_route=\/wp\/v2\/media\/46969"}],"wp:attachment":[{"href":"https:\/\/www.pivovary.info\/index.php?rest_route=%2Fwp%2Fv2%2Fmedia&parent=47351"}],"curies":[{"name":"wp","href":"https:\/\/api.w.org\/{rel}","templated":true}]}}