{"id":47398,"date":"2018-08-13T10:42:49","date_gmt":"2018-08-13T08:42:49","guid":{"rendered":"http:\/\/www.zpravy.pivovary.info\/?page_id=47398"},"modified":"2025-10-24T13:14:42","modified_gmt":"2025-10-24T11:14:42","slug":"fotoalbum-pivovaru-6-2-2","status":"publish","type":"page","link":"https:\/\/www.pivovary.info\/?page_id=47398","title":{"rendered":"K fotoalbum pivovar\u016f"},"content":{"rendered":"<p><a href=\"https:\/\/www.pivovary.info\/?page_id=10623\">K\u00e1cov minipivovar Hubertus<\/a><br \/>\n<a href=\"https:\/\/www.pivovary.info\/?page_id=72080\">Kada\u0148 Kl\u00e1\u0161tern\u00ed pivovar <\/a><br \/>\n<a href=\"https:\/\/www.pivovary.info\/?page_id=72074\">Kada\u0148 M\u011b\u0161\u0165ansk\u00fd pivovar <\/a><br \/>\n<a href=\"https:\/\/www.pivovary.info\/?page_id=119441\">K\u00e1men pivovar<\/a><br \/>\n<a href=\"https:\/\/www.pivovary.info\/?page_id=23765\">Kamenice nad Lipou pivovar<\/a><br \/>\n<a href=\"https:\/\/www.pivovary.info\/?page_id=46433\">Kamenice u Jihlavy minipivovar<\/a><br \/>\n<a href=\"https:\/\/www.pivovary.info\/?page_id=27431\">Kamenn\u00fd \u00dajezd minipivovar Lou\u017eek<\/a><br \/>\n<a href=\"https:\/\/www.pivovary.info\/?page_id=168491\">Kam\u00fdk nad Vltavou malopivovar Hunec<\/a><br \/>\n<a href=\"https:\/\/www.pivovary.info\/?page_id=71136\">Kam\u00fdk nad Vltavou pivovar<\/a><br \/>\n<a href=\"https:\/\/www.pivovary.info\/?page_id=14163\">Kaplice Hrab\u011bc\u00ed pivovar<\/a><br \/>\n<a href=\"https:\/\/www.pivovary.info\/?page_id=73090\">Kaplice M\u011bstsk\u00fd pivovar <\/a><br \/>\n<a href=\"https:\/\/www.pivovary.info\/?page_id=188005\">Kaplice minipivovar Habakuk<\/a><br \/>\n<a href=\"https:\/\/www.pivovary.info\/?page_id=139902\">K\u00e1ran\u00fd minipivovar<\/a><br \/>\n<a href=\"https:\/\/www.pivovary.info\/?page_id=72367\">Karda\u0161ova \u0158e\u010dice pivovar<\/a><br \/>\n<a href=\"https:\/\/www.pivovary.info\/?page_id=31041\">Karlovy Vary minipivovar Karel IV.<\/a><br \/>\n<a href=\"https:\/\/www.pivovary.info\/?page_id=81048\">Karlovy Vary M\u011b\u0161\u0165ansk\u00fd pivovar <\/a><br \/>\n<a href=\"https:\/\/www.pivovary.info\/?page_id=47646\">Karlovy Vary-Ryb\u00e1\u0159e pivovar <\/a><br \/>\n<a href=\"https:\/\/www.pivovary.info\/?page_id=87263\">Karl\u0161tejn mikropivovar<\/a><br \/>\n<a href=\"https:\/\/www.pivovary.info\/?page_id=21693\">Karvin\u00e1 Karvinsk\u00fd minipivovar Larische<\/a><br \/>\n<a href=\"https:\/\/www.pivovary.info\/?page_id=21660\">Karvin\u00e1 M\u011bstsk\u00fd karvinsk\u00fd pivovar<\/a><br \/>\n<a href=\"https:\/\/www.pivovary.info\/?page_id=49271\">Karvin\u00e1-Fry\u0161t\u00e1t M\u011b\u0161\u0165ansk\u00fd pivovar<\/a><br \/>\n<a href=\"https:\/\/www.pivovary.info\/?page_id=49213\">Karvin\u00e1 star\u00fd pivovar Larisch-M\u00f6nnicha<\/a><br \/>\n<a href=\"https:\/\/www.pivovary.info\/?page_id=49252\">Karvin\u00e1 nov\u00fd pivovar Larisch-M\u00f6nnicha<\/a><br \/>\n<a href=\"https:\/\/www.pivovary.info\/?page_id=46999\">Ka\u0161persk\u00e9 Hory M\u011b\u0161\u0165ansk\u00fd pivovar<\/a><br \/>\n<a href=\"https:\/\/www.pivovary.info\/?page_id=13204\">Ka\u0161persk\u00e9 Hory minipivovar<\/a><br \/>\n<a href=\"https:\/\/www.pivovary.info\/?page_id=186676\">Kazn\u011bjov minipivovar Brat\u0159i v pivu<\/a><br \/>\n<a href=\"https:\/\/www.pivovary.info\/?page_id=54749\">Kel\u010d minipivovar<\/a><br \/>\n<a href=\"https:\/\/www.pivovary.info\/?page_id=15226\">Kladno minipivovar Starokladno<\/a><br \/>\n<a href=\"https:\/\/www.pivovary.info\/?page_id=101854\">Kladno-Kro\u010dehlavy minipivovar<\/a><br \/>\n<a href=\"https:\/\/www.pivovary.info\/?page_id=53554\">Kladno-Kro\u010dehlavy pivovar<\/a><br \/>\n<a href=\"https:\/\/www.pivovary.info\/?page_id=78998\">Kladruby Kn\u00ed\u017eec\u00ed pivovar <\/a><br \/>\n<a href=\"https:\/\/www.pivovary.info\/?page_id=79003\">Kladruby M\u011b\u0161\u0165ansk\u00fd pivovar <\/a><br \/>\n<a href=\"https:\/\/www.pivovary.info\/?page_id=74823\">Kl\u00e1\u0161ter Hradi\u0161t\u011b pivovar<\/a><br \/>\n<a href=\"https:\/\/www.pivovary.info\/?page_id=77513\">Kl\u00e1\u0161terec nad Oh\u0159\u00ed M\u011b\u0161\u0165ansk\u00fd pivovar <\/a><br \/>\n<a href=\"https:\/\/www.pivovary.info\/?page_id=77525\">Kl\u00e1\u0161terec nad Oh\u0159\u00ed Pansk\u00fd pivovar <\/a><br \/>\n<a href=\"https:\/\/www.pivovary.info\/?page_id=49660\">Klatovy Akciov\u00fd pivovar<\/a><br \/>\n<a href=\"https:\/\/www.pivovary.info\/?page_id=47790\">Klatovy M\u011b\u0161\u0165ansk\u00fd pivovar<\/a><br \/>\n<a href=\"https:\/\/www.pivovary.info\/?page_id=34483\">Klatovy minipivovar<\/a><br \/>\n<a href=\"https:\/\/www.pivovary.info\/?page_id=77534\">Klecany pivovar<\/a><br \/>\n<a href=\"https:\/\/www.pivovary.info\/?page_id=70506\">Kl\u00edny minipivovar Emeran<\/a><br \/>\n<a href=\"https:\/\/www.pivovary.info\/?page_id=80443\">Klobuky pivovar<\/a><br \/>\n<a href=\"https:\/\/www.pivovary.info\/?page_id=182820\">Klobuky u Brna minipivovar Myjavka<\/a><br \/>\n<a href=\"https:\/\/www.pivovary.info\/?page_id=15719\">Kn\u011b\u017ei\u010dky minipivovar Z\u00e1hora<\/a><br \/>\n<a href=\"https:\/\/www.pivovary.info\/?page_id=53207\">Kobe\u0159ice minipivovar Jelpl<\/a><br \/>\n<a href=\"https:\/\/www.pivovary.info\/?page_id=129190\">Kojet\u00edn minipivovar<\/a><br \/>\n<a href=\"https:\/\/www.pivovary.info\/?page_id=138570\">Kojet\u00edn Pansk\u00fd pivovar<\/a><br \/>\n<a href=\"https:\/\/www.pivovary.info\/?page_id=79006\">Kojet\u00edn M\u011b\u0161\u0165ansk\u00fd pivovar <\/a><br \/>\n<a href=\"https:\/\/www.pivovary.info\/?page_id=76360\">Kokory pivovar<\/a><br \/>\n<a href=\"https:\/\/www.pivovary.info\/?page_id=80320\">Kole\u0161ovice pivovar<\/a><br \/>\n<a href=\"https:\/\/www.pivovary.info\/?page_id=120972\">Kol\u00edn M\u011b\u0161\u0165ansk\u00fd pivovar<\/a><br \/>\n<a href=\"https:\/\/www.pivovary.info\/?page_id=63958\">Kol\u00edn minipivovar Pr\u00e1deln\u00edk<\/a><br \/>\n<a href=\"https:\/\/www.pivovary.info\/?page_id=68870\">Kol\u00edn Z\u00e1meck\u00fd pivovar<\/a><br \/>\n<a href=\"https:\/\/www.pivovary.info\/?page_id=120529\">Kol\u00ednec pivovar<\/a><br \/>\n<a href=\"https:\/\/www.pivovary.info\/?page_id=48320\">Kolod\u011bje nad Lu\u017enic\u00ed Pansk\u00fd pivovar<\/a><br \/>\n<a href=\"https:\/\/www.pivovary.info\/?page_id=80338\">Komorn\u00ed Hr\u00e1dek pivovar<\/a><br \/>\n<a href=\"https:\/\/www.pivovary.info\/?page_id=121362\">Konojedy pivovar<\/a><br \/>\n<a href=\"https:\/\/www.pivovary.info\/?page_id=72384\">Konopi\u0161t\u011b pivovar<\/a><br \/>\n<a href=\"https:\/\/www.pivovary.info\/?page_id=86977\">Kop\u0159ivn\u00e1 pivovar<\/a><br \/>\n<a href=\"https:\/\/www.pivovary.info\/?page_id=16327\">Kop\u0159ivnice minipivovar Polivar<\/a><br \/>\n<a href=\"https:\/\/www.pivovary.info\/?page_id=94596\">Kop\u0159ivnice minipivovar Van\u011bk<\/a><br \/>\n<a href=\"https:\/\/www.pivovary.info\/?page_id=77544\">Kory\u010dany pivovar<\/a><br \/>\n<a href=\"https:\/\/www.pivovary.info\/?page_id=77771\">Kosmonosy pivovar<\/a><br \/>\n<a href=\"https:\/\/www.pivovary.info\/?page_id=80346\">Koso\u0159 pivovar<\/a><br \/>\n<a href=\"https:\/\/www.pivovary.info\/?page_id=77779\">Kosova Hora pivovar<\/a><br \/>\n<a href=\"https:\/\/www.pivovary.info\/?page_id=79016\">Kost pivovar<\/a><br \/>\n<a href=\"https:\/\/www.pivovary.info\/?page_id=143816\">Kostelec na Han\u00e9 minipivovar Castellum<\/a><br \/>\n<a href=\"https:\/\/www.pivovary.info\/?page_id=55095\">Kostelec nad \u010cern\u00fdmi Lesy minipivovar \u0160najdr<\/a><br \/>\n<a href=\"https:\/\/www.pivovary.info\/?page_id=75894\">Kostelec nad \u010cern\u00fdmi Lesy pivovar<\/a><br \/>\n<a href=\"https:\/\/www.pivovary.info\/?page_id=73496\">Kostelec nad Labem pivovar<\/a><br \/>\n<a href=\"https:\/\/www.pivovary.info\/?page_id=12038\">Kostelec nad Oh\u0159\u00ed minipivovar Dv\u016fr Perlov\u00e1 voda<\/a><br \/>\n<a href=\"https:\/\/www.pivovary.info\/?page_id=61422\">Kostelec nad Orlic\u00ed M\u011b\u0161\u0165ansk\u00fd pivovar<\/a><br \/>\n<a href=\"https:\/\/www.pivovary.info\/?page_id=121370\">Kostomlaty pod Mile\u0161ovkou pivovar<\/a><br \/>\n<a href=\"https:\/\/www.pivovary.info\/?page_id=67198\">Ko\u0161umberk pivovar<\/a><br \/>\n<a href=\"https:\/\/www.pivovary.info\/?page_id=38369\">Kounice minipivovar<\/a><br \/>\n<a href=\"https:\/\/www.pivovary.info\/?page_id=54944\">Kounice minipivovar Lis\u00fd d\u011bdek<\/a><br \/>\n<a href=\"https:\/\/www.pivovary.info\/?page_id=131700\">Kounice pivovar<\/a><br \/>\n<a href=\"https:\/\/www.pivovary.info\/?page_id=76371\">Kou\u0159im pivovar<\/a><br \/>\n<a href=\"https:\/\/www.pivovary.info\/?page_id=35782\">Kout na \u0160umav\u011b pivovar<\/a><br \/>\n<a href=\"https:\/\/www.pivovary.info\/?page_id=29405\">Kov\u00e1lovice minipivovar Husar<\/a><br \/>\n<a href=\"https:\/\/www.pivovary.info\/?page_id=55655\">Kovanice pivovar<\/a><br \/>\n<a href=\"https:\/\/www.pivovary.info\/?page_id=64657\">Kov\u00e1\u0159ov minipivovar Bajer<\/a><br \/>\n<a href=\"https:\/\/www.pivovary.info\/?page_id=60503\">Ko\u017elany pivovar<\/a><br \/>\n<a href=\"https:\/\/www.pivovary.info\/?page_id=29420\">Kozlovice Vala\u0161sk\u00fd minipivovar<\/a><br \/>\n<a href=\"https:\/\/www.pivovary.info\/?page_id=21266\">Kozojedy minipivovar<\/a><br \/>\n<a href=\"https:\/\/www.pivovary.info\/?page_id=58897\">Kozolupy pivovar<\/a><br \/>\n<a href=\"https:\/\/www.pivovary.info\/?page_id=168219\">Ko\u017el\u00ed minipivovar Orl\u00edk<\/a><br \/>\n<a href=\"https:\/\/www.pivovary.info\/?page_id=99152\">Kr\u00e1l\u00edky M\u011b\u0161\u0165ansk\u00fd pivovar<\/a><br \/>\n<a href=\"https:\/\/www.pivovary.info\/?page_id=99177\">Kr\u00e1l\u00edky Pansk\u00e9ho pivovar<\/a><br \/>\n<a href=\"https:\/\/www.pivovary.info\/?page_id=60458\">Kralovice pivovar<\/a><br \/>\n<a href=\"https:\/\/www.pivovary.info\/?page_id=15706\">Kralupy nad Vltavou pivovar<\/a><br \/>\n<a href=\"https:\/\/www.pivovary.info\/?page_id=75390\">Kras\u00edkov pivovar<\/a><br \/>\n<a href=\"https:\/\/www.pivovary.info\/?page_id=130578\">Kraslice Hrab\u011bc\u00ed pivovar<\/a><br \/>\n<a href=\"https:\/\/www.pivovary.info\/?page_id=89326\">Kraslice Obecn\u00ed pivovar<\/a><br \/>\n<a href=\"https:\/\/www.pivovary.info\/?page_id=141267\">Kr\u00e1sn\u00e1 L\u00edpa pivovar<\/a><br \/>\n<a href=\"https:\/\/www.pivovary.info\/?page_id=25801\">Kr\u00e1sn\u00e1 L\u00edpa pivovar Falken\u0161tejn<\/a><br \/>\n<a href=\"https:\/\/www.pivovary.info\/?page_id=80352\">Kr\u00e1sn\u00fd Les pivovar<\/a><br \/>\n<a href=\"https:\/\/www.pivovary.info\/?page_id=61064\">Kra\u0161ovice pivovar<\/a><br \/>\n<a href=\"https:\/\/www.pivovary.info\/?page_id=80278\">Krava\u0159e pivovar<\/a><br \/>\n<a href=\"https:\/\/www.pivovary.info\/?page_id=141207\">Kravsko pivovar<\/a><br \/>\n<a href=\"https:\/\/www.pivovary.info\/?page_id=105302\">K\u0159et\u00edn pivovar<\/a><br \/>\n<a href=\"https:\/\/www.pivovary.info\/?page_id=63702\">K\u0159ivokl\u00e1t pivovar<\/a><br \/>\n<a href=\"https:\/\/www.pivovary.info\/?page_id=78626\">K\u0159i\u017eanov pivovar<\/a><br \/>\n<a href=\"https:\/\/www.pivovary.info\/?page_id=154034\">Krhov\u00e1 minipivovar Breimis<\/a><br \/>\n<a href=\"https:\/\/www.pivovary.info\/?page_id=30106\">Krmel\u00edn minipivovar<\/a><br \/>\n<a href=\"https:\/\/www.pivovary.info\/?page_id=143535\">Krnov minipivovaru Arogant<\/a><br \/>\n<a href=\"https:\/\/www.pivovary.info\/?page_id=7891\">Krnov minipivovar Nachmelen\u00e1 opice<\/a><br \/>\n<a href=\"https:\/\/www.pivovary.info\/?page_id=77552\">Krnov pivovar<\/a><br \/>\n<a href=\"https:\/\/www.pivovary.info\/?page_id=22491\">Krom\u011b\u0159\u00ed\u017e 1. selsk\u00fd minipivovar<\/a><br \/>\n<a href=\"https:\/\/www.pivovary.info\/?page_id=59886\">Krom\u011b\u0159\u00ed\u017e Arcibiskupsk\u00fd pivovar<\/a><br \/>\n<a href=\"https:\/\/www.pivovary.info\/?page_id=28652\">Krom\u011b\u0159\u00ed\u017e minipivovar \u010cern\u00fd orel<\/a><br \/>\n<a href=\"https:\/\/www.pivovary.info\/?page_id=22631\">Krom\u011b\u0159\u00ed\u017e minipivovar Maxmilian<\/a><br \/>\n<a href=\"https:\/\/www.pivovary.info\/?page_id=76001\">Krom\u011b\u0159\u00ed\u017e M\u011b\u0161\u0165ansk\u00fd pivovar <\/a><br \/>\n<a href=\"https:\/\/www.pivovary.info\/?page_id=99331\">Krsy pivovar<\/a><br \/>\n<a href=\"https:\/\/www.pivovary.info\/?page_id=80360\">Krucemburk pivovar<\/a><br \/>\n<a href=\"https:\/\/www.pivovary.info\/?page_id=80050\">Krukanice Z\u00e1meck\u00fd pivovar<\/a><br \/>\n<a href=\"https:\/\/www.pivovary.info\/?page_id=76381\">Krupka pivovar<\/a><br \/>\n<a href=\"https:\/\/www.pivovary.info\/?page_id=75909\">Kru\u0161ovice pivovar<\/a><br \/>\n<a href=\"https:\/\/www.pivovary.info\/?page_id=121966\">Kryry pivovar<\/a><br \/>\n<a href=\"https:\/\/www.pivovary.info\/?page_id=20373\">Kun\u010dice pod Ond\u0159en\u00edkem minipivovar Ogar<\/a><br \/>\n<a href=\"https:\/\/www.pivovary.info\/?page_id=69963\">Kun\u00edn pivovar<\/a><br \/>\n<a href=\"https:\/\/www.pivovary.info\/?page_id=86446\">Kunovice minipivovar Rotor<\/a><br \/>\n<a href=\"https:\/\/www.pivovary.info\/?page_id=76424\">Kun\u0161t\u00e1t pivovar<\/a><br \/>\n<a href=\"https:\/\/www.pivovary.info\/?page_id=77565\">Ku\u0159\u00ed pivovar<\/a><br \/>\n<a href=\"https:\/\/www.pivovary.info\/?page_id=108683\">Ku\u0159im pivovar<\/a><br \/>\n<a href=\"https:\/\/www.pivovary.info\/?page_id=23060\">Kutn\u00e1 Hora M\u011b\u0161\u0165ansk\u00fd minipivovar<\/a><br \/>\n<a href=\"https:\/\/www.pivovary.info\/?page_id=75948\">Kutn\u00e1 Hora pivovar Lorec<\/a><br \/>\n<a href=\"https:\/\/www.pivovary.info\/?page_id=76453\">Kutn\u00e1 Hora-Sedlec pivovar<\/a><br \/>\n<a href=\"https:\/\/www.pivovary.info\/?page_id=185207\">Kvasice minipivovar Dobr\u00e1 K\u00e1ra<\/a><br \/>\n<a href=\"https:\/\/www.pivovary.info\/?page_id=76438\">Kvasiny pivovar<\/a><br \/>\n<a href=\"https:\/\/www.pivovary.info\/?page_id=31729\">Kvilda minipivovar<\/a><br \/>\n<a href=\"https:\/\/www.pivovary.info\/?page_id=14175\">Kyjov Akciov\u00fd pivovar<\/a><br \/>\n<a href=\"https:\/\/www.pivovary.info\/?page_id=20013\">Kyjov minipivovar<\/a><br \/>\n<a href=\"https:\/\/www.pivovary.info\/?page_id=141275\">Kyjovice pivovar<\/a><br \/>\n<a href=\"https:\/\/www.pivovary.info\/?page_id=29178\">Kyn\u0161perk nad Oh\u0159\u00ed minipivovar<\/a><br \/>\n<a href=\"https:\/\/www.pivovary.info\/?page_id=80367\">Kyn\u0161perk nad Oh\u0159\u00ed pivovar<\/a><br \/>\n<a href=\"https:\/\/www.pivovary.info\/?page_id=26670\">Ky\u0161ice minipivovar Pod L\u00edpou<\/a><br \/>\n<a href=\"https:\/\/www.pivovary.info\/?page_id=20549\">Kyt\u00edn minipivovar<\/a><br \/>\n<a href=\"https:\/\/www.pivovary.info\/?page_id=6461\">Kytlice minipivovar Helene<\/a><br \/>\n<a href=\"https:\/\/www.pivovary.info\/?page_id=80450\">Kytlice pivovar<\/a><\/p>\n","protected":false},"excerpt":{"rendered":"<p>K\u00e1cov minipivovar Hubertus Kada\u0148 Kl\u00e1\u0161tern\u00ed pivovar Kada\u0148 M\u011b\u0161\u0165ansk\u00fd pivovar K\u00e1men pivovar Kamenice nad Lipou pivovar Kamenice u Jihlavy minipivovar Kamenn\u00fd \u00dajezd minipivovar Lou\u017eek Kam\u00fdk nad Vltavou malopivovar Hunec Kam\u00fdk nad Vltavou pivovar Kaplice Hrab\u011bc\u00ed&#46;&#46;&#46;<\/p>\n","protected":false},"author":1,"featured_media":25387,"parent":6458,"menu_order":0,"comment_status":"open","ping_status":"closed","template":"","meta":{"ngg_post_thumbnail":0,"footnotes":""},"class_list":["post-47398","page","type-page","status-publish","has-post-thumbnail","hentry"],"_links":{"self":[{"href":"https:\/\/www.pivovary.info\/index.php?rest_route=\/wp\/v2\/pages\/47398","targetHints":{"allow":["GET"]}}],"collection":[{"href":"https:\/\/www.pivovary.info\/index.php?rest_route=\/wp\/v2\/pages"}],"about":[{"href":"https:\/\/www.pivovary.info\/index.php?rest_route=\/wp\/v2\/types\/page"}],"author":[{"embeddable":true,"href":"https:\/\/www.pivovary.info\/index.php?rest_route=\/wp\/v2\/users\/1"}],"replies":[{"embeddable":true,"href":"https:\/\/www.pivovary.info\/index.php?rest_route=%2Fwp%2Fv2%2Fcomments&post=47398"}],"version-history":[{"count":0,"href":"https:\/\/www.pivovary.info\/index.php?rest_route=\/wp\/v2\/pages\/47398\/revisions"}],"up":[{"embeddable":true,"href":"https:\/\/www.pivovary.info\/index.php?rest_route=\/wp\/v2\/pages\/6458"}],"wp:featuredmedia":[{"embeddable":true,"href":"https:\/\/www.pivovary.info\/index.php?rest_route=\/wp\/v2\/media\/25387"}],"wp:attachment":[{"href":"https:\/\/www.pivovary.info\/index.php?rest_route=%2Fwp%2Fv2%2Fmedia&parent=47398"}],"curies":[{"name":"wp","href":"https:\/\/api.w.org\/{rel}","templated":true}]}}