{"id":47402,"date":"2018-08-13T12:32:04","date_gmt":"2018-08-13T10:32:04","guid":{"rendered":"http:\/\/www.zpravy.pivovary.info\/?page_id=47402"},"modified":"2026-03-26T13:13:47","modified_gmt":"2026-03-26T12:13:47","slug":"fotoalbum-pivovaru-11","status":"publish","type":"page","link":"https:\/\/www.pivovary.info\/?page_id=47402","title":{"rendered":"L fotoalbum pivovar\u016f"},"content":{"rendered":"<p><a href=\"https:\/\/www.pivovary.info\/?page_id=21506\">Lan\u0161kroun Kn\u00ed\u017eec\u00ed pivovar<\/a><br \/>\n<a href=\"https:\/\/www.pivovary.info\/?page_id=21508\">Lan\u0161kroun M\u011b\u0161\u0165ansk\u00fd pivovar<\/a><br \/>\n<a href=\"https:\/\/www.pivovary.info\/?page_id=79123\">L\u00e1zn\u011b Bohdane\u010d pivovar<\/a><br \/>\n<a href=\"https:\/\/www.pivovary.info\/?page_id=81497\">L\u00e1zn\u011b Kyn\u017evart Z\u00e1meck\u00fd pivovar <\/a><br \/>\n<a href=\"https:\/\/www.pivovary.info\/?page_id=15651\">Lazny pidipivov\u00e1rek U Puji\u010de<\/a><br \/>\n<a href=\"https:\/\/www.pivovary.info\/?page_id=84927\">Ledce minipivovar Ovipist\u00e1n<\/a><br \/>\n<a href=\"https:\/\/www.pivovary.info\/?page_id=111835\">Lede\u010d nad S\u00e1zavou minipivovar \u0160ep\u0165\u00e1k<\/a><br \/>\n<a href=\"https:\/\/www.pivovary.info\/?page_id=52296\">Lede\u010d nad S\u00e1zavou Pansk\u00fd pivovar<\/a><br \/>\n<a href=\"https:\/\/www.pivovary.info\/?page_id=128066\">Lednice minipivovar<\/a><br \/>\n<a href=\"https:\/\/www.pivovary.info\/?page_id=52242\">Lemberk Z\u00e1meck\u00fd pivovar<\/a><br \/>\n<a href=\"https:\/\/www.pivovary.info\/?page_id=28598\">Leskovec minipivovar Slezan<\/a><br \/>\n<a href=\"https:\/\/www.pivovary.info\/?page_id=78940\">Lesonice pivovar<\/a><br \/>\n<a href=\"https:\/\/www.pivovary.info\/?page_id=31423\">Letiny minipivovar<\/a><br \/>\n<a href=\"https:\/\/www.pivovary.info\/?page_id=52204\">Letohrad pivovar<\/a><br \/>\n<a href=\"https:\/\/www.pivovary.info\/?page_id=52271\">Letovice Z\u00e1meck\u00fd pivovar<\/a><br \/>\n<a href=\"https:\/\/www.pivovary.info\/?page_id=2111\">Lety u Dob\u0159ichovic minipivovar MMX<\/a><br \/>\n<a href=\"https:\/\/www.pivovary.info\/?page_id=78657\">Le\u017eky pivovar<\/a><br \/>\n<a href=\"https:\/\/www.pivovary.info\/?page_id=45508\">Lhota pod Kos\u00ed\u0159em minipivovar Kos\u00ed\u0159<\/a><br \/>\n<a href=\"https:\/\/www.pivovary.info\/?page_id=41992\">Lib\u00e1\u0148 minipivovar \u010cty\u0159i l\u00edpy<\/a><br \/>\n<a href=\"https:\/\/www.pivovary.info\/?page_id=69519\">Lib\u010deves pivovar<\/a><br \/>\n<a href=\"https:\/\/www.pivovary.info\/?page_id=84810\">Lib\u011bchov pivovar<\/a><br \/>\n<a href=\"https:\/\/www.pivovary.info\/?page_id=37937\">Liberec minipivovar Hroch<\/a><br \/>\n<a href=\"https:\/\/www.pivovary.info\/?page_id=31774\">Liberec minipivovar Stud\u00e1nka<\/a><br \/>\n<a href=\"https:\/\/www.pivovary.info\/?page_id=70814\">Liberec minipivovar U Vozk\u016f<\/a><br \/>\n<a href=\"https:\/\/www.pivovary.info\/?page_id=54484\">Liberec minipivovar Vendel\u00edn<\/a><br \/>\n<a href=\"https:\/\/www.pivovary.info\/?page_id=42897\">Liberec minipivovar Warenhouse<\/a><br \/>\n<a href=\"https:\/\/www.pivovary.info\/?page_id=52106\">Lib\u011b\u0161ice pivovar<\/a><br \/>\n<a href=\"https:\/\/www.pivovary.info\/?page_id=120104\">Libice nad Doubravou pivovar<\/a><br \/>\n<a href=\"https:\/\/www.pivovary.info\/?page_id=85281\">Libkova Voda pivovar<\/a><br \/>\n<a href=\"https:\/\/www.pivovary.info\/?page_id=52126\">Libo\u010dany pivovar<\/a><br \/>\n<a href=\"https:\/\/www.pivovary.info\/?page_id=52310\">Libochovany pivovar<\/a><br \/>\n<a href=\"https:\/\/www.pivovary.info\/?page_id=73098\">Libochovice pivovar<\/a><br \/>\n<a href=\"https:\/\/www.pivovary.info\/?page_id=99484\">Lib\u0161tejn Hradn\u00ed pivovar<\/a><br \/>\n<a href=\"https:\/\/www.pivovary.info\/?page_id=85015\">Lipnice nad S\u00e1zavou pivovar<\/a><br \/>\n<a href=\"https:\/\/www.pivovary.info\/?page_id=20488\">Lipn\u00edk nad Be\u010dvou Novodvorsk\u00fd minipivovar<\/a><br \/>\n<a href=\"https:\/\/www.pivovary.info\/?page_id=87241\">Lipn\u00edk nad Be\u010dvou Pansk\u00fd minipivovaru T\u00fdn<\/a><br \/>\n<a href=\"https:\/\/www.pivovary.info\/?page_id=80058\">Lipn\u00edk nad Be\u010dvou M\u011b\u0161\u0165ansk\u00fd pivovar<\/a><br \/>\n<a href=\"https:\/\/www.pivovary.info\/?page_id=43682\">Lipn\u00edk nad Be\u010dvou minipivovar Svatovar<\/a><br \/>\n<a href=\"https:\/\/www.pivovary.info\/?page_id=63757\">Lipn\u00edk nad Be\u010dvou Rolnick\u00fd pivovar <\/a><br \/>\n<a href=\"https:\/\/www.pivovary.info\/?page_id=120091\">Lipov\u00e1 pivovar<\/a><br \/>\n<a href=\"https:\/\/www.pivovary.info\/?page_id=72120\">L\u00ed\u0161nice pivovar<\/a><br \/>\n<a href=\"https:\/\/www.pivovary.info\/?page_id=120078\">L\u00ed\u0161no pivovar<\/a><br \/>\n<a href=\"https:\/\/www.pivovary.info\/?page_id=85116\">L\u00ed\u0161ov pivovar<\/a><br \/>\n<a href=\"https:\/\/www.pivovary.info\/?page_id=78963\">L\u00ed\u0161\u0165any pivovar<\/a><br \/>\n<a href=\"https:\/\/www.pivovary.info\/?page_id=71760\">Lite\u0148 pivovar<\/a><br \/>\n<a href=\"https:\/\/www.pivovary.info\/?page_id=20621\">Litom\u011b\u0159ice Biskupsk\u00fd minipivovar U sv. \u0160t\u011bp\u00e1na<\/a><br \/>\n<a href=\"https:\/\/www.pivovary.info\/?page_id=14111\">Litom\u011b\u0159ice Korunn\u00ed pivovar<\/a><br \/>\n<a href=\"https:\/\/www.pivovary.info\/?page_id=52077\">Litom\u011b\u0159ice Labskoz\u00e1meck\u00fd pivovar<\/a><br \/>\n<a href=\"https:\/\/www.pivovary.info\/?page_id=99701\">Litom\u011b\u0159ice minipivovar New Kalich<\/a><br \/>\n<a href=\"https:\/\/www.pivovary.info\/?page_id=32537\">Litom\u011b\u0159ice minipivovar Koliba<\/a><br \/>\n<a href=\"https:\/\/www.pivovary.info\/?page_id=17573\">Litom\u011b\u0159ice minipivovar Labu\u0165<\/a><br \/>\n<a href=\"https:\/\/www.pivovary.info\/?page_id=27073\">Litomy\u0161l minipivovar Veselka<\/a><br \/>\n<a href=\"https:\/\/www.pivovary.info\/?page_id=76317\">Litomy\u0161l M\u011b\u0161\u0165ansk\u00fd pivovar <\/a><br \/>\n<a href=\"https:\/\/www.pivovary.info\/?page_id=64475\">Litomy\u0161l Z\u00e1meck\u00fd pivovar <\/a><br \/>\n<a href=\"https:\/\/www.pivovary.info\/?page_id=61959\">Litovel M\u011b\u0161\u0165ansk\u00fd pivovar<\/a><br \/>\n<a href=\"https:\/\/www.pivovary.info\/?page_id=74833\">Litovel Rolnick\u00fd pivovar <\/a><br \/>\n<a href=\"https:\/\/www.pivovary.info\/?page_id=70623\">Litv\u00ednov-Horn\u00ed pivovar <\/a><br \/>\n<a href=\"https:\/\/www.pivovary.info\/?page_id=77070\">Ln\u00e1\u0159e Z\u00e1meck\u00fd pivovar <\/a><br \/>\n<a href=\"https:\/\/www.pivovary.info\/?page_id=1518\">Lobe\u010d Parostrojn\u00ed minipivovar<\/a><br \/>\n<a href=\"https:\/\/www.pivovary.info\/?page_id=64720\">Lobkovice pivovar<\/a><br \/>\n<a href=\"https:\/\/www.pivovary.info\/?page_id=73119\">Lochovice Z\u00e1meck\u00fd pivovar <\/a><br \/>\n<a href=\"https:\/\/www.pivovary.info\/?page_id=64706\">Loket M\u011b\u0161\u0165ansk\u00fd pivovar<\/a><br \/>\n<a href=\"https:\/\/www.pivovary.info\/?page_id=15204\">Loket minipivovar Sv.Flori\u00e1n<\/a><br \/>\n<a href=\"https:\/\/www.pivovary.info\/?page_id=33090\">Lomnice minipivovar Genius noci<\/a><br \/>\n<a href=\"https:\/\/www.pivovary.info\/?page_id=80189\">Lomnice nad Lu\u017enic\u00ed M\u011b\u0161\u0165ansk\u00fd pivovar<\/a><br \/>\n<a href=\"https:\/\/www.pivovary.info\/?page_id=131806\">Lomnice nad Lu\u017enic\u00ed Pansk\u00fd pivovar<\/a><br \/>\n<a href=\"https:\/\/www.pivovary.info\/?page_id=58590\">Lomnice nad Popelkou minipivovar<\/a><br \/>\n<a href=\"https:\/\/www.pivovary.info\/?page_id=64489\">Lomnice nad Popelkou pivovar<\/a><br \/>\n<a href=\"https:\/\/www.pivovary.info\/?page_id=77094\">Lomnice u Ti\u0161nova pivovar<\/a><br \/>\n<a href=\"https:\/\/www.pivovary.info\/?page_id=85183\">Lo\u0161\u00e1nky pivovar<\/a><br \/>\n<a href=\"https:\/\/www.pivovary.info\/?page_id=67093\">Lo\u0161tice pivovar<\/a><br \/>\n<a href=\"https:\/\/www.pivovary.info\/?page_id=85193\">Lou\u010de\u0148 pivovar<\/a><br \/>\n<a href=\"https:\/\/www.pivovary.info\/?page_id=61707\">Lou\u010dka u Nov\u00e9ho Ji\u010d\u00edna pivovar<\/a><br \/>\n<a href=\"https:\/\/www.pivovary.info\/?page_id=129628\">Lou\u010dky minipivovar Fousek<\/a><br \/>\n<a href=\"https:\/\/www.pivovary.info\/?page_id=40101\">Lou\u010dn\u00e1 nad Desnou minipivovar<\/a><br \/>\n<a href=\"https:\/\/www.pivovary.info\/?page_id=81135\">Lou\u010dn\u00e1 nad Desnou pivovar<\/a><br \/>\n<a href=\"https:\/\/www.pivovary.info\/?page_id=86891\">Louka nad Veli\u010dkou minipivovar<\/a><br \/>\n<a href=\"https:\/\/www.pivovary.info\/?page_id=60697\">Lou\u0148ovice pod Blan\u00edkem minipivovar \u0160p\u00e1cal<\/a><br \/>\n<a href=\"https:\/\/www.pivovary.info\/?page_id=52258\">Lou\u0148ovice pod Blan\u00edkem Pansk\u00fd pivovar<\/a><br \/>\n<a href=\"https:\/\/www.pivovary.info\/?page_id=73521\">Louny M\u011b\u0161\u0165ansk\u00fd pivovar<\/a><br \/>\n<a href=\"https:\/\/www.pivovary.info\/?page_id=28124\">Louny minipivovar Domov<\/a><br \/>\n<a href=\"https:\/\/www.pivovary.info\/?page_id=32486\">Louny minipivovar ZLoun<\/a><br \/>\n<a href=\"https:\/\/www.pivovary.info\/?page_id=73514\">Louny pivovar<\/a><br \/>\n<a href=\"https:\/\/www.pivovary.info\/?page_id=23884\">Louny Zichoveck\u00fd pivovar<\/a><br \/>\n<a href=\"https:\/\/www.pivovary.info\/?page_id=73976\">Lovosice pivovar<\/a><br \/>\n<a href=\"https:\/\/www.pivovary.info\/?page_id=35533\">Lu\u010dn\u00ed bouda minipivovar<\/a><br \/>\n<a href=\"https:\/\/www.pivovary.info\/?page_id=193145\">Lu\u010dn\u00ed Chvojno pivovar<\/a><br \/>\n<a href=\"https:\/\/www.pivovary.info\/?page_id=106570\">Luha\u010dovice L\u00e1ze\u0148sk\u00fd minipivovar<\/a><br \/>\n<a href=\"https:\/\/www.pivovary.info\/?page_id=91023\">Luka pivovar<\/a><br \/>\n<a href=\"https:\/\/www.pivovary.info\/?page_id=105582\">Luka nad Jihlavou pivovar<\/a><br \/>\n<a href=\"https:\/\/www.pivovary.info\/?page_id=61983\">Lukavec pivovar<\/a><br \/>\n<a href=\"https:\/\/www.pivovary.info\/?page_id=77107\">Lukov pivovar<\/a><br \/>\n<a href=\"https:\/\/www.pivovary.info\/?page_id=196075\">Lys\u00e1 nad Labem minipivovar Nechan<\/a><br \/>\n<a href=\"https:\/\/www.pivovary.info\/?page_id=66168\">Lys\u00e1 nad Labem pivovar<\/a><\/p>\n","protected":false},"excerpt":{"rendered":"<p>Lan\u0161kroun Kn\u00ed\u017eec\u00ed pivovar Lan\u0161kroun M\u011b\u0161\u0165ansk\u00fd pivovar L\u00e1zn\u011b Bohdane\u010d pivovar L\u00e1zn\u011b Kyn\u017evart Z\u00e1meck\u00fd pivovar Lazny pidipivov\u00e1rek U Puji\u010de Ledce minipivovar Ovipist\u00e1n Lede\u010d nad S\u00e1zavou minipivovar \u0160ep\u0165\u00e1k Lede\u010d nad S\u00e1zavou Pansk\u00fd pivovar Lednice minipivovar Lemberk Z\u00e1meck\u00fd&#46;&#46;&#46;<\/p>\n","protected":false},"author":1,"featured_media":34802,"parent":6458,"menu_order":0,"comment_status":"open","ping_status":"closed","template":"","meta":{"ngg_post_thumbnail":0,"footnotes":""},"class_list":["post-47402","page","type-page","status-publish","has-post-thumbnail","hentry"],"_links":{"self":[{"href":"https:\/\/www.pivovary.info\/index.php?rest_route=\/wp\/v2\/pages\/47402","targetHints":{"allow":["GET"]}}],"collection":[{"href":"https:\/\/www.pivovary.info\/index.php?rest_route=\/wp\/v2\/pages"}],"about":[{"href":"https:\/\/www.pivovary.info\/index.php?rest_route=\/wp\/v2\/types\/page"}],"author":[{"embeddable":true,"href":"https:\/\/www.pivovary.info\/index.php?rest_route=\/wp\/v2\/users\/1"}],"replies":[{"embeddable":true,"href":"https:\/\/www.pivovary.info\/index.php?rest_route=%2Fwp%2Fv2%2Fcomments&post=47402"}],"version-history":[{"count":0,"href":"https:\/\/www.pivovary.info\/index.php?rest_route=\/wp\/v2\/pages\/47402\/revisions"}],"up":[{"embeddable":true,"href":"https:\/\/www.pivovary.info\/index.php?rest_route=\/wp\/v2\/pages\/6458"}],"wp:featuredmedia":[{"embeddable":true,"href":"https:\/\/www.pivovary.info\/index.php?rest_route=\/wp\/v2\/media\/34802"}],"wp:attachment":[{"href":"https:\/\/www.pivovary.info\/index.php?rest_route=%2Fwp%2Fv2%2Fmedia&parent=47402"}],"curies":[{"name":"wp","href":"https:\/\/api.w.org\/{rel}","templated":true}]}}