{"id":47410,"date":"2018-08-13T13:19:08","date_gmt":"2018-08-13T11:19:08","guid":{"rendered":"http:\/\/www.zpravy.pivovary.info\/?page_id=47410"},"modified":"2024-01-10T13:35:49","modified_gmt":"2024-01-10T12:35:49","slug":"fotoalbum-pivovaru-3-2-2","status":"publish","type":"page","link":"https:\/\/www.pivovary.info\/?page_id=47410","title":{"rendered":"U fotoalbum pivovar\u016f"},"content":{"rendered":"<p><a href=\"https:\/\/www.pivovary.info\/?page_id=75662\">\u00dadol\u00ed u Nov\u00fdch Hrad\u016f fotoalbum pivovaru<\/a><br \/>\n<a href=\"https:\/\/www.pivovary.info\/?page_id=105683\">Uher\u010dice fotoalbum pivovaru<\/a><br \/>\n<a href=\"https:\/\/www.pivovary.info\/?page_id=53050\">Uhersk\u00e9 Hradi\u0161t\u011b fotoalbum M\u011b\u0161\u0165ansk\u00e9ho pivovaru<\/a><br \/>\n<a href=\"https:\/\/www.pivovary.info\/?page_id=128525\">Uhersk\u00e9 Hradi\u0161t\u011b fotoalbum minipivovaru Orlovna<\/a><br \/>\n<a href=\"https:\/\/www.pivovary.info\/?page_id=72045\">Uhersko fotoalbum pivovaru<\/a><br \/>\n<a href=\"https:\/\/www.pivovary.info\/?page_id=94468\">Uhersk\u00fd Brod fotoalbum minipivovaru Balk\u00e1n<\/a><br \/>\n<a href=\"https:\/\/www.pivovary.info\/?page_id=16373\">Uhersk\u00fd Brod fotoalbum pivovaru<\/a><br \/>\n<a href=\"https:\/\/www.pivovary.info\/?page_id=71974\">Uhersk\u00fd Ostroh fotoalbum pivovaru<\/a><br \/>\n<a href=\"https:\/\/www.pivovary.info\/?page_id=78814\">Uh\u0159ice fotoalbum pivovaru<\/a><br \/>\n<a href=\"https:\/\/www.pivovary.info\/?page_id=35653\">Uh\u0159\u00ednovice fotoalbum minipivovaru Ruprenz<\/a><br \/>\n<a href=\"https:\/\/www.pivovary.info\/?page_id=66807\">\u00dajezd Sv. K\u0159\u00ed\u017ee fotoalbum pivovaru<\/a><br \/>\n<a href=\"https:\/\/www.pivovary.info\/?page_id=54536\">Ujkovice fotoalbum minipivovaru<\/a><br \/>\n<a href=\"https:\/\/www.pivovary.info\/?page_id=58882\">\u00dalice fotoalbum pivovaru<\/a><br \/>\n<a href=\"https:\/\/www.pivovary.info\/?page_id=23395\">\u00dananov fotoalbum minipivovaru Dr\u00e1ten\u00edk<\/a><br \/>\n<a href=\"https:\/\/www.pivovary.info\/?page_id=29551\">\u00dan\u011btice fotoalbum pivovaru<\/a><br \/>\n<a href=\"https:\/\/www.pivovary.info\/?page_id=25468\">Unho\u0161\u0165 fotoalbum minipivovaru D\u011bdk\u016fv ml\u00fdn<\/a><br \/>\n<a href=\"https:\/\/www.pivovary.info\/?page_id=117377\">Unho\u0161\u0165 fotoalbum minipivovaru Many Worlds<\/a><br \/>\n<a href=\"https:\/\/www.pivovary.info\/?page_id=77793\">Unho\u0161\u0165 fotoalbum pivovaru M\u011b\u0161\u0165ansk\u00fd<\/a><br \/>\n<a href=\"https:\/\/www.pivovary.info\/?page_id=77802\">Unho\u0161\u0165 fotoalbum pivovaru Urban\u016fv<\/a><br \/>\n<a href=\"https:\/\/www.pivovary.info\/?page_id=75679\">Uni\u010dov fotoalbum pivovaru<\/a><br \/>\n<a href=\"https:\/\/www.pivovary.info\/?page_id=77295\">\u00dapice fotoalbum pivovaru<\/a><br \/>\n<a href=\"https:\/\/www.pivovary.info\/?page_id=68917\">\u00da\u0161t\u011bk fotoalbum pivovaru<\/a><br \/>\n<a href=\"https:\/\/www.pivovary.info\/?page_id=81454\">\u00dast\u00ed nad Labem &#8211; Kr\u00e1sn\u00e9 B\u0159ezno fotoalbum pivovaru<\/a><br \/>\n<a href=\"https:\/\/www.pivovary.info\/?page_id=80228\">\u00dast\u00ed nad Labem \u2013 St\u0159ekov fotoalbum pivovaru<\/a><br \/>\n<a href=\"https:\/\/www.pivovary.info\/?page_id=75615\">\u00dast\u00ed nad Labem \u2013 V\u0161ebo\u0159ice fotoalbum pivovaru<\/a><br \/>\n<a href=\"https:\/\/www.pivovary.info\/?page_id=11377\">\u00dast\u00ed nad Labem fotoalbum minipivovaru Millenium Ne\u0161t\u011bmice<\/a><br \/>\n<a href=\"https:\/\/www.pivovary.info\/?page_id=36288\">\u00dast\u00ed nad Labem fotoalbum minipivovaru Na rycht\u011b<\/a><br \/>\n<a href=\"https:\/\/www.pivovary.info\/?page_id=62238\">\u00dast\u00ed nad Orlic\u00ed \u2013 Hylv\u00e1ty fotoalbum pivovaru<\/a><br \/>\n<a href=\"https:\/\/www.pivovary.info\/?page_id=130850\">\u00dast\u00ed nad Orlic\u00ed-Hylv\u00e1ty fotoalbum minipivovaru<\/a><br \/>\n<a href=\"https:\/\/www.pivovary.info\/?page_id=99345\">\u00dater\u00fd fotoalbum pivovaru<\/a><br \/>\n<a href=\"https:\/\/www.pivovary.info\/?page_id=69217\">\u00davaly fotoalbum minipivovaru Libertas<\/a><\/p>\n <script async src=\"\/\/pagead2.googlesyndication.com\/pagead\/js\/adsbygoogle.js\"><\/script>\r\n<!-- zpravy -->\r\n<ins class=\"adsbygoogle\"\r\n     style=\"display:block\"\r\n     data-ad-client=\"ca-pub-5694300196982120\"\r\n     data-ad-slot=\"3541247592\"\r\n     data-ad-format=\"auto\"><\/ins>\r\n<script>\r\n(adsbygoogle = window.adsbygoogle || []).push({});\r\n<\/script>\n","protected":false},"excerpt":{"rendered":"<p>\u00dadol\u00ed u Nov\u00fdch Hrad\u016f fotoalbum pivovaru Uher\u010dice fotoalbum pivovaru Uhersk\u00e9 Hradi\u0161t\u011b fotoalbum M\u011b\u0161\u0165ansk\u00e9ho pivovaru Uhersk\u00e9 Hradi\u0161t\u011b fotoalbum minipivovaru Orlovna Uhersko fotoalbum pivovaru Uhersk\u00fd Brod fotoalbum minipivovaru Balk\u00e1n Uhersk\u00fd Brod fotoalbum pivovaru Uhersk\u00fd Ostroh fotoalbum&#46;&#46;&#46;<\/p>\n","protected":false},"author":1,"featured_media":47412,"parent":6458,"menu_order":0,"comment_status":"open","ping_status":"closed","template":"","meta":{"ngg_post_thumbnail":0,"footnotes":""},"class_list":["post-47410","page","type-page","status-publish","has-post-thumbnail","hentry"],"_links":{"self":[{"href":"https:\/\/www.pivovary.info\/index.php?rest_route=\/wp\/v2\/pages\/47410","targetHints":{"allow":["GET"]}}],"collection":[{"href":"https:\/\/www.pivovary.info\/index.php?rest_route=\/wp\/v2\/pages"}],"about":[{"href":"https:\/\/www.pivovary.info\/index.php?rest_route=\/wp\/v2\/types\/page"}],"author":[{"embeddable":true,"href":"https:\/\/www.pivovary.info\/index.php?rest_route=\/wp\/v2\/users\/1"}],"replies":[{"embeddable":true,"href":"https:\/\/www.pivovary.info\/index.php?rest_route=%2Fwp%2Fv2%2Fcomments&post=47410"}],"version-history":[{"count":0,"href":"https:\/\/www.pivovary.info\/index.php?rest_route=\/wp\/v2\/pages\/47410\/revisions"}],"up":[{"embeddable":true,"href":"https:\/\/www.pivovary.info\/index.php?rest_route=\/wp\/v2\/pages\/6458"}],"wp:featuredmedia":[{"embeddable":true,"href":"https:\/\/www.pivovary.info\/index.php?rest_route=\/wp\/v2\/media\/47412"}],"wp:attachment":[{"href":"https:\/\/www.pivovary.info\/index.php?rest_route=%2Fwp%2Fv2%2Fmedia&parent=47410"}],"curies":[{"name":"wp","href":"https:\/\/api.w.org\/{rel}","templated":true}]}}