{"id":76625,"date":"2019-11-15T14:19:58","date_gmt":"2019-11-15T13:19:58","guid":{"rendered":"http:\/\/www.zpravy.pivovary.xyz\/?page_id=76625"},"modified":"2023-12-12T12:46:41","modified_gmt":"2023-12-12T11:46:41","slug":"fotoalbum-pivovaru-5-2-2","status":"publish","type":"page","link":"https:\/\/www.pivovary.info\/?page_id=76625","title":{"rendered":"\u0158 fotoalbum pivovar\u016f"},"content":{"rendered":"<p><a href=\"https:\/\/www.pivovary.info\/?page_id=65569\">\u0158ehlovice fotoalbum pivovaru<\/a><br \/>\n<a href=\"https:\/\/www.pivovary.info\/?page_id=65727\">\u0158evnice fotoalbum minipivovaru<\/a><br \/>\n<a href=\"https:\/\/www.pivovary.info\/?page_id=23443\">\u0158evni\u010dov fotoalbum minipivovaru M\u00e1\u0161a<\/a><br \/>\n<a href=\"https:\/\/www.pivovary.info\/?page_id=39011\">\u0158\u00ed\u010dany fotoalbum minipivovaru<\/a><br \/>\n<a href=\"https:\/\/www.pivovary.info\/?page_id=65663\">\u0158\u00ed\u010dany u Brna fotoalbum pivovaru<\/a><\/p>\n <script async src=\"\/\/pagead2.googlesyndication.com\/pagead\/js\/adsbygoogle.js\"><\/script>\r\n<!-- zpravy -->\r\n<ins class=\"adsbygoogle\"\r\n     style=\"display:block\"\r\n     data-ad-client=\"ca-pub-5694300196982120\"\r\n     data-ad-slot=\"3541247592\"\r\n     data-ad-format=\"auto\"><\/ins>\r\n<script>\r\n(adsbygoogle = window.adsbygoogle || []).push({});\r\n<\/script>\n","protected":false},"excerpt":{"rendered":"<p>\u0158ehlovice fotoalbum pivovaru \u0158evnice fotoalbum minipivovaru \u0158evni\u010dov fotoalbum minipivovaru M\u00e1\u0161a \u0158\u00ed\u010dany fotoalbum minipivovaru \u0158\u00ed\u010dany u Brna fotoalbum pivovaru<\/p>\n","protected":false},"author":1,"featured_media":47407,"parent":6458,"menu_order":0,"comment_status":"open","ping_status":"closed","template":"","meta":{"ngg_post_thumbnail":0,"footnotes":""},"class_list":["post-76625","page","type-page","status-publish","has-post-thumbnail","hentry"],"_links":{"self":[{"href":"https:\/\/www.pivovary.info\/index.php?rest_route=\/wp\/v2\/pages\/76625","targetHints":{"allow":["GET"]}}],"collection":[{"href":"https:\/\/www.pivovary.info\/index.php?rest_route=\/wp\/v2\/pages"}],"about":[{"href":"https:\/\/www.pivovary.info\/index.php?rest_route=\/wp\/v2\/types\/page"}],"author":[{"embeddable":true,"href":"https:\/\/www.pivovary.info\/index.php?rest_route=\/wp\/v2\/users\/1"}],"replies":[{"embeddable":true,"href":"https:\/\/www.pivovary.info\/index.php?rest_route=%2Fwp%2Fv2%2Fcomments&post=76625"}],"version-history":[{"count":0,"href":"https:\/\/www.pivovary.info\/index.php?rest_route=\/wp\/v2\/pages\/76625\/revisions"}],"up":[{"embeddable":true,"href":"https:\/\/www.pivovary.info\/index.php?rest_route=\/wp\/v2\/pages\/6458"}],"wp:featuredmedia":[{"embeddable":true,"href":"https:\/\/www.pivovary.info\/index.php?rest_route=\/wp\/v2\/media\/47407"}],"wp:attachment":[{"href":"https:\/\/www.pivovary.info\/index.php?rest_route=%2Fwp%2Fv2%2Fmedia&parent=76625"}],"curies":[{"name":"wp","href":"https:\/\/api.w.org\/{rel}","templated":true}]}}