{"id":76723,"date":"2019-11-18T10:03:02","date_gmt":"2019-11-18T09:03:02","guid":{"rendered":"http:\/\/www.zpravy.pivovary.xyz\/?page_id=76723"},"modified":"2024-01-11T13:05:55","modified_gmt":"2024-01-11T12:05:55","slug":"fotoalbum-pivovaru-3-2-2-2-2-2","status":"publish","type":"page","link":"https:\/\/www.pivovary.info\/?page_id=76723","title":{"rendered":"\u017d fotoalbum pivovar\u016f"},"content":{"rendered":"<p><a href=\"https:\/\/www.pivovary.info\/?page_id=123530\">\u017dacl\u00e9\u0159 fotoalbum pivovaru<\/a><br \/>\n<a href=\"https:\/\/www.pivovary.info\/?page_id=36055\">\u017damberk fotoalbum minipivovaru Letohradsk\u00fd jelen<\/a><br \/>\n<a href=\"https:\/\/www.pivovary.info\/?page_id=31253\">\u017damberk fotoalbum minipivovaru \u017dambereck\u00fd kanec<\/a><br \/>\n<a href=\"https:\/\/www.pivovary.info\/?page_id=8380\">\u017damberk fotoalbum Z\u00e1meck\u00e9ho pivovaru<\/a><br \/>\n<a href=\"https:\/\/www.pivovary.info\/?page_id=52579\">\u017datec fotoalbum minipivovaru Pioneer Beer<\/a><br \/>\n<a href=\"https:\/\/www.pivovary.info\/?page_id=35500\">\u017datec fotoalbum minipivovaru U Orloje<\/a><br \/>\n<a href=\"https:\/\/www.pivovary.info\/?page_id=62363\">\u017datec fotoalbum pivovaru Dreher\u016fv<\/a><br \/>\n<a href=\"https:\/\/www.pivovary.info\/?page_id=75106\">\u017datec fotoalbum pivovaru M\u011b\u0161\u0165ansk\u00fd<\/a><br \/>\n<a href=\"https:\/\/www.pivovary.info\/?page_id=138136\">\u017datec fotoalbum Pokusn\u00e9ho mikropivovaru<\/a><br \/>\n<a href=\"https:\/\/www.pivovary.info\/?page_id=11588\">\u017d\u010f\u00e1r nad S\u00e1zavou fotoalbum minipivovaru Revolta<\/a><br \/>\n<a href=\"https:\/\/www.pivovary.info\/?page_id=77345\">\u017d\u010f\u00e1r nad S\u00e1zavou fotoalbum pivovaru Kl\u00e1\u0161tern\u00ed<\/a><br \/>\n<a href=\"https:\/\/www.pivovary.info\/?page_id=77353\">\u017d\u010f\u00e1r nad S\u00e1zavou fotoalbum pivovaru M\u011b\u0161\u0165ansk\u00fd<\/a><br \/>\n<a href=\"https:\/\/www.pivovary.info\/?page_id=36079\">\u017dd\u00edrec nad Doubravou fotoalbum minipivovaru<\/a><br \/>\n<a href=\"https:\/\/www.pivovary.info\/?page_id=62654\">\u017debr\u00e1k fotoalbum pivovaru<\/a><br \/>\n<a href=\"https:\/\/www.pivovary.info\/?page_id=86534\">\u017dehu\u0161ice fotoalbum pivovaru<\/a><br \/>\n<a href=\"https:\/\/www.pivovary.info\/?page_id=123549\">\u017dele\u010d fotoalbum pivovaru<\/a><br \/>\n<a href=\"https:\/\/www.pivovary.info\/?page_id=77485\">\u017deletava fotoalbum pivovaru nov\u00fd Pansk\u00fd<\/a><br \/>\n<a href=\"https:\/\/www.pivovary.info\/?page_id=77478\">\u017deletava fotoalbum pivovaru star\u00fd Pansk\u00fd<\/a><br \/>\n<a href=\"https:\/\/www.pivovary.info\/?page_id=36120\">\u017delezn\u00e1 Ruda fotoalbum minipivovaru<\/a><br \/>\n<a href=\"https:\/\/www.pivovary.info\/?page_id=81231\">\u017delezn\u00e1 Ruda fotoalbum pivovaru<\/a><br \/>\n<a href=\"https:\/\/www.pivovary.info\/?page_id=14891\">\u017deliv fotoalbum Kl\u00e1\u0161tern\u00edho minipivovaru<\/a><br \/>\n<a href=\"https:\/\/www.pivovary.info\/?page_id=35191\">\u017denklava fotoalbum minipivovaru Zenke<\/a><br \/>\n<a href=\"https:\/\/www.pivovary.info\/?page_id=82873\">\u017derot\u00edn fotoalbum Pidipivovaru Pod Kalousem<\/a><br \/>\n<a href=\"https:\/\/www.pivovary.info\/?page_id=79022\">\u017dichovice fotoalbum pivovaru<\/a><br \/>\n<a href=\"https:\/\/www.pivovary.info\/?page_id=77826\">\u017didlochovice fotoalbum pivovaru<\/a><br \/>\n<a href=\"https:\/\/www.pivovary.info\/?page_id=13634\">\u017didovice fotoalbum minipivovaru P\u00e1n\u016f z R\u016f\u017ee<\/a><br \/>\n<a href=\"https:\/\/www.pivovary.info\/?page_id=69954\">\u017dilina u Nov\u00e9ho Ji\u010d\u00edna fotoalbum pivovaru<\/a><br \/>\n<a href=\"https:\/\/www.pivovary.info\/?page_id=79034\">\u017dinkovy fotoalbum pivovaru<\/a><br \/>\n<a href=\"https:\/\/www.pivovary.info\/?page_id=79042\">\u017d\u00edrec fotoalbum pivovaru<\/a><br \/>\n<a href=\"https:\/\/www.pivovary.info\/?page_id=65296\">\u017dirovnice fotoalbum pivovaru<\/a><br \/>\n<a href=\"https:\/\/www.pivovary.info\/?page_id=89304\">\u017ditenice fotoalbum Z\u00e1meck\u00e9ho pivovaru<\/a><br \/>\n<a href=\"https:\/\/www.pivovary.info\/?page_id=35519\">\u017dlebsk\u00e9 Chvalovice fotoalbum minipivovaru<\/a><br \/>\n<a href=\"https:\/\/www.pivovary.info\/?page_id=123539\">\u017dlutice fotoalbum pivovaru<\/a><br \/>\n<a href=\"https:\/\/www.pivovary.info\/?page_id=13506\">\u017dumberk fotoalbum minipivovaru<\/a><\/p>\n <script async src=\"\/\/pagead2.googlesyndication.com\/pagead\/js\/adsbygoogle.js\"><\/script>\r\n<!-- zpravy -->\r\n<ins class=\"adsbygoogle\"\r\n     style=\"display:block\"\r\n     data-ad-client=\"ca-pub-5694300196982120\"\r\n     data-ad-slot=\"3541247592\"\r\n     data-ad-format=\"auto\"><\/ins>\r\n<script>\r\n(adsbygoogle = window.adsbygoogle || []).push({});\r\n<\/script>\n","protected":false},"excerpt":{"rendered":"<p>\u017dacl\u00e9\u0159 fotoalbum pivovaru \u017damberk fotoalbum minipivovaru Letohradsk\u00fd jelen \u017damberk fotoalbum minipivovaru \u017dambereck\u00fd kanec \u017damberk fotoalbum Z\u00e1meck\u00e9ho pivovaru \u017datec fotoalbum minipivovaru Pioneer Beer \u017datec fotoalbum minipivovaru U Orloje \u017datec fotoalbum pivovaru Dreher\u016fv \u017datec fotoalbum pivovaru&#46;&#46;&#46;<\/p>\n","protected":false},"author":1,"featured_media":25233,"parent":6458,"menu_order":0,"comment_status":"open","ping_status":"closed","template":"","meta":{"ngg_post_thumbnail":0,"footnotes":""},"class_list":["post-76723","page","type-page","status-publish","has-post-thumbnail","hentry"],"_links":{"self":[{"href":"https:\/\/www.pivovary.info\/index.php?rest_route=\/wp\/v2\/pages\/76723","targetHints":{"allow":["GET"]}}],"collection":[{"href":"https:\/\/www.pivovary.info\/index.php?rest_route=\/wp\/v2\/pages"}],"about":[{"href":"https:\/\/www.pivovary.info\/index.php?rest_route=\/wp\/v2\/types\/page"}],"author":[{"embeddable":true,"href":"https:\/\/www.pivovary.info\/index.php?rest_route=\/wp\/v2\/users\/1"}],"replies":[{"embeddable":true,"href":"https:\/\/www.pivovary.info\/index.php?rest_route=%2Fwp%2Fv2%2Fcomments&post=76723"}],"version-history":[{"count":0,"href":"https:\/\/www.pivovary.info\/index.php?rest_route=\/wp\/v2\/pages\/76723\/revisions"}],"up":[{"embeddable":true,"href":"https:\/\/www.pivovary.info\/index.php?rest_route=\/wp\/v2\/pages\/6458"}],"wp:featuredmedia":[{"embeddable":true,"href":"https:\/\/www.pivovary.info\/index.php?rest_route=\/wp\/v2\/media\/25233"}],"wp:attachment":[{"href":"https:\/\/www.pivovary.info\/index.php?rest_route=%2Fwp%2Fv2%2Fmedia&parent=76723"}],"curies":[{"name":"wp","href":"https:\/\/api.w.org\/{rel}","templated":true}]}}