{"id":77306,"date":"2019-11-22T10:15:41","date_gmt":"2019-11-22T09:15:41","guid":{"rendered":"http:\/\/www.zpravy.pivovary.xyz\/?page_id=77306"},"modified":"2022-03-18T18:44:22","modified_gmt":"2022-03-18T17:44:22","slug":"fotoalbum-albrechtickeho-pivovaru-2-17-16-8","status":"publish","type":"page","link":"https:\/\/www.pivovary.info\/?page_id=77306","title":{"rendered":"Velk\u00e1 B\u00edte\u0161 fotoalbum pivovaru"},"content":{"rendered":"ngg_shortcode_0_placeholder\n","protected":false},"excerpt":{"rendered":"","protected":false},"author":1,"featured_media":77308,"parent":47467,"menu_order":0,"comment_status":"closed","ping_status":"closed","template":"","meta":{"ngg_post_thumbnail":19627,"footnotes":""},"class_list":["post-77306","page","type-page","status-publish","has-post-thumbnail","hentry"],"_links":{"self":[{"href":"https:\/\/www.pivovary.info\/index.php?rest_route=\/wp\/v2\/pages\/77306","targetHints":{"allow":["GET"]}}],"collection":[{"href":"https:\/\/www.pivovary.info\/index.php?rest_route=\/wp\/v2\/pages"}],"about":[{"href":"https:\/\/www.pivovary.info\/index.php?rest_route=\/wp\/v2\/types\/page"}],"author":[{"embeddable":true,"href":"https:\/\/www.pivovary.info\/index.php?rest_route=\/wp\/v2\/users\/1"}],"replies":[{"embeddable":true,"href":"https:\/\/www.pivovary.info\/index.php?rest_route=%2Fwp%2Fv2%2Fcomments&post=77306"}],"version-history":[{"count":0,"href":"https:\/\/www.pivovary.info\/index.php?rest_route=\/wp\/v2\/pages\/77306\/revisions"}],"up":[{"embeddable":true,"href":"https:\/\/www.pivovary.info\/index.php?rest_route=\/wp\/v2\/pages\/47467"}],"wp:featuredmedia":[{"embeddable":true,"href":"https:\/\/www.pivovary.info\/index.php?rest_route=\/wp\/v2\/media\/77308"}],"wp:attachment":[{"href":"https:\/\/www.pivovary.info\/index.php?rest_route=%2Fwp%2Fv2%2Fmedia&parent=77306"}],"curies":[{"name":"wp","href":"https:\/\/api.w.org\/{rel}","templated":true}]}}