{"id":87700,"date":"2020-08-07T11:06:14","date_gmt":"2020-08-07T09:06:14","guid":{"rendered":"http:\/\/www.zpravy.pivovary.info\/?page_id=87700"},"modified":"2020-08-07T11:07:29","modified_gmt":"2020-08-07T09:07:29","slug":"fotoalbum-albrechtickeho-pivovaru-3-2-9","status":"publish","type":"page","link":"https:\/\/www.pivovary.info\/?page_id=87700","title":{"rendered":"Prachatice fotoalbum nov\u00e9ho M\u011b\u0161\u0165ansk\u00e9ho pivovaru"},"content":{"rendered":"<p> <script async src=\"\/\/pagead2.googlesyndication.com\/pagead\/js\/adsbygoogle.js\"><\/script>\r\n<!-- zpravy -->\r\n<ins class=\"adsbygoogle\"\r\n     style=\"display:block\"\r\n     data-ad-client=\"ca-pub-5694300196982120\"\r\n     data-ad-slot=\"3541247592\"\r\n     data-ad-format=\"auto\"><\/ins>\r\n<script>\r\n(adsbygoogle = window.adsbygoogle || []).push({});\r\n<\/script><br \/>\nngg_shortcode_0_placeholder<\/p>\n","protected":false},"excerpt":{"rendered":"","protected":false},"author":1,"featured_media":87702,"parent":47190,"menu_order":0,"comment_status":"closed","ping_status":"closed","template":"","meta":{"ngg_post_thumbnail":20433,"footnotes":""},"class_list":["post-87700","page","type-page","status-publish","has-post-thumbnail","hentry"],"_links":{"self":[{"href":"https:\/\/www.pivovary.info\/index.php?rest_route=\/wp\/v2\/pages\/87700","targetHints":{"allow":["GET"]}}],"collection":[{"href":"https:\/\/www.pivovary.info\/index.php?rest_route=\/wp\/v2\/pages"}],"about":[{"href":"https:\/\/www.pivovary.info\/index.php?rest_route=\/wp\/v2\/types\/page"}],"author":[{"embeddable":true,"href":"https:\/\/www.pivovary.info\/index.php?rest_route=\/wp\/v2\/users\/1"}],"replies":[{"embeddable":true,"href":"https:\/\/www.pivovary.info\/index.php?rest_route=%2Fwp%2Fv2%2Fcomments&post=87700"}],"version-history":[{"count":0,"href":"https:\/\/www.pivovary.info\/index.php?rest_route=\/wp\/v2\/pages\/87700\/revisions"}],"up":[{"embeddable":true,"href":"https:\/\/www.pivovary.info\/index.php?rest_route=\/wp\/v2\/pages\/47190"}],"wp:featuredmedia":[{"embeddable":true,"href":"https:\/\/www.pivovary.info\/index.php?rest_route=\/wp\/v2\/media\/87702"}],"wp:attachment":[{"href":"https:\/\/www.pivovary.info\/index.php?rest_route=%2Fwp%2Fv2%2Fmedia&parent=87700"}],"curies":[{"name":"wp","href":"https:\/\/api.w.org\/{rel}","templated":true}]}}