{"id":89915,"date":"2020-10-13T09:17:58","date_gmt":"2020-10-13T07:17:58","guid":{"rendered":"http:\/\/www.zpravy.pivovary.info\/?page_id=89915"},"modified":"2025-01-21T12:25:10","modified_gmt":"2025-01-21T11:25:10","slug":"pivni-videa","status":"publish","type":"page","link":"https:\/\/www.pivovary.info\/?page_id=89915","title":{"rendered":"Pivovarsk\u00e1 videa"},"content":{"rendered":"<p><a href=\"https:\/\/www.pivovary.info\/?page_id=174179\">Historie pivovarnictv\u00ed ve Znojm\u011b \u2013 video<\/a><br \/>\n<a href=\"https:\/\/www.pivovary.info\/?page_id=155113\">N\u00e1vraty pivovarnictv\u00ed Str\u00e1\u017e nad Ne\u017e\u00e1rkou \u2013 video<\/a><br \/>\n<a href=\"https:\/\/www.pivovary.info\/?page_id=131681\">Historick\u00e9 pivovary Doln\u00edho Pos\u00e1zav\u00ed \u2013 video<\/a><br \/>\n<a href=\"https:\/\/www.pivovary.info\/?page_id=132174\">Historick\u00e9 pivovary Mlad\u00e9 Boleslavi \u2013 video<\/a><br \/>\n<a href=\"https:\/\/www.pivovary.info\/?page_id=141411\">Historie a sou\u010dasnost pivovarnictv\u00ed v Lou\u0148ovic\u00edch pod Blan\u00edkem \u2013 video<\/a><br \/>\n<a href=\"https:\/\/www.pivovary.info\/?page_id=135707\">Historie pivovarnictv\u00ed v Beroun\u011b \u2013 video<\/a><br \/>\n<a href=\"https:\/\/www.pivovary.info\/?page_id=141123\">Historie pivovarnictv\u00ed v Ho\u0159ovic\u00edch \u2013 video<\/a><br \/>\n<a href=\"https:\/\/www.pivovary.info\/?page_id=136909\">Historie pivovar\u016f \u017debr\u00e1k a To\u010dn\u00edk \u2013 video<\/a><br \/>\n<a href=\"https:\/\/www.pivovary.info\/?page_id=125136\">M\u011b\u0161\u0165ansk\u00fd pivovar B\u00edlovec \u2013 video<\/a><br \/>\n<a href=\"https:\/\/www.pivovary.info\/?page_id=142022\">M\u011b\u0161\u0165ansk\u00fd pivovar T\u00e1bor \u2013 video<\/a><br \/>\n<a href=\"https:\/\/www.pivovary.info\/?page_id=134670\">Minipivovar Buch\u0165\u00e1k Olomouc \u2013 video<\/a><br \/>\n<a href=\"https:\/\/www.pivovary.info\/?page_id=128566\">Minipivovar eMBe Mlad\u00e1 Boleslav \u2013 video<\/a><br \/>\n<a href=\"https:\/\/www.pivovary.info\/?page_id=127986\">Minipivovar Garage Ostrava \u2013 video<\/a><br \/>\n<a href=\"https:\/\/www.pivovary.info\/?page_id=129998\">Minipivovar Pod Besedou T\u00e1bor \u2013 video<\/a><br \/>\n<a href=\"https:\/\/www.pivovary.info\/?page_id=129542\">Minipivovar \u017d\u00edzniv\u00fd dromed\u00e1r Ostrava \u2013 video<\/a><br \/>\n<a href=\"https:\/\/www.pivovary.info\/?page_id=134029\">Pivovar na K\u0159ivokl\u00e1t\u011b \u2013 video<\/a><br \/>\n<a href=\"https:\/\/www.pivovary.info\/?page_id=123673\">Pivovar Radvanice \u2013 video<\/a><br \/>\n<a href=\"https:\/\/www.pivovary.info\/?page_id=144368\">Pivovarnictv\u00ed v Chocni minulost a sou\u010dasnost \u2013 video<\/a><br \/>\n<a href=\"https:\/\/www.pivovary.info\/?page_id=141016\">Pivovary v Kojet\u00edn\u011b \u2013 minulost a sou\u010dasnost \u2013 video<\/a><br \/>\n<a href=\"https:\/\/www.pivovary.info\/?page_id=130130\">Putov\u00e1n\u00ed po historick\u00fdch pivov\u00e1rc\u00edch Ji\u010d\u00ednska \u2013 video<\/a><br \/>\n<a href=\"https:\/\/www.pivovary.info\/?page_id=127285\">Strassmann\u016fv pivovar Ostrava \u2013 video<\/a><br \/>\n<a href=\"https:\/\/www.pivovary.info\/?page_id=91471\">Wlach\u016fv pivovar \u0160umperk<\/a><br \/>\n<a href=\"https:\/\/www.pivovary.info\/?page_id=89897\">Pivovar Vset\u00edn \u2013 video<\/a><br \/>\n<a href=\"https:\/\/www.pivovary.info\/?page_id=92236\">Z\u00e1meck\u00fd pivovar R\u00e1jec nad Svitavou \u2013 video<\/a><br \/>\n<a href=\"https:\/\/www.pivovary.info\/?page_id=92484\">Minipivovar Hlu\u010d\u00edn \u2013 video<\/a><br \/>\n<a href=\"https:\/\/www.pivovary.info\/?page_id=93531\">Minipivovar Aero Ostrava \u2013 video<\/a><br \/>\n<a href=\"https:\/\/www.pivovary.info\/?page_id=93534\">Akciov\u00fd pivovar Prost\u011bjov \u2013 video<\/a><\/p>\n","protected":false},"excerpt":{"rendered":"<p>Historie pivovarnictv\u00ed ve Znojm\u011b \u2013 video N\u00e1vraty pivovarnictv\u00ed Str\u00e1\u017e nad Ne\u017e\u00e1rkou \u2013 video Historick\u00e9 pivovary Doln\u00edho Pos\u00e1zav\u00ed \u2013 video Historick\u00e9 pivovary Mlad\u00e9 Boleslavi \u2013 video Historie a sou\u010dasnost pivovarnictv\u00ed v Lou\u0148ovic\u00edch pod Blan\u00edkem \u2013&#46;&#46;&#46;<\/p>\n","protected":false},"author":1,"featured_media":0,"parent":0,"menu_order":0,"comment_status":"closed","ping_status":"closed","template":"","meta":{"ngg_post_thumbnail":0,"footnotes":""},"class_list":["post-89915","page","type-page","status-publish","hentry"],"_links":{"self":[{"href":"https:\/\/www.pivovary.info\/index.php?rest_route=\/wp\/v2\/pages\/89915","targetHints":{"allow":["GET"]}}],"collection":[{"href":"https:\/\/www.pivovary.info\/index.php?rest_route=\/wp\/v2\/pages"}],"about":[{"href":"https:\/\/www.pivovary.info\/index.php?rest_route=\/wp\/v2\/types\/page"}],"author":[{"embeddable":true,"href":"https:\/\/www.pivovary.info\/index.php?rest_route=\/wp\/v2\/users\/1"}],"replies":[{"embeddable":true,"href":"https:\/\/www.pivovary.info\/index.php?rest_route=%2Fwp%2Fv2%2Fcomments&post=89915"}],"version-history":[{"count":0,"href":"https:\/\/www.pivovary.info\/index.php?rest_route=\/wp\/v2\/pages\/89915\/revisions"}],"wp:attachment":[{"href":"https:\/\/www.pivovary.info\/index.php?rest_route=%2Fwp%2Fv2%2Fmedia&parent=89915"}],"curies":[{"name":"wp","href":"https:\/\/api.w.org\/{rel}","templated":true}]}}